{"id":214997,"date":"2022-10-20T13:31:43","date_gmt":"2022-10-20T11:31:43","guid":{"rendered":"http:\/\/dev.claret.cat\/producte\/pixelo-robots\/"},"modified":"2024-02-08T13:27:06","modified_gmt":"2024-02-08T12:27:06","slug":"pixelo-robots-9788468331683","status":"publish","type":"product","link":"https:\/\/www.claret.cat\/es\/libro\/pixelo-robots-9788468331683\/","title":{"rendered":"PIXELO: ROBOTS"},"content":{"rendered":"<p>10 escenas para completar con el arte de pixelar.<br \/>\u00a1Una actividad simple y l\u00fadica para desarrollar la concentraci\u00f3n! Podr\u00e1s llevarte tus creaciones a cualquier sitio. \u00a1Hasta colgarlas en la habitaci\u00f3n!<br \/>Descubre el arte de pixelar y convi\u00e9rtete en todo un artista con este libro lleno de propuestas de robots.<\/p>\n<p>Contiene m\u00e1s de 1.000 adhesivos y m\u00e1s de 30 propuestas, una en cada p\u00e1gina, en el que descubrir\u00e1s in?nitas posibilidades, ya sea con los stickers o con tus l\u00e1pices de colores.<\/p>\n","protected":false},"excerpt":{"rendered":"<p>PATRON, LUCILLE<\/p>\n","protected":false},"featured_media":214998,"template":"","meta":{"_acf_changed":false,"om_disable_all_campaigns":false,"rs_blank_template":"","rs_page_bg_color":"","slide_template_v7":"","inline_featured_image":false,"_monsterinsights_skip_tracking":false,"_monsterinsights_sitenote_active":false,"_monsterinsights_sitenote_note":"","_monsterinsights_sitenote_category":0},"product_brand":[],"product_cat":[86,352],"product_tag":[],"class_list":{"0":"post-214997","1":"product","2":"type-product","3":"status-publish","4":"has-post-thumbnail","6":"product_cat-infantil","7":"product_cat-infantil-3_infantil-juvenil-spa","9":"first","10":"instock","11":"taxable","12":"shipping-taxable","13":"purchasable","14":"product-type-simple"},"acf":{"autor":"PATRON, LUCILLE","codart":"846833168","libros-coleccion":"SUSHI BOOKS","ediciones":"1","encuadernacion":"Carpeta","fecha_de_publicacion":"01\/03\/2017","novedad":"1","paginas":"35","subtitulo":"","orden":"0","portada":"0","idioma":"spa","editorial":[{"ID":6193,"post_author":"3","post_date":"2022-07-28 17:46:53","post_date_gmt":"2022-07-28 15:46:53","post_content":"","post_title":"EDEBE GUADIEL","post_excerpt":"","post_status":"publish","comment_status":"closed","ping_status":"closed","post_password":"","post_name":"edebe-guadiel","to_ping":"","pinged":"","post_modified":"2022-07-28 17:46:53","post_modified_gmt":"2022-07-28 15:46:53","post_content_filtered":"","post_parent":0,"guid":"http:\/\/dev.claret.cat\/editorial\/edebe-guadiel\/","menu_order":0,"post_type":"editorial","post_mime_type":"","comment_count":"0","filter":"raw"}],"autores-libros":[{"ID":425658,"post_author":"3","post_date":"2023-05-16 08:26:16","post_date_gmt":"2023-05-16 06:26:16","post_content":"","post_title":"LUCILLE PATRON","post_excerpt":"","post_status":"publish","comment_status":"closed","ping_status":"closed","post_password":"","post_name":"lucille-patron","to_ping":"","pinged":"","post_modified":"2023-05-16 08:26:16","post_modified_gmt":"2023-05-16 06:26:16","post_content_filtered":"","post_parent":0,"guid":"https:\/\/www.claret.cat\/autor\/lucille-patron\/","menu_order":0,"post_type":"autor","post_mime_type":"","comment_count":"0","filter":"raw"}]},"aioseo_notices":[],"_links":{"self":[{"href":"https:\/\/www.claret.cat\/es\/wp-json\/wp\/v2\/product\/214997","targetHints":{"allow":["GET"]}}],"collection":[{"href":"https:\/\/www.claret.cat\/es\/wp-json\/wp\/v2\/product"}],"about":[{"href":"https:\/\/www.claret.cat\/es\/wp-json\/wp\/v2\/types\/product"}],"wp:featuredmedia":[{"embeddable":true,"href":"https:\/\/www.claret.cat\/es\/wp-json\/wp\/v2\/media\/214998"}],"wp:attachment":[{"href":"https:\/\/www.claret.cat\/es\/wp-json\/wp\/v2\/media?parent=214997"}],"wp:term":[{"taxonomy":"product_brand","embeddable":true,"href":"https:\/\/www.claret.cat\/es\/wp-json\/wp\/v2\/product_brand?post=214997"},{"taxonomy":"product_cat","embeddable":true,"href":"https:\/\/www.claret.cat\/es\/wp-json\/wp\/v2\/product_cat?post=214997"},{"taxonomy":"product_tag","embeddable":true,"href":"https:\/\/www.claret.cat\/es\/wp-json\/wp\/v2\/product_tag?post=214997"}],"curies":[{"name":"wp","href":"https:\/\/api.w.org\/{rel}","templated":true}]}}