{"id":215069,"date":"2022-10-20T13:33:23","date_gmt":"2022-10-20T11:33:23","guid":{"rendered":"http:\/\/dev.claret.cat\/producte\/oscuro-como-mi-corazon\/"},"modified":"2023-01-28T21:22:57","modified_gmt":"2023-01-28T20:22:57","slug":"oscuro-como-mi-corazon-9788420485805","status":"publish","type":"product","link":"https:\/\/www.claret.cat\/es\/libro\/oscuro-como-mi-corazon-9788420485805\/","title":{"rendered":"OSCURO COMO MI CORAZ\u00d3N"},"content":{"rendered":"<p>Un recorrido por emociones y trastornos como la ansiedad, la depresi\u00f3n, la impotencia, el duelo&#8230; monstruos que viven con nosotros y con los que tenemos aprender a luchar o a convivir.Oscuro como mi coraz\u00f3n es abrir una ventana a otras vidas. A otras  vidas y tambi\u00e9n a la nuestra: es un viaje a emociones y situaciones  l\u00edmite que podr\u00edan sucedernos a cualquiera de nosotros o que tal vez ya  hayamos vivido. Porque hay monstruos que viven en nosotros y a menudo la  \u00fanica salida, nuestro \u00fanico camino transitable, es aprender a vivir con ellos.#BlackBirds es una nueva colecci\u00f3n de esp\u00edritu indie y juvenil:  libros que son peque\u00f1as obras de arte, refugios \u00edntimos y caprichos. Con  contenido de no-ficci\u00f3n moderno: poes\u00eda, microcuentos, reflexiones, diarios;  un dise\u00f1o rompedor y la colaboraci\u00f3n de conocidos  ilustradores, bloggeros e instagrammers, ser\u00e1n los libros que todos querremos tener, leer y atesorar.#BlackBirds es un abrazo para leer cuando lo necesites. Libros irresistibles para leer, guardar y compartir.<\/p>\n","protected":false},"excerpt":{"rendered":"<p>SAYALERO, MYRIAM<\/p>\n","protected":false},"featured_media":215070,"template":"","meta":{"_acf_changed":false,"om_disable_all_campaigns":false,"rs_blank_template":"","rs_page_bg_color":"","slide_template_v7":"","inline_featured_image":false,"_monsterinsights_skip_tracking":false,"_monsterinsights_sitenote_active":false,"_monsterinsights_sitenote_note":"","_monsterinsights_sitenote_category":0},"product_brand":[],"product_cat":[86],"product_tag":[],"class_list":{"0":"post-215069","1":"product","2":"type-product","3":"status-publish","4":"has-post-thumbnail","6":"product_cat-infantil","8":"first","9":"instock","10":"taxable","11":"shipping-taxable","12":"purchasable","13":"product-type-simple"},"acf":{"autor":"SAYALERO, MYRIAM","codart":"842048580","libros-coleccion":"BLACKBIRDS","ediciones":"1","encuadernacion":"Carton\u00e9","fecha_de_publicacion":"01\/03\/2017","novedad":"1","paginas":"174","subtitulo":"","orden":"0","portada":"0","idioma":"spa","editorial":[{"ID":6118,"post_author":"3","post_date":"2022-07-28 17:45:17","post_date_gmt":"2022-07-28 15:45:17","post_content":"","post_title":"ALFAGUARA","post_excerpt":"","post_status":"publish","comment_status":"closed","ping_status":"closed","post_password":"","post_name":"alfaguara","to_ping":"","pinged":"","post_modified":"2022-07-28 17:45:17","post_modified_gmt":"2022-07-28 15:45:17","post_content_filtered":"","post_parent":0,"guid":"http:\/\/dev.claret.cat\/editorial\/alfaguara\/","menu_order":0,"post_type":"editorial","post_mime_type":"","comment_count":"0","filter":"raw"}],"autores-libros":[{"ID":165536,"post_author":"3","post_date":"2022-10-14 17:55:58","post_date_gmt":"2022-10-14 15:55:58","post_content":"","post_title":"MYRIAM SAYALERO","post_excerpt":"","post_status":"publish","comment_status":"closed","ping_status":"closed","post_password":"","post_name":"myriam-sayalero","to_ping":"","pinged":"","post_modified":"2022-10-14 17:55:58","post_modified_gmt":"2022-10-14 15:55:58","post_content_filtered":"","post_parent":0,"guid":"http:\/\/dev.claret.cat\/autor\/myriam-sayalero\/","menu_order":0,"post_type":"autor","post_mime_type":"","comment_count":"0","filter":"raw"}]},"aioseo_notices":[],"_links":{"self":[{"href":"https:\/\/www.claret.cat\/es\/wp-json\/wp\/v2\/product\/215069","targetHints":{"allow":["GET"]}}],"collection":[{"href":"https:\/\/www.claret.cat\/es\/wp-json\/wp\/v2\/product"}],"about":[{"href":"https:\/\/www.claret.cat\/es\/wp-json\/wp\/v2\/types\/product"}],"wp:featuredmedia":[{"embeddable":true,"href":"https:\/\/www.claret.cat\/es\/wp-json\/wp\/v2\/media\/215070"}],"wp:attachment":[{"href":"https:\/\/www.claret.cat\/es\/wp-json\/wp\/v2\/media?parent=215069"}],"wp:term":[{"taxonomy":"product_brand","embeddable":true,"href":"https:\/\/www.claret.cat\/es\/wp-json\/wp\/v2\/product_brand?post=215069"},{"taxonomy":"product_cat","embeddable":true,"href":"https:\/\/www.claret.cat\/es\/wp-json\/wp\/v2\/product_cat?post=215069"},{"taxonomy":"product_tag","embeddable":true,"href":"https:\/\/www.claret.cat\/es\/wp-json\/wp\/v2\/product_tag?post=215069"}],"curies":[{"name":"wp","href":"https:\/\/api.w.org\/{rel}","templated":true}]}}