{"id":215135,"date":"2022-10-20T13:34:55","date_gmt":"2022-10-20T11:34:55","guid":{"rendered":"http:\/\/dev.claret.cat\/producte\/les-defenses\/"},"modified":"2023-01-28T04:53:11","modified_gmt":"2023-01-28T03:53:11","slug":"les-defenses-9788416673155","status":"publish","type":"product","link":"https:\/\/www.claret.cat\/es\/libro\/les-defenses-9788416673155\/","title":{"rendered":"LES DEFENSES"},"content":{"rendered":"<p>Aquest llibre narra la hist\u00f2ria d&#8217;un neur\u00f2leg d&#8217;una cinquantena anys que rep el diagnostic bipolaritat. La malaltia trenca la seva fam\u00edlia i la seva vida professional, per\u00f2 ell rebat el diagn\u00f2stic i s&#8217;hi rebel\u00b7la. Com ha fet en anteriors obres, Gabi Mart\u00ednez torna a presentar un personatge actiu, \u00fanic, ple de contradiccions per\u00f2 amb una for\u00e7a imparable, i aconsegueix harmonitzar la seva vida amb els fets hist\u00f2rics del pa\u00eds, la crisi pol\u00edtica, econ\u00f2mica i \u00e8tica dels \u00fatlims anys, i les brillantors i foscors dels sistema sanitari p\u00fablic.<\/p>\n","protected":false},"excerpt":{"rendered":"<p>MART\u00cdNEZ, GABI<\/p>\n","protected":false},"featured_media":215136,"template":"","meta":{"_acf_changed":false,"om_disable_all_campaigns":false,"rs_blank_template":"","rs_page_bg_color":"","slide_template_v7":"","inline_featured_image":false,"_monsterinsights_skip_tracking":false,"_monsterinsights_sitenote_active":false,"_monsterinsights_sitenote_note":"","_monsterinsights_sitenote_category":0},"product_brand":[],"product_cat":[87],"product_tag":[],"class_list":{"0":"post-215135","1":"product","2":"type-product","3":"status-publish","4":"has-post-thumbnail","6":"product_cat-literatura","8":"first","9":"instock","10":"taxable","11":"shipping-taxable","12":"purchasable","13":"product-type-simple"},"acf":{"autor":"MART\u00cdNEZ, GABI","codart":"841667315","libros-coleccion":"","ediciones":"1","encuadernacion":"R\u00fastica","fecha_de_publicacion":"01\/03\/2017","novedad":"1","paginas":"521","subtitulo":"","orden":"0","portada":"0","idioma":"cat","editorial":[{"ID":147610,"post_author":"3","post_date":"2022-10-14 11:51:54","post_date_gmt":"2022-10-14 09:51:54","post_content":"","post_title":"Catedral","post_excerpt":"","post_status":"publish","comment_status":"closed","ping_status":"closed","post_password":"","post_name":"catedral","to_ping":"","pinged":"","post_modified":"2022-10-14 11:51:54","post_modified_gmt":"2022-10-14 09:51:54","post_content_filtered":"","post_parent":0,"guid":"http:\/\/dev.claret.cat\/editorial\/catedral\/","menu_order":0,"post_type":"editorial","post_mime_type":"","comment_count":"0","filter":"raw"}],"autores-libros":[{"ID":156498,"post_author":"3","post_date":"2022-10-14 15:21:17","post_date_gmt":"2022-10-14 13:21:17","post_content":"","post_title":"GABI MART\u00cdNEZ","post_excerpt":"","post_status":"publish","comment_status":"closed","ping_status":"closed","post_password":"","post_name":"gabi-martinez","to_ping":"","pinged":"","post_modified":"2022-10-14 15:21:17","post_modified_gmt":"2022-10-14 13:21:17","post_content_filtered":"","post_parent":0,"guid":"http:\/\/dev.claret.cat\/autor\/gabi-martinez\/","menu_order":0,"post_type":"autor","post_mime_type":"","comment_count":"0","filter":"raw"}]},"aioseo_notices":[],"_links":{"self":[{"href":"https:\/\/www.claret.cat\/es\/wp-json\/wp\/v2\/product\/215135","targetHints":{"allow":["GET"]}}],"collection":[{"href":"https:\/\/www.claret.cat\/es\/wp-json\/wp\/v2\/product"}],"about":[{"href":"https:\/\/www.claret.cat\/es\/wp-json\/wp\/v2\/types\/product"}],"wp:featuredmedia":[{"embeddable":true,"href":"https:\/\/www.claret.cat\/es\/wp-json\/wp\/v2\/media\/215136"}],"wp:attachment":[{"href":"https:\/\/www.claret.cat\/es\/wp-json\/wp\/v2\/media?parent=215135"}],"wp:term":[{"taxonomy":"product_brand","embeddable":true,"href":"https:\/\/www.claret.cat\/es\/wp-json\/wp\/v2\/product_brand?post=215135"},{"taxonomy":"product_cat","embeddable":true,"href":"https:\/\/www.claret.cat\/es\/wp-json\/wp\/v2\/product_cat?post=215135"},{"taxonomy":"product_tag","embeddable":true,"href":"https:\/\/www.claret.cat\/es\/wp-json\/wp\/v2\/product_tag?post=215135"}],"curies":[{"name":"wp","href":"https:\/\/api.w.org\/{rel}","templated":true}]}}