{"id":215177,"date":"2022-10-20T13:35:52","date_gmt":"2022-10-20T11:35:52","guid":{"rendered":"http:\/\/dev.claret.cat\/producte\/sudamerica-para-mochileros-3\/"},"modified":"2023-01-28T07:25:32","modified_gmt":"2023-01-28T06:25:32","slug":"sudamerica-para-mochileros-3-9788408164395","status":"publish","type":"product","link":"https:\/\/www.claret.cat\/es\/libro\/sudamerica-para-mochileros-3-9788408164395\/","title":{"rendered":"SUDAM\u00c9RICA PARA MOCHILEROS 3"},"content":{"rendered":"<p>Picos andinos, bosque pluvial amaz\u00f3nico, glaciares patag\u00f3nicos, ruinas incaicas, ciudades coloniales, playas de arena blanca y una vertiginosa vida nocturna: las maravillas de Sudam\u00e9rica son el escenario de aventuras incre\u00edbles. Una gu\u00eda, escrita por expertos autores, que re\u00fane un singular abanico de pa\u00edses. Cada cap\u00edtulo ofrece informaci\u00f3n en profundidad, los mejores itinerarios y consejos para todo tipo de presupuestos. Adem\u00e1s, los mapas y las fotograf\u00edas ayudar\u00e1n a conocer los principales puntos de inter\u00e9s para que este sea un viaje \u00fanico.<\/p>\n","protected":false},"excerpt":{"rendered":"<p>ST.LOUIS, REGIS \/ TANG, PHILLIP \/ MCCARTHY, CAROLYN \/ BAO, SANDRA \/ VIDGEN, LUC<\/p>\n","protected":false},"featured_media":215178,"template":"","meta":{"_acf_changed":false,"om_disable_all_campaigns":false,"rs_blank_template":"","rs_page_bg_color":"","slide_template_v7":"","inline_featured_image":false,"_monsterinsights_skip_tracking":false,"_monsterinsights_sitenote_active":false,"_monsterinsights_sitenote_note":"","_monsterinsights_sitenote_category":0},"product_brand":[],"product_cat":[107],"product_tag":[],"class_list":{"0":"post-215177","1":"product","2":"type-product","3":"status-publish","4":"has-post-thumbnail","6":"product_cat-guies-de-viatge","8":"first","9":"instock","10":"taxable","11":"shipping-taxable","12":"purchasable","13":"product-type-simple"},"acf":{"autor":"ST.LOUIS, REGIS \/ TANG, PHILLIP \/ MCCARTHY, CAROLYN \/ BAO, SANDRA \/ VIDGEN, LUC","codart":"840816439","libros-coleccion":"FORA DE COL.LECCI\u00d3","ediciones":"1","encuadernacion":"R\u00fastica","fecha_de_publicacion":"01\/03\/2017","novedad":"1","paginas":"1089","subtitulo":"","orden":"0","portada":"0","idioma":"spa","editorial":[{"ID":6377,"post_author":"3","post_date":"2022-07-28 17:50:53","post_date_gmt":"2022-07-28 15:50:53","post_content":"","post_title":"Timun Mas CAT","post_excerpt":"","post_status":"publish","comment_status":"closed","ping_status":"closed","post_password":"","post_name":"timun-mas-cat","to_ping":"","pinged":"","post_modified":"2022-07-28 17:50:53","post_modified_gmt":"2022-07-28 15:50:53","post_content_filtered":"","post_parent":0,"guid":"http:\/\/dev.claret.cat\/editorial\/timun-mas-cat\/","menu_order":0,"post_type":"editorial","post_mime_type":"","comment_count":"0","filter":"raw"}],"autores-libros":[{"ID":167214,"post_author":"3","post_date":"2022-10-14 18:09:26","post_date_gmt":"2022-10-14 16:09:26","post_content":"","post_title":"PHILLIP TANG","post_excerpt":"","post_status":"publish","comment_status":"closed","ping_status":"closed","post_password":"","post_name":"phillip-tang","to_ping":"","pinged":"","post_modified":"2022-10-14 18:09:26","post_modified_gmt":"2022-10-14 16:09:26","post_content_filtered":"","post_parent":0,"guid":"http:\/\/dev.claret.cat\/autor\/phillip-tang\/","menu_order":0,"post_type":"autor","post_mime_type":"","comment_count":"0","filter":"raw"},{"ID":152519,"post_author":"3","post_date":"2022-10-14 14:49:25","post_date_gmt":"2022-10-14 12:49:25","post_content":"","post_title":"CAROLYN MCCARTHY","post_excerpt":"","post_status":"publish","comment_status":"closed","ping_status":"closed","post_password":"","post_name":"carolyn-mccarthy","to_ping":"","pinged":"","post_modified":"2022-10-14 14:49:25","post_modified_gmt":"2022-10-14 12:49:25","post_content_filtered":"","post_parent":0,"guid":"http:\/\/dev.claret.cat\/autor\/carolyn-mccarthy\/","menu_order":0,"post_type":"autor","post_mime_type":"","comment_count":"0","filter":"raw"},{"ID":167939,"post_author":"3","post_date":"2022-10-14 18:15:13","post_date_gmt":"2022-10-14 16:15:13","post_content":"","post_title":"REGIS ST.LOUIS","post_excerpt":"","post_status":"publish","comment_status":"closed","ping_status":"closed","post_password":"","post_name":"regis-st-louis","to_ping":"","pinged":"","post_modified":"2022-10-14 18:15:13","post_modified_gmt":"2022-10-14 16:15:13","post_content_filtered":"","post_parent":0,"guid":"http:\/\/dev.claret.cat\/autor\/regis-st-louis\/","menu_order":0,"post_type":"autor","post_mime_type":"","comment_count":"0","filter":"raw"}]},"aioseo_notices":[],"_links":{"self":[{"href":"https:\/\/www.claret.cat\/es\/wp-json\/wp\/v2\/product\/215177","targetHints":{"allow":["GET"]}}],"collection":[{"href":"https:\/\/www.claret.cat\/es\/wp-json\/wp\/v2\/product"}],"about":[{"href":"https:\/\/www.claret.cat\/es\/wp-json\/wp\/v2\/types\/product"}],"wp:featuredmedia":[{"embeddable":true,"href":"https:\/\/www.claret.cat\/es\/wp-json\/wp\/v2\/media\/215178"}],"wp:attachment":[{"href":"https:\/\/www.claret.cat\/es\/wp-json\/wp\/v2\/media?parent=215177"}],"wp:term":[{"taxonomy":"product_brand","embeddable":true,"href":"https:\/\/www.claret.cat\/es\/wp-json\/wp\/v2\/product_brand?post=215177"},{"taxonomy":"product_cat","embeddable":true,"href":"https:\/\/www.claret.cat\/es\/wp-json\/wp\/v2\/product_cat?post=215177"},{"taxonomy":"product_tag","embeddable":true,"href":"https:\/\/www.claret.cat\/es\/wp-json\/wp\/v2\/product_tag?post=215177"}],"curies":[{"name":"wp","href":"https:\/\/api.w.org\/{rel}","templated":true}]}}