{"id":215273,"date":"2022-10-20T13:38:05","date_gmt":"2022-10-20T11:38:05","guid":{"rendered":"http:\/\/dev.claret.cat\/producte\/melowy-la-noche-de-las-valientes\/"},"modified":"2023-01-28T14:40:21","modified_gmt":"2023-01-28T13:40:21","slug":"melowy-la-noche-de-las-valientes-9788408167501","status":"publish","type":"product","link":"https:\/\/www.claret.cat\/es\/libro\/melowy-la-noche-de-las-valientes-9788408167501\/","title":{"rendered":"MELOWY. LA NOCHE DE LAS VALIENTES"},"content":{"rendered":"<p>En plena noche, la profesora de T\u00e9cnicas de Defensa ha dejado a Electra y sus amigas en un bosque para poner a prueba su valent\u00eda. Las Melowy tendr\u00e1n que construirse un refugio, buscar comida y sobrevivir hasta el d\u00eda siguiente.<\/p>\n","protected":false},"excerpt":{"rendered":"<p>STAR, DANIELLE<\/p>\n","protected":false},"featured_media":215274,"template":"","meta":{"_acf_changed":false,"om_disable_all_campaigns":false,"rs_blank_template":"","rs_page_bg_color":"","slide_template_v7":"","inline_featured_image":false,"_monsterinsights_skip_tracking":false,"_monsterinsights_sitenote_active":false,"_monsterinsights_sitenote_note":"","_monsterinsights_sitenote_category":0},"product_brand":[],"product_cat":[86],"product_tag":[],"class_list":{"0":"post-215273","1":"product","2":"type-product","3":"status-publish","4":"has-post-thumbnail","6":"product_cat-infantil","8":"first","9":"instock","10":"taxable","11":"shipping-taxable","12":"purchasable","13":"product-type-simple"},"acf":{"autor":"STAR, DANIELLE","codart":"840816750","libros-coleccion":"FORA DE COL.LECCI\u00d3","ediciones":"1","encuadernacion":"R\u00fastica","fecha_de_publicacion":"01\/03\/2017","novedad":"1","paginas":"103","subtitulo":"MELOWY 3","orden":"0","portada":"0","idioma":"spa","editorial":[{"ID":147710,"post_author":"3","post_date":"2022-10-14 11:52:39","post_date_gmt":"2022-10-14 09:52:39","post_content":"","post_title":"Destino Infantil & Juvenil","post_excerpt":"","post_status":"publish","comment_status":"closed","ping_status":"closed","post_password":"","post_name":"destino-infantil-juvenil","to_ping":"","pinged":"","post_modified":"2022-10-14 11:52:39","post_modified_gmt":"2022-10-14 09:52:39","post_content_filtered":"","post_parent":0,"guid":"http:\/\/dev.claret.cat\/editorial\/destino-infantil-juvenil\/","menu_order":0,"post_type":"editorial","post_mime_type":"","comment_count":"0","filter":"raw"}],"autores-libros":[{"ID":153675,"post_author":"3","post_date":"2022-10-14 14:58:37","post_date_gmt":"2022-10-14 12:58:37","post_content":"","post_title":"DANIELLE STAR","post_excerpt":"","post_status":"publish","comment_status":"closed","ping_status":"closed","post_password":"","post_name":"danielle-star","to_ping":"","pinged":"","post_modified":"2022-10-14 14:58:37","post_modified_gmt":"2022-10-14 12:58:37","post_content_filtered":"","post_parent":0,"guid":"http:\/\/dev.claret.cat\/autor\/danielle-star\/","menu_order":0,"post_type":"autor","post_mime_type":"","comment_count":"0","filter":"raw"}]},"aioseo_notices":[],"_links":{"self":[{"href":"https:\/\/www.claret.cat\/es\/wp-json\/wp\/v2\/product\/215273","targetHints":{"allow":["GET"]}}],"collection":[{"href":"https:\/\/www.claret.cat\/es\/wp-json\/wp\/v2\/product"}],"about":[{"href":"https:\/\/www.claret.cat\/es\/wp-json\/wp\/v2\/types\/product"}],"wp:featuredmedia":[{"embeddable":true,"href":"https:\/\/www.claret.cat\/es\/wp-json\/wp\/v2\/media\/215274"}],"wp:attachment":[{"href":"https:\/\/www.claret.cat\/es\/wp-json\/wp\/v2\/media?parent=215273"}],"wp:term":[{"taxonomy":"product_brand","embeddable":true,"href":"https:\/\/www.claret.cat\/es\/wp-json\/wp\/v2\/product_brand?post=215273"},{"taxonomy":"product_cat","embeddable":true,"href":"https:\/\/www.claret.cat\/es\/wp-json\/wp\/v2\/product_cat?post=215273"},{"taxonomy":"product_tag","embeddable":true,"href":"https:\/\/www.claret.cat\/es\/wp-json\/wp\/v2\/product_tag?post=215273"}],"curies":[{"name":"wp","href":"https:\/\/api.w.org\/{rel}","templated":true}]}}