{"id":215615,"date":"2022-10-20T13:45:49","date_gmt":"2022-10-20T11:45:49","guid":{"rendered":"http:\/\/dev.claret.cat\/producte\/praga-3\/"},"modified":"2023-01-28T20:02:57","modified_gmt":"2023-01-28T19:02:57","slug":"praga-9788499359137","status":"publish","type":"product","link":"https:\/\/www.claret.cat\/es\/libro\/praga-9788499359137\/","title":{"rendered":"PRAGA"},"content":{"rendered":"<p>Destino de primer orden europeo, la ciudad merece todos los piropos. Este volumen contiene toda la informaci\u00f3n necesaria para preparar el viaje. <br \/> En Praga, barrio a barrio se describen las zonas m\u00e1s interesantes de la capital checa a trav\u00e9s de cap\u00edtulos que corresponden a barrios: La Ciudad Nueva, el Castillo Alto (Visehrad), la Ciudad Vieja, Josefov,  Mal\u00e1 Strana, el Castillo, Holesovice y al este de la Ciudad Nueva. <br \/> Intercity Guides es la mejor gu\u00eda para conocer todas las claves de esta bella ciudad. Con un nuevo dise\u00f1o m\u00e1s pr\u00e1ctico y moderno, bellas fotograf\u00edas, la mejor informaci\u00f3n para dormir y comer al mejor precio, lugares de ocio nocturno, compras y mercadillos, y todo lo que no hay que perderse. Adem\u00e1s, en el interior de la gu\u00eda se incluyen planos desplegables, con los ambientes se\u00f1alados de d\u00eda y de noche.<\/p>\n","protected":false},"excerpt":{"rendered":"<p>CALVO, GABRIEL \/ TZSCHASCHEL, SABINE<\/p>\n","protected":false},"featured_media":215616,"template":"","meta":{"_acf_changed":false,"om_disable_all_campaigns":false,"rs_blank_template":"","rs_page_bg_color":"","slide_template_v7":"","inline_featured_image":false,"_monsterinsights_skip_tracking":false,"_monsterinsights_sitenote_active":false,"_monsterinsights_sitenote_note":"","_monsterinsights_sitenote_category":0},"product_brand":[],"product_cat":[107],"product_tag":[],"class_list":{"0":"post-215615","1":"product","2":"type-product","3":"status-publish","4":"has-post-thumbnail","6":"product_cat-guies-de-viatge","8":"first","9":"instock","10":"taxable","11":"shipping-taxable","12":"purchasable","13":"product-type-simple"},"acf":{"autor":"CALVO, GABRIEL \/ TZSCHASCHEL, SABINE","codart":"849935913","libros-coleccion":"SUSHI BOOKS","ediciones":"1","encuadernacion":"R\u00fastica","fecha_de_publicacion":"01\/03\/2017","novedad":"1","paginas":"262","subtitulo":"","orden":"0","portada":"0","idioma":"spa","editorial":[{"ID":147435,"post_author":"3","post_date":"2022-10-14 11:50:33","post_date_gmt":"2022-10-14 09:50:33","post_content":"","post_title":"Anaya Touring","post_excerpt":"","post_status":"publish","comment_status":"closed","ping_status":"closed","post_password":"","post_name":"anaya-touring","to_ping":"","pinged":"","post_modified":"2022-10-14 11:50:33","post_modified_gmt":"2022-10-14 09:50:33","post_content_filtered":"","post_parent":0,"guid":"http:\/\/dev.claret.cat\/editorial\/anaya-touring\/","menu_order":0,"post_type":"editorial","post_mime_type":"","comment_count":"0","filter":"raw"}],"autores-libros":[{"ID":168771,"post_author":"3","post_date":"2022-10-14 22:21:49","post_date_gmt":"2022-10-14 20:21:49","post_content":"","post_title":"SABINE TZSCHASCHEL","post_excerpt":"","post_status":"publish","comment_status":"closed","ping_status":"closed","post_password":"","post_name":"sabine-tzschaschel","to_ping":"","pinged":"","post_modified":"2022-10-14 22:21:49","post_modified_gmt":"2022-10-14 20:21:49","post_content_filtered":"","post_parent":0,"guid":"http:\/\/dev.claret.cat\/autor\/sabine-tzschaschel\/","menu_order":0,"post_type":"autor","post_mime_type":"","comment_count":"0","filter":"raw"},{"ID":156509,"post_author":"3","post_date":"2022-10-14 15:21:23","post_date_gmt":"2022-10-14 13:21:23","post_content":"","post_title":"GABRIEL CALVO","post_excerpt":"","post_status":"publish","comment_status":"closed","ping_status":"closed","post_password":"","post_name":"gabriel-calvo","to_ping":"","pinged":"","post_modified":"2022-10-14 15:21:23","post_modified_gmt":"2022-10-14 13:21:23","post_content_filtered":"","post_parent":0,"guid":"http:\/\/dev.claret.cat\/autor\/gabriel-calvo\/","menu_order":0,"post_type":"autor","post_mime_type":"","comment_count":"0","filter":"raw"}]},"aioseo_notices":[],"_links":{"self":[{"href":"https:\/\/www.claret.cat\/es\/wp-json\/wp\/v2\/product\/215615","targetHints":{"allow":["GET"]}}],"collection":[{"href":"https:\/\/www.claret.cat\/es\/wp-json\/wp\/v2\/product"}],"about":[{"href":"https:\/\/www.claret.cat\/es\/wp-json\/wp\/v2\/types\/product"}],"wp:featuredmedia":[{"embeddable":true,"href":"https:\/\/www.claret.cat\/es\/wp-json\/wp\/v2\/media\/215616"}],"wp:attachment":[{"href":"https:\/\/www.claret.cat\/es\/wp-json\/wp\/v2\/media?parent=215615"}],"wp:term":[{"taxonomy":"product_brand","embeddable":true,"href":"https:\/\/www.claret.cat\/es\/wp-json\/wp\/v2\/product_brand?post=215615"},{"taxonomy":"product_cat","embeddable":true,"href":"https:\/\/www.claret.cat\/es\/wp-json\/wp\/v2\/product_cat?post=215615"},{"taxonomy":"product_tag","embeddable":true,"href":"https:\/\/www.claret.cat\/es\/wp-json\/wp\/v2\/product_tag?post=215615"}],"curies":[{"name":"wp","href":"https:\/\/api.w.org\/{rel}","templated":true}]}}