{"id":215678,"date":"2022-10-20T13:47:13","date_gmt":"2022-10-20T11:47:13","guid":{"rendered":"http:\/\/dev.claret.cat\/producte\/la-infantesa-del-bruixot\/"},"modified":"2023-01-28T20:49:34","modified_gmt":"2023-01-28T19:49:34","slug":"la-infantesa-del-bruixot-9788415307686","status":"publish","type":"product","link":"https:\/\/www.claret.cat\/es\/libro\/la-infantesa-del-bruixot-9788415307686\/","title":{"rendered":"LA INFANTESA DEL BRUIXOT"},"content":{"rendered":"<p>La infantesa del bruixot, in\u00e8dit fins ara en catal\u00e0, \u00e9s un relat meravell\u00f3s en qu\u00e8 Hermann Hesse narra la seva infantesa. Escrit el 1923, no va poder publicar-lo fins molt m\u00e9s tard, acompanyat de les il\u00b7lustracions fetes per l&#8221;artista Peter Weiss. Com tants altres llibres de Hesse (Siddharta, Demian, Peter Camenzind&#8230;) \u00e9s una hist\u00f2ria de formaci\u00f3, de to autobiogr\u00e0fic que se centra en la inf\u00e0ncia. <br \/> \u00abEl present volum dona fe que la infantesa i l&#8221;adolesc\u00e8ncia acompanyaren Hesse tota la vida.\u00bb (De la introducci\u00f3) <br \/> \u00abSi miro enrere, veig tota la meva vida sota el signe d&#8221;aquest desig de tenir poders m\u00e0gics, i veig com [&#8230;] de mica en mica els vaig anar retirant del m\u00f3n exterior i introduint en mi mateix, com a poc a poc aspirava a transformar, no pas les coses, sin\u00f3 la meva persona.\u00bb <br \/> Edici\u00f3 biling\u00fce amb el facs\u00edmil alemany i les il\u00b7lustracions de Peter Weiss<\/p>\n","protected":false},"excerpt":{"rendered":"<p>HESSE, HERMANN<\/p>\n","protected":false},"featured_media":315999,"template":"","meta":{"_acf_changed":false,"om_disable_all_campaigns":false,"rs_blank_template":"","rs_page_bg_color":"","slide_template_v7":"","inline_featured_image":false,"_monsterinsights_skip_tracking":false,"_monsterinsights_sitenote_active":false,"_monsterinsights_sitenote_note":"","_monsterinsights_sitenote_category":0},"product_brand":[],"product_cat":[87,353],"product_tag":[],"class_list":{"0":"post-215678","1":"product","2":"type-product","3":"status-publish","4":"has-post-thumbnail","6":"product_cat-literatura","7":"product_cat-literatura-2_humanidades","9":"first","10":"instock","11":"taxable","12":"shipping-taxable","13":"purchasable","14":"product-type-simple"},"acf":{"autor":"HESSE, HERMANN","codart":"841530768","libros-coleccion":"FORA DE COL.LECCI\u00d3","ediciones":"1","encuadernacion":"R\u00fastica","fecha_de_publicacion":"01\/03\/2017","novedad":"1","paginas":"142","subtitulo":"","orden":"0","portada":"0","idioma":"cat","editorial":[{"ID":6122,"post_author":"3","post_date":"2022-07-28 17:45:22","post_date_gmt":"2022-07-28 15:45:22","post_content":"","post_title":"ANGLE EDITORIAL","post_excerpt":"","post_status":"publish","comment_status":"closed","ping_status":"closed","post_password":"","post_name":"angle-editorial","to_ping":"","pinged":"","post_modified":"2022-07-28 17:45:22","post_modified_gmt":"2022-07-28 15:45:22","post_content_filtered":"","post_parent":0,"guid":"http:\/\/dev.claret.cat\/editorial\/angle-editorial\/","menu_order":0,"post_type":"editorial","post_mime_type":"","comment_count":"0","filter":"raw"}],"autores-libros":[{"ID":157544,"post_author":"3","post_date":"2022-10-14 15:29:40","post_date_gmt":"2022-10-14 13:29:40","post_content":"","post_title":"HERMANN HESSE","post_excerpt":"","post_status":"publish","comment_status":"closed","ping_status":"closed","post_password":"","post_name":"hermann-hesse","to_ping":"","pinged":"","post_modified":"2022-10-14 15:29:40","post_modified_gmt":"2022-10-14 13:29:40","post_content_filtered":"","post_parent":0,"guid":"http:\/\/dev.claret.cat\/autor\/hermann-hesse\/","menu_order":0,"post_type":"autor","post_mime_type":"","comment_count":"0","filter":"raw"}]},"aioseo_notices":[],"_links":{"self":[{"href":"https:\/\/www.claret.cat\/es\/wp-json\/wp\/v2\/product\/215678","targetHints":{"allow":["GET"]}}],"collection":[{"href":"https:\/\/www.claret.cat\/es\/wp-json\/wp\/v2\/product"}],"about":[{"href":"https:\/\/www.claret.cat\/es\/wp-json\/wp\/v2\/types\/product"}],"wp:featuredmedia":[{"embeddable":true,"href":"https:\/\/www.claret.cat\/es\/wp-json\/wp\/v2\/media\/315999"}],"wp:attachment":[{"href":"https:\/\/www.claret.cat\/es\/wp-json\/wp\/v2\/media?parent=215678"}],"wp:term":[{"taxonomy":"product_brand","embeddable":true,"href":"https:\/\/www.claret.cat\/es\/wp-json\/wp\/v2\/product_brand?post=215678"},{"taxonomy":"product_cat","embeddable":true,"href":"https:\/\/www.claret.cat\/es\/wp-json\/wp\/v2\/product_cat?post=215678"},{"taxonomy":"product_tag","embeddable":true,"href":"https:\/\/www.claret.cat\/es\/wp-json\/wp\/v2\/product_tag?post=215678"}],"curies":[{"name":"wp","href":"https:\/\/api.w.org\/{rel}","templated":true}]}}