{"id":215696,"date":"2022-10-20T13:47:36","date_gmt":"2022-10-20T11:47:36","guid":{"rendered":"http:\/\/dev.claret.cat\/producte\/el-supergrupo-contra-el-papa-cosmico\/"},"modified":"2025-02-05T18:45:26","modified_gmt":"2025-02-05T17:45:26","slug":"el-supergrupo-contra-el-papa-cosmico-9788466660822","status":"publish","type":"product","link":"https:\/\/www.claret.cat\/es\/libro\/el-supergrupo-contra-el-papa-cosmico-9788466660822\/","title":{"rendered":"EL SUPERGRUPO CONTRA EL PAPA C\u00d3SMICO"},"content":{"rendered":"<p>La vida del Supergrupo ha cambiado desde que tienen una Superbase, que antes perteneci\u00f3 al Chinito Mandar\u00edn, a quien derrotaron. Pero \u00bfde verdad pueden considerarla suya? \u00bfDe verdad les pertenece legalmente?<br \/> Es muy dudoso. O al menos eso argumentan los que se la quieren arrebatar, incluida una raza extraterrestre&hellip; \u00bfConseguir\u00e1 el Supergrupo retener su Superbase frente a la amenaza de las hordas del Papa C\u00f3smico?<\/p>\n","protected":false},"excerpt":{"rendered":"<p>JAN \/ EFEPE<\/p>\n","protected":false},"featured_media":1003797,"template":"","meta":{"_acf_changed":false,"om_disable_all_campaigns":false,"rs_blank_template":"","rs_page_bg_color":"","slide_template_v7":"","inline_featured_image":false,"_monsterinsights_skip_tracking":false,"_monsterinsights_sitenote_active":false,"_monsterinsights_sitenote_note":"","_monsterinsights_sitenote_category":0},"product_brand":[],"product_cat":[108,558],"product_tag":[],"class_list":{"0":"post-215696","1":"product","2":"type-product","3":"status-publish","4":"has-post-thumbnail","6":"product_cat-comic","7":"product_cat-comic-3_infantil-juvenil-spa-spa","9":"first","10":"outofstock","11":"taxable","12":"shipping-taxable","13":"purchasable","14":"product-type-simple"},"acf":{"autor":"JAN \/ EFEPE","codart":"846666082","libros-coleccion":"","ediciones":"1","encuadernacion":"Carton\u00e9","fecha_de_publicacion":"01\/03\/2017","novedad":"1","paginas":"46","subtitulo":"","orden":"0","portada":"0","idioma":"spa","autores-libros":[{"ID":422097,"post_author":"3","post_date":"2023-05-16 07:11:53","post_date_gmt":"2023-05-16 05:11:53","post_content":"","post_title":"EFEPE","post_excerpt":"","post_status":"publish","comment_status":"closed","ping_status":"closed","post_password":"","post_name":"efepe","to_ping":"","pinged":"","post_modified":"2023-05-16 07:11:53","post_modified_gmt":"2023-05-16 05:11:53","post_content_filtered":"","post_parent":0,"guid":"https:\/\/www.claret.cat\/autor\/efepe\/","menu_order":0,"post_type":"autor","post_mime_type":"","comment_count":"0","filter":"raw"},{"ID":158452,"post_author":"3","post_date":"2022-10-14 15:36:58","post_date_gmt":"2022-10-14 13:36:58","post_content":"","post_title":"JAN","post_excerpt":"","post_status":"publish","comment_status":"closed","ping_status":"closed","post_password":"","post_name":"jan","to_ping":"","pinged":"","post_modified":"2022-10-14 15:36:58","post_modified_gmt":"2022-10-14 13:36:58","post_content_filtered":"","post_parent":0,"guid":"http:\/\/dev.claret.cat\/autor\/jan\/","menu_order":0,"post_type":"autor","post_mime_type":"","comment_count":"0","filter":"raw"}],"editorial":[{"ID":261846,"post_author":"3","post_date":"2022-10-24 11:16:35","post_date_gmt":"2022-10-24 09:16:35","post_content":"","post_title":"B (Ediciones B)","post_excerpt":"","post_status":"publish","comment_status":"closed","ping_status":"closed","post_password":"","post_name":"b-ediciones-b","to_ping":"","pinged":"","post_modified":"2022-10-24 11:16:35","post_modified_gmt":"2022-10-24 09:16:35","post_content_filtered":"","post_parent":0,"guid":"http:\/\/dev.claret.cat\/editorial\/b-ediciones-b\/","menu_order":0,"post_type":"editorial","post_mime_type":"","comment_count":"0","filter":"raw"}]},"aioseo_notices":[],"_links":{"self":[{"href":"https:\/\/www.claret.cat\/es\/wp-json\/wp\/v2\/product\/215696","targetHints":{"allow":["GET"]}}],"collection":[{"href":"https:\/\/www.claret.cat\/es\/wp-json\/wp\/v2\/product"}],"about":[{"href":"https:\/\/www.claret.cat\/es\/wp-json\/wp\/v2\/types\/product"}],"wp:featuredmedia":[{"embeddable":true,"href":"https:\/\/www.claret.cat\/es\/wp-json\/wp\/v2\/media\/1003797"}],"wp:attachment":[{"href":"https:\/\/www.claret.cat\/es\/wp-json\/wp\/v2\/media?parent=215696"}],"wp:term":[{"taxonomy":"product_brand","embeddable":true,"href":"https:\/\/www.claret.cat\/es\/wp-json\/wp\/v2\/product_brand?post=215696"},{"taxonomy":"product_cat","embeddable":true,"href":"https:\/\/www.claret.cat\/es\/wp-json\/wp\/v2\/product_cat?post=215696"},{"taxonomy":"product_tag","embeddable":true,"href":"https:\/\/www.claret.cat\/es\/wp-json\/wp\/v2\/product_tag?post=215696"}],"curies":[{"name":"wp","href":"https:\/\/api.w.org\/{rel}","templated":true}]}}