{"id":215738,"date":"2022-10-20T13:48:33","date_gmt":"2022-10-20T11:48:33","guid":{"rendered":"http:\/\/dev.claret.cat\/producte\/praga-4\/"},"modified":"2023-01-28T14:10:51","modified_gmt":"2023-01-28T13:10:51","slug":"praga-9788499359441","status":"publish","type":"product","link":"https:\/\/www.claret.cat\/es\/libro\/praga-9788499359441\/","title":{"rendered":"PRAGA"},"content":{"rendered":"<p>&quot; Con la Viva Express, todo lo que hace falta saber sobre Praga se ha comprimido en volumen s\u00faper reducido en el que se encontrar\u00e1 la informaci\u00f3n m\u00e1s actualizada para viajeros independientes que quieren sacar lo mejor de su presupuesto. La informaci\u00f3n se ha dividido en cap\u00edtulos.<br \/> En Los imprescindibles se desarrollan los puntos claves de la ciudad; monumentos, paisajes o acontecimientos que entraman un especial inter\u00e9s para el viajero.<br \/> Los Datos pr\u00e1cticos ofrecen toda la informaci\u00f3n necesaria para preparar el viaje a Praga: transportes, comunicaciones, horarios, calendario de fiestas, alojamiento, informaci\u00f3n en internet, etc.<br \/> Con la Visita a la ciudad se hace una descripci\u00f3n monumental de la misma a partir de f\u00e1ciles itinerarios. En recuadros de color se encontrar\u00e1 informaci\u00f3n sobre compras, as\u00ed como otros datos adicionales.<br \/> Comer y dormir en Praga ofrece informaci\u00f3n detallada de los distintos hoteles y restaurantes que se han seleccionado siguiendo un riguroso criterio de calidad\/ precio. En cuanto a los alojamientos, se describen desde los hostales y pensiones hasta los hoteles de precio m\u00e1s elevado. Los restaurantes tambi\u00e9n se han ordenado conforme a varias categor\u00edas: establecimientos m\u00e1s asequibles o con men\u00fa y otros restaurantes de mayor precio. <br \/> Por otro lado, acompa\u00f1ando a la gu\u00eda y con el fin de facilitar la visita, al final de la misma se incluye un gran plano desplegable (de d\u00eda y de noche) que, en colores diferenciados, muestran los distintos ambientes que se pueden encontrar en la ciudad. En el plano de d\u00eda se resaltan las zonas comerciales, as\u00ed como los restaurantes y monumentos m\u00e1s interesantes que merece la pena visitar. En el plano de noche, donde se destacan los hoteles recomendados, se pueden ver las calles m\u00e1s animadas para salir por la noche. <br \/> Finalmente, el contexto comprende algunos apuntes sobre la historia, la gastronom\u00eda, la literatura, el cine, as\u00ed como otros aspectos interesantes de la cultura checa. &quot;<\/p>\n","protected":false},"excerpt":{"rendered":"<p>CALVO, GABRIEL \/ TZSCHASCHEL, SABINE<\/p>\n","protected":false},"featured_media":215739,"template":"","meta":{"_acf_changed":false,"om_disable_all_campaigns":false,"rs_blank_template":"","rs_page_bg_color":"","slide_template_v7":"","inline_featured_image":false,"_monsterinsights_skip_tracking":false,"_monsterinsights_sitenote_active":false,"_monsterinsights_sitenote_note":"","_monsterinsights_sitenote_category":0},"product_brand":[],"product_cat":[107],"product_tag":[],"class_list":{"0":"post-215738","1":"product","2":"type-product","3":"status-publish","4":"has-post-thumbnail","6":"product_cat-guies-de-viatge","8":"first","9":"instock","10":"taxable","11":"shipping-taxable","12":"purchasable","13":"product-type-simple"},"acf":{"autor":"CALVO, GABRIEL \/ TZSCHASCHEL, SABINE","codart":"849935944","libros-coleccion":"SUSHI BOOKS","ediciones":"1","encuadernacion":"R\u00fastica","fecha_de_publicacion":"01\/03\/2017","novedad":"1","paginas":"128","subtitulo":"","orden":"0","portada":"0","idioma":"spa","editorial":[{"ID":147435,"post_author":"3","post_date":"2022-10-14 11:50:33","post_date_gmt":"2022-10-14 09:50:33","post_content":"","post_title":"Anaya Touring","post_excerpt":"","post_status":"publish","comment_status":"closed","ping_status":"closed","post_password":"","post_name":"anaya-touring","to_ping":"","pinged":"","post_modified":"2022-10-14 11:50:33","post_modified_gmt":"2022-10-14 09:50:33","post_content_filtered":"","post_parent":0,"guid":"http:\/\/dev.claret.cat\/editorial\/anaya-touring\/","menu_order":0,"post_type":"editorial","post_mime_type":"","comment_count":"0","filter":"raw"}],"autores-libros":[{"ID":168771,"post_author":"3","post_date":"2022-10-14 22:21:49","post_date_gmt":"2022-10-14 20:21:49","post_content":"","post_title":"SABINE TZSCHASCHEL","post_excerpt":"","post_status":"publish","comment_status":"closed","ping_status":"closed","post_password":"","post_name":"sabine-tzschaschel","to_ping":"","pinged":"","post_modified":"2022-10-14 22:21:49","post_modified_gmt":"2022-10-14 20:21:49","post_content_filtered":"","post_parent":0,"guid":"http:\/\/dev.claret.cat\/autor\/sabine-tzschaschel\/","menu_order":0,"post_type":"autor","post_mime_type":"","comment_count":"0","filter":"raw"},{"ID":156509,"post_author":"3","post_date":"2022-10-14 15:21:23","post_date_gmt":"2022-10-14 13:21:23","post_content":"","post_title":"GABRIEL CALVO","post_excerpt":"","post_status":"publish","comment_status":"closed","ping_status":"closed","post_password":"","post_name":"gabriel-calvo","to_ping":"","pinged":"","post_modified":"2022-10-14 15:21:23","post_modified_gmt":"2022-10-14 13:21:23","post_content_filtered":"","post_parent":0,"guid":"http:\/\/dev.claret.cat\/autor\/gabriel-calvo\/","menu_order":0,"post_type":"autor","post_mime_type":"","comment_count":"0","filter":"raw"}]},"aioseo_notices":[],"_links":{"self":[{"href":"https:\/\/www.claret.cat\/es\/wp-json\/wp\/v2\/product\/215738","targetHints":{"allow":["GET"]}}],"collection":[{"href":"https:\/\/www.claret.cat\/es\/wp-json\/wp\/v2\/product"}],"about":[{"href":"https:\/\/www.claret.cat\/es\/wp-json\/wp\/v2\/types\/product"}],"wp:featuredmedia":[{"embeddable":true,"href":"https:\/\/www.claret.cat\/es\/wp-json\/wp\/v2\/media\/215739"}],"wp:attachment":[{"href":"https:\/\/www.claret.cat\/es\/wp-json\/wp\/v2\/media?parent=215738"}],"wp:term":[{"taxonomy":"product_brand","embeddable":true,"href":"https:\/\/www.claret.cat\/es\/wp-json\/wp\/v2\/product_brand?post=215738"},{"taxonomy":"product_cat","embeddable":true,"href":"https:\/\/www.claret.cat\/es\/wp-json\/wp\/v2\/product_cat?post=215738"},{"taxonomy":"product_tag","embeddable":true,"href":"https:\/\/www.claret.cat\/es\/wp-json\/wp\/v2\/product_tag?post=215738"}],"curies":[{"name":"wp","href":"https:\/\/api.w.org\/{rel}","templated":true}]}}