{"id":21577,"date":"2022-10-02T09:36:35","date_gmt":"2022-10-02T07:36:35","guid":{"rendered":"http:\/\/dev.claret.cat\/producte\/nueva-york-9\/"},"modified":"2023-04-21T13:30:06","modified_gmt":"2023-04-21T11:30:06","slug":"nueva-york-9-9788408193661","status":"publish","type":"product","link":"https:\/\/www.claret.cat\/es\/libro\/nueva-york-9-9788408193661\/","title":{"rendered":"NUEVA YORK 9"},"content":{"rendered":"<p>Epicentro de las artes, capital gastron\u00f3mica y comercial, ciudad que marca tendencias. Nueva York siempre llevar\u00e1 mil y una etiquetas que intentan reflejar la energ\u00eda, la creatividad y la pasi\u00f3n que destila a raudales. La superlativa Nueva York contagia su fiesta a todos y esta gu\u00eda, que incluye un plano del Metropolitan, gu\u00eda de Central Park y paseos por cada uno de los principales distritos, ayudar\u00e1 a no perderse nada.<\/p>\n","protected":false},"excerpt":{"rendered":"<p>ST.LOUIS, REGIS \/ BALKOVICH, ROBERT \/ BARTLETT, RAY \/ LEMER, ALI<\/p>\n","protected":false},"featured_media":69064,"template":"","meta":{"_acf_changed":false,"om_disable_all_campaigns":false,"rs_blank_template":"","rs_page_bg_color":"","slide_template_v7":"","inline_featured_image":false,"_monsterinsights_skip_tracking":false,"_monsterinsights_sitenote_active":false,"_monsterinsights_sitenote_note":"","_monsterinsights_sitenote_category":0},"product_brand":[],"product_cat":[557,107],"product_tag":[],"class_list":{"0":"post-21577","1":"product","2":"type-product","3":"status-publish","4":"has-post-thumbnail","6":"product_cat-guias-de-viaje","7":"product_cat-guies-de-viatge","9":"first","10":"instock","11":"taxable","12":"shipping-taxable","13":"purchasable","14":"product-type-simple"},"acf":{"autor":"ST.LOUIS, REGIS \/ BALKOVICH, ROBERT \/ BARTLETT, RAY \/ LEMER, ALI","codart":"840819366","libros-coleccion":"Gu\u00edas Lo mejor de pa\u00eds\/ciudad Lonely Pla","ediciones":"1","encuadernacion":"R\u00fastica","fecha_de_publicacion":"01\/01\/2019","novedad":"1","paginas":"454","subtitulo":"","orden":"0","portada":"0","idioma":"spa","editorial":[{"ID":6377,"post_author":"3","post_date":"2022-07-28 17:50:53","post_date_gmt":"2022-07-28 15:50:53","post_content":"","post_title":"Timun Mas CAT","post_excerpt":"","post_status":"publish","comment_status":"closed","ping_status":"closed","post_password":"","post_name":"timun-mas-cat","to_ping":"","pinged":"","post_modified":"2022-07-28 17:50:53","post_modified_gmt":"2022-07-28 15:50:53","post_content_filtered":"","post_parent":0,"guid":"http:\/\/dev.claret.cat\/editorial\/timun-mas-cat\/","menu_order":0,"post_type":"editorial","post_mime_type":"","comment_count":"0","filter":"raw"}],"autores-libros":[{"ID":167869,"post_author":"3","post_date":"2022-10-14 18:14:39","post_date_gmt":"2022-10-14 16:14:39","post_content":"","post_title":"RAY BARTLETT","post_excerpt":"","post_status":"publish","comment_status":"closed","ping_status":"closed","post_password":"","post_name":"ray-bartlett","to_ping":"","pinged":"","post_modified":"2022-10-14 18:14:39","post_modified_gmt":"2022-10-14 16:14:39","post_content_filtered":"","post_parent":0,"guid":"http:\/\/dev.claret.cat\/autor\/ray-bartlett\/","menu_order":0,"post_type":"autor","post_mime_type":"","comment_count":"0","filter":"raw"},{"ID":167939,"post_author":"3","post_date":"2022-10-14 18:15:13","post_date_gmt":"2022-10-14 16:15:13","post_content":"","post_title":"REGIS ST.LOUIS","post_excerpt":"","post_status":"publish","comment_status":"closed","ping_status":"closed","post_password":"","post_name":"regis-st-louis","to_ping":"","pinged":"","post_modified":"2022-10-14 18:15:13","post_modified_gmt":"2022-10-14 16:15:13","post_content_filtered":"","post_parent":0,"guid":"http:\/\/dev.claret.cat\/autor\/regis-st-louis\/","menu_order":0,"post_type":"autor","post_mime_type":"","comment_count":"0","filter":"raw"},{"ID":168178,"post_author":"3","post_date":"2022-10-14 18:17:09","post_date_gmt":"2022-10-14 16:17:09","post_content":"","post_title":"ROBERT BALKOVICH","post_excerpt":"","post_status":"publish","comment_status":"closed","ping_status":"closed","post_password":"","post_name":"robert-balkovich","to_ping":"","pinged":"","post_modified":"2022-10-14 18:17:09","post_modified_gmt":"2022-10-14 16:17:09","post_content_filtered":"","post_parent":0,"guid":"http:\/\/dev.claret.cat\/autor\/robert-balkovich\/","menu_order":0,"post_type":"autor","post_mime_type":"","comment_count":"0","filter":"raw"},{"ID":149810,"post_author":"3","post_date":"2022-10-14 14:27:53","post_date_gmt":"2022-10-14 12:27:53","post_content":"","post_title":"ALI LEMER","post_excerpt":"","post_status":"publish","comment_status":"closed","ping_status":"closed","post_password":"","post_name":"ali-lemer","to_ping":"","pinged":"","post_modified":"2022-10-14 14:27:53","post_modified_gmt":"2022-10-14 12:27:53","post_content_filtered":"","post_parent":0,"guid":"http:\/\/dev.claret.cat\/autor\/ali-lemer\/","menu_order":0,"post_type":"autor","post_mime_type":"","comment_count":"0","filter":"raw"}]},"aioseo_notices":[],"_links":{"self":[{"href":"https:\/\/www.claret.cat\/es\/wp-json\/wp\/v2\/product\/21577","targetHints":{"allow":["GET"]}}],"collection":[{"href":"https:\/\/www.claret.cat\/es\/wp-json\/wp\/v2\/product"}],"about":[{"href":"https:\/\/www.claret.cat\/es\/wp-json\/wp\/v2\/types\/product"}],"wp:featuredmedia":[{"embeddable":true,"href":"https:\/\/www.claret.cat\/es\/wp-json\/wp\/v2\/media\/69064"}],"wp:attachment":[{"href":"https:\/\/www.claret.cat\/es\/wp-json\/wp\/v2\/media?parent=21577"}],"wp:term":[{"taxonomy":"product_brand","embeddable":true,"href":"https:\/\/www.claret.cat\/es\/wp-json\/wp\/v2\/product_brand?post=21577"},{"taxonomy":"product_cat","embeddable":true,"href":"https:\/\/www.claret.cat\/es\/wp-json\/wp\/v2\/product_cat?post=21577"},{"taxonomy":"product_tag","embeddable":true,"href":"https:\/\/www.claret.cat\/es\/wp-json\/wp\/v2\/product_tag?post=21577"}],"curies":[{"name":"wp","href":"https:\/\/api.w.org\/{rel}","templated":true}]}}