{"id":21583,"date":"2022-10-02T09:36:41","date_gmt":"2022-10-02T07:36:41","guid":{"rendered":"http:\/\/dev.claret.cat\/producte\/enigmas-detectives-a-domicilio-3\/"},"modified":"2026-02-26T17:35:53","modified_gmt":"2026-02-26T16:35:53","slug":"enigmas-detectives-a-domicilio-3-9788412385465","status":"publish","type":"product","link":"https:\/\/www.claret.cat\/es\/libro\/enigmas-detectives-a-domicilio-3-9788412385465\/","title":{"rendered":"ENIGMAS. DETECTIVES A DOMICILIO 3"},"content":{"rendered":"<p>El tercer volumen de la exitosa colecci\u00f3n &#8221;Enigmas. Detectives a domicilio&#8221; llega cargado de nuevos misterios, esp\u00edas y sabotajes a gog\u00f3. Un libro-juego interactivo y lleno de sorpresas que pondr\u00e1 a prueba todas tus dotes detectivescas. Demuestra tu ingenio y resuelve 13 casos diferentes.<\/p>\n<p> Lleva a cabo tu investigaci\u00f3n doblando las p\u00e1ginas del libro para observar con detalle el interior y el exterior de los distintos escenarios del crimen, magn\u00edfica y minuciosamente ilustrados. Lee con atenci\u00f3n los testimonios de v\u00edctimas, testigos y sospechosos, sigue todas las pistas y pon a prueba tu capacidad de deducci\u00f3n para dar con el culpable de cada caso. \u00a1Te esperan horas y horas de diversi\u00f3n!<\/p>\n<p> Tercera entrega de una fant\u00e1stica colecci\u00f3n que pretende fomentar el gusto por la lectura, el razonamiento l\u00f3gico y la capacidad de observaci\u00f3n de ni\u00f1os y ni\u00f1as. \u00bfQuieres m\u00e1s? \u00a1No te pierdas &#8221;Enigmas. Detectives a domicilio 1&#8221; y &#8221;Enigmas. Detectives a domicilio 2&#8221;!<\/p>\n","protected":false},"excerpt":{"rendered":"<p>MARTIN, PAUL<\/p>\n","protected":false},"featured_media":1086801,"template":"","meta":{"_acf_changed":false,"om_disable_all_campaigns":false,"rs_blank_template":"","rs_page_bg_color":"","slide_template_v7":"","inline_featured_image":false,"_monsterinsights_skip_tracking":false,"_monsterinsights_sitenote_active":false,"_monsterinsights_sitenote_note":"","_monsterinsights_sitenote_category":0},"product_brand":[],"product_cat":[90,540],"product_tag":[],"class_list":{"0":"post-21583","1":"product","2":"type-product","3":"status-publish","4":"has-post-thumbnail","6":"product_cat-altres","7":"product_cat-otros","9":"first","10":"instock","11":"taxable","12":"shipping-taxable","13":"purchasable","14":"product-type-simple"},"acf":{"autor":"MARTIN, PAUL","codart":"841238546","libros-coleccion":"Imagina","ediciones":"1","encuadernacion":"R\u00fastica","fecha_de_publicacion":"01\/09\/2021","novedad":"1","paginas":"64","subtitulo":"ESP\u00cdAS Y SABOTAJES A GOG\u00d3","orden":"0","portada":"0","idioma":"spa","editorial":[{"ID":6286,"post_author":"3","post_date":"2022-07-28 17:48:56","post_date_gmt":"2022-07-28 15:48:56","post_content":"","post_title":"Librooks Barcelona","post_excerpt":"","post_status":"publish","comment_status":"closed","ping_status":"closed","post_password":"","post_name":"librooks-barcelona","to_ping":"","pinged":"","post_modified":"2022-07-28 17:48:56","post_modified_gmt":"2022-07-28 15:48:56","post_content_filtered":"","post_parent":0,"guid":"http:\/\/dev.claret.cat\/editorial\/librooks-barcelona\/","menu_order":0,"post_type":"editorial","post_mime_type":"","comment_count":"0","filter":"raw"}],"autores-libros":[{"ID":166742,"post_author":"3","post_date":"2022-10-14 18:05:41","post_date_gmt":"2022-10-14 16:05:41","post_content":"","post_title":"PAUL MARTIN","post_excerpt":"","post_status":"publish","comment_status":"closed","ping_status":"closed","post_password":"","post_name":"paul-martin","to_ping":"","pinged":"","post_modified":"2022-10-14 18:05:41","post_modified_gmt":"2022-10-14 16:05:41","post_content_filtered":"","post_parent":0,"guid":"http:\/\/dev.claret.cat\/autor\/paul-martin\/","menu_order":0,"post_type":"autor","post_mime_type":"","comment_count":"0","filter":"raw"}],"booktrailer":"","resenas":""},"aioseo_notices":[],"_links":{"self":[{"href":"https:\/\/www.claret.cat\/es\/wp-json\/wp\/v2\/product\/21583","targetHints":{"allow":["GET"]}}],"collection":[{"href":"https:\/\/www.claret.cat\/es\/wp-json\/wp\/v2\/product"}],"about":[{"href":"https:\/\/www.claret.cat\/es\/wp-json\/wp\/v2\/types\/product"}],"wp:featuredmedia":[{"embeddable":true,"href":"https:\/\/www.claret.cat\/es\/wp-json\/wp\/v2\/media\/1086801"}],"wp:attachment":[{"href":"https:\/\/www.claret.cat\/es\/wp-json\/wp\/v2\/media?parent=21583"}],"wp:term":[{"taxonomy":"product_brand","embeddable":true,"href":"https:\/\/www.claret.cat\/es\/wp-json\/wp\/v2\/product_brand?post=21583"},{"taxonomy":"product_cat","embeddable":true,"href":"https:\/\/www.claret.cat\/es\/wp-json\/wp\/v2\/product_cat?post=21583"},{"taxonomy":"product_tag","embeddable":true,"href":"https:\/\/www.claret.cat\/es\/wp-json\/wp\/v2\/product_tag?post=21583"}],"curies":[{"name":"wp","href":"https:\/\/api.w.org\/{rel}","templated":true}]}}