{"id":216002,"date":"2022-10-20T13:54:25","date_gmt":"2022-10-20T11:54:25","guid":{"rendered":"http:\/\/dev.claret.cat\/producte\/rescate-en-white-angel-the-g-squad\/"},"modified":"2023-01-28T03:35:21","modified_gmt":"2023-01-28T02:35:21","slug":"rescate-en-white-angel-the-gsquad-9788490437322","status":"publish","type":"product","link":"https:\/\/www.claret.cat\/es\/libro\/rescate-en-white-angel-the-gsquad-9788490437322\/","title":{"rendered":"RESCATE EN WHITE ANGEL (THE G-SQUAD)"},"content":{"rendered":"<p>TheGrefg, el popular gamer y youtuber espa\u00f1ol, presenta su  primera novela: una alucinante aventura de acci\u00f3n.WhiteAngel es uno de los lugares m\u00e1s fr\u00edos del mundo. Tambi\u00e9n es el  lugar escogido para que los soldados principiantes de la divisi\u00f3n de  \u00e9lite hagan sus primeras pr\u00e1cticas en escenario real. Pero cuando un comando terrorista aparece en escena la cosa se pone demasiado  real. Los soldados est\u00e1n vendidos. Solo disponen de armas de fogueo y  una conexi\u00f3n a internet. Gracias a esa conexi\u00f3n contactar\u00e1n con un grupo de youtubers que, liderados por TheGrefg, les ayudar\u00e1n a evitar la  destrucci\u00f3n m\u00e1s absoluta y el caos terrorista.<\/p>\n","protected":false},"excerpt":{"rendered":"<p>THEGREFG<\/p>\n","protected":false},"featured_media":216003,"template":"","meta":{"_acf_changed":false,"om_disable_all_campaigns":false,"rs_blank_template":"","rs_page_bg_color":"","slide_template_v7":"","inline_featured_image":false,"_monsterinsights_skip_tracking":false,"_monsterinsights_sitenote_active":false,"_monsterinsights_sitenote_note":"","_monsterinsights_sitenote_category":0},"product_brand":[],"product_cat":[86],"product_tag":[],"class_list":{"0":"post-216002","1":"product","2":"type-product","3":"status-publish","4":"has-post-thumbnail","6":"product_cat-infantil","8":"first","9":"instock","10":"taxable","11":"shipping-taxable","12":"purchasable","13":"product-type-simple"},"acf":{"autor":"THEGREFG","codart":"849043732","libros-coleccion":"SUSHI BOOKS","ediciones":"1","encuadernacion":"R\u00fastica","fecha_de_publicacion":"01\/03\/2017","novedad":"1","paginas":"219","subtitulo":"","orden":"0","portada":"0","idioma":"spa","editorial":[{"ID":6310,"post_author":"3","post_date":"2022-07-28 17:49:26","post_date_gmt":"2022-07-28 15:49:26","post_content":"","post_title":"MONTENA","post_excerpt":"","post_status":"publish","comment_status":"closed","ping_status":"closed","post_password":"","post_name":"montena","to_ping":"","pinged":"","post_modified":"2022-07-28 17:49:26","post_modified_gmt":"2022-07-28 15:49:26","post_content_filtered":"","post_parent":0,"guid":"http:\/\/dev.claret.cat\/editorial\/montena\/","menu_order":0,"post_type":"editorial","post_mime_type":"","comment_count":"0","filter":"raw"}],"autores-libros":[{"ID":170298,"post_author":"3","post_date":"2022-10-14 22:34:12","post_date_gmt":"2022-10-14 20:34:12","post_content":"","post_title":"THEGREFG","post_excerpt":"","post_status":"publish","comment_status":"closed","ping_status":"closed","post_password":"","post_name":"thegrefg","to_ping":"","pinged":"","post_modified":"2022-10-14 22:34:12","post_modified_gmt":"2022-10-14 20:34:12","post_content_filtered":"","post_parent":0,"guid":"http:\/\/dev.claret.cat\/autor\/thegrefg\/","menu_order":0,"post_type":"autor","post_mime_type":"","comment_count":"0","filter":"raw"}]},"aioseo_notices":[],"_links":{"self":[{"href":"https:\/\/www.claret.cat\/es\/wp-json\/wp\/v2\/product\/216002","targetHints":{"allow":["GET"]}}],"collection":[{"href":"https:\/\/www.claret.cat\/es\/wp-json\/wp\/v2\/product"}],"about":[{"href":"https:\/\/www.claret.cat\/es\/wp-json\/wp\/v2\/types\/product"}],"wp:featuredmedia":[{"embeddable":true,"href":"https:\/\/www.claret.cat\/es\/wp-json\/wp\/v2\/media\/216003"}],"wp:attachment":[{"href":"https:\/\/www.claret.cat\/es\/wp-json\/wp\/v2\/media?parent=216002"}],"wp:term":[{"taxonomy":"product_brand","embeddable":true,"href":"https:\/\/www.claret.cat\/es\/wp-json\/wp\/v2\/product_brand?post=216002"},{"taxonomy":"product_cat","embeddable":true,"href":"https:\/\/www.claret.cat\/es\/wp-json\/wp\/v2\/product_cat?post=216002"},{"taxonomy":"product_tag","embeddable":true,"href":"https:\/\/www.claret.cat\/es\/wp-json\/wp\/v2\/product_tag?post=216002"}],"curies":[{"name":"wp","href":"https:\/\/api.w.org\/{rel}","templated":true}]}}