{"id":216044,"date":"2022-10-20T13:55:23","date_gmt":"2022-10-20T11:55:23","guid":{"rendered":"http:\/\/dev.claret.cat\/producte\/gen-el-cat\/"},"modified":"2024-09-28T13:20:18","modified_gmt":"2024-09-28T11:20:18","slug":"gen-el-cat-9788416863150","status":"publish","type":"product","link":"https:\/\/www.claret.cat\/es\/libro\/gen-el-cat-9788416863150\/","title":{"rendered":"GEN, EL (CAT)"},"content":{"rendered":"<p>En un viatge pel planeta que abra\u00e7a uns quants segles, &#8216;El gen&#8217; narra la recerca per desxifrar el codi primordial que ens conforma i ens defineix com a \u00e9ssers humans, que determina com som exteriorment i per dintre. Amb una bona ambici\u00f3 i una honestedat incorruptible, ens d\u00f3na un relat insuperable sobre la unitat principal de l&#8217;her\u00e8ncia i un panorama tant del passat com del futur de la humanitat.<\/p>\n","protected":false},"excerpt":{"rendered":"<p>MUKHERJEE, SIDDHARTHA<\/p>\n","protected":false},"featured_media":982540,"template":"","meta":{"_acf_changed":false,"om_disable_all_campaigns":false,"rs_blank_template":"","rs_page_bg_color":"","slide_template_v7":"","inline_featured_image":false,"_monsterinsights_skip_tracking":false,"_monsterinsights_sitenote_active":false,"_monsterinsights_sitenote_note":"","_monsterinsights_sitenote_category":0},"product_brand":[],"product_cat":[104,554],"product_tag":[],"class_list":{"0":"post-216044","1":"product","2":"type-product","3":"status-publish","4":"has-post-thumbnail","6":"product_cat-ciencia","7":"product_cat-ciencia-5_otras-spa","9":"first","10":"outofstock","11":"taxable","12":"shipping-taxable","13":"purchasable","14":"product-type-simple"},"acf":{"autor":"MUKHERJEE, SIDDHARTHA","codart":"841686315","libros-coleccion":"FORA DE COL.LECCI\u00d3","ediciones":"1","encuadernacion":"R\u00fastica","fecha_de_publicacion":"01\/03\/2017","novedad":"1","paginas":"745","subtitulo":"","orden":"0","portada":"0","idioma":"cat","editorial":[{"ID":148350,"post_author":"3","post_date":"2022-10-14 11:57:33","post_date_gmt":"2022-10-14 09:57:33","post_content":"","post_title":"La Campana Llibres","post_excerpt":"","post_status":"publish","comment_status":"closed","ping_status":"closed","post_password":"","post_name":"la-campana-llibres","to_ping":"","pinged":"","post_modified":"2022-10-14 11:57:33","post_modified_gmt":"2022-10-14 09:57:33","post_content_filtered":"","post_parent":0,"guid":"http:\/\/dev.claret.cat\/editorial\/la-campana-llibres\/","menu_order":0,"post_type":"editorial","post_mime_type":"","comment_count":"0","filter":"raw"}],"autores-libros":[{"ID":169450,"post_author":"3","post_date":"2022-10-14 22:27:20","post_date_gmt":"2022-10-14 20:27:20","post_content":"","post_title":"SIDDHARTHA MUKHERJEE","post_excerpt":"","post_status":"publish","comment_status":"closed","ping_status":"closed","post_password":"","post_name":"siddhartha-mukherjee","to_ping":"","pinged":"","post_modified":"2022-10-14 22:27:20","post_modified_gmt":"2022-10-14 20:27:20","post_content_filtered":"","post_parent":0,"guid":"http:\/\/dev.claret.cat\/autor\/siddhartha-mukherjee\/","menu_order":0,"post_type":"autor","post_mime_type":"","comment_count":"0","filter":"raw"}]},"aioseo_notices":[],"_links":{"self":[{"href":"https:\/\/www.claret.cat\/es\/wp-json\/wp\/v2\/product\/216044","targetHints":{"allow":["GET"]}}],"collection":[{"href":"https:\/\/www.claret.cat\/es\/wp-json\/wp\/v2\/product"}],"about":[{"href":"https:\/\/www.claret.cat\/es\/wp-json\/wp\/v2\/types\/product"}],"wp:featuredmedia":[{"embeddable":true,"href":"https:\/\/www.claret.cat\/es\/wp-json\/wp\/v2\/media\/982540"}],"wp:attachment":[{"href":"https:\/\/www.claret.cat\/es\/wp-json\/wp\/v2\/media?parent=216044"}],"wp:term":[{"taxonomy":"product_brand","embeddable":true,"href":"https:\/\/www.claret.cat\/es\/wp-json\/wp\/v2\/product_brand?post=216044"},{"taxonomy":"product_cat","embeddable":true,"href":"https:\/\/www.claret.cat\/es\/wp-json\/wp\/v2\/product_cat?post=216044"},{"taxonomy":"product_tag","embeddable":true,"href":"https:\/\/www.claret.cat\/es\/wp-json\/wp\/v2\/product_tag?post=216044"}],"curies":[{"name":"wp","href":"https:\/\/api.w.org\/{rel}","templated":true}]}}