{"id":21610,"date":"2022-10-02T09:37:17","date_gmt":"2022-10-02T07:37:17","guid":{"rendered":"http:\/\/dev.claret.cat\/producte\/el-arcoiris-de-la-evolucion\/"},"modified":"2023-10-06T11:44:40","modified_gmt":"2023-10-06T09:44:40","slug":"el-arcoiris-de-la-evolucion-9788412390223","status":"publish","type":"product","link":"https:\/\/www.claret.cat\/es\/libro\/el-arcoiris-de-la-evolucion-9788412390223\/","title":{"rendered":"EL ARCO\u00cdRIS DE LA EVOLUCI\u00d3N"},"content":{"rendered":"<p>En esta celebraci\u00f3n innovadora de la diversidad en animales y humanos, Joan Roughgarden desaf\u00eda la sabidur\u00eda aceptada sobre la identidad de g\u00e9nero y la orientaci\u00f3n sexualDistinguida bi\u00f3loga evolutiva, Roughgarden se enfrenta al establecimiento m\u00e9dico, la Biblia, las ciencias sociales e incluso al propio Darwin. Conduce al lector a trav\u00e9s de una fascinante discusi\u00f3n sobre la diversidad de g\u00e9nero y sexualidad entre peces, reptiles, anfibios, aves y mam\u00edferos, incluidos los primates. ?El arco\u00edris de la evoluci\u00f3n? explica c\u00f3mo esta diversidad se desarrolla a partir de la acci\u00f3n de genes y hormonas y c\u00f3mo las personas llegan a diferir entre s\u00ed en todos los aspectos del cuerpo y el comportamiento. Roughgarden reconstruye la ciencia primaria a la luz de las cr\u00edticas feministas, homosexuales y transg\u00e9nero y redefine nuestra comprensi\u00f3n del sexo, el g\u00e9nero y la sexualidad. Ingenioso, juguet\u00f3n y atrevido, este libro revolucionar\u00e1 nuestra comprensi\u00f3n de la sexualidad.&nbsp;Roughgarden sostiene que los elementos principales de la teor\u00eda de la selecci\u00f3n sexual darwiniana son falsos y sugiere una nueva teor\u00eda que enfatiza la inclusi\u00f3n social y el control del acceso a los recursos y las oportunidades de apareamiento. Ella cuestiona una variedad de conceptos cient\u00edficos y m\u00e9dicos, incluido el determinismo gen\u00e9tico del comportamiento de Wilson, la psicolog\u00eda evolutiva, la existencia de un gen gay, el papel de la crianza en la determinaci\u00f3n de la identidad de g\u00e9nero y el &#8216;gen ego\u00edsta&#8217; de Dawkins como impulsor de la selecci\u00f3n natural. Desaf\u00eda a las ciencias sociales a respetar la agencia y la racionalidad de las personas diversas; muestra que muchas culturas en todo el mundo y a lo largo de la historia se adaptan a personas que hoy etiquetamos como lesbianas, gays y transexuales; y pide a la religi\u00f3n cristiana que reconozca los muchos pasajes de la Biblia que respaldan la diversidad de g\u00e9nero y sexualidad.&nbsp;&nbsp;?El arco\u00edris de la evoluci\u00f3n? concluye con recomendaciones audaces para mejorar la educaci\u00f3n en biolog\u00eda, psicolog\u00eda y medicina; para democratizar la ingenier\u00eda gen\u00e9tica y la pr\u00e1ctica m\u00e9dica; y por construir un monumento p\u00fablico para afirmar la diversidad como uno de los principios definitorios de nuestras naciones.<\/p>\n","protected":false},"excerpt":{"rendered":"<p>ROUGHGARDEN, JOAN<\/p>\n","protected":false},"featured_media":62988,"template":"","meta":{"_acf_changed":false,"om_disable_all_campaigns":false,"rs_blank_template":"","rs_page_bg_color":"","slide_template_v7":"","inline_featured_image":false,"_monsterinsights_skip_tracking":false,"_monsterinsights_sitenote_active":false,"_monsterinsights_sitenote_note":"","_monsterinsights_sitenote_category":0},"product_brand":[],"product_cat":[540],"product_tag":[],"class_list":{"0":"post-21610","1":"product","2":"type-product","3":"status-publish","4":"has-post-thumbnail","6":"product_cat-otros","8":"first","9":"instock","10":"taxable","11":"shipping-taxable","12":"purchasable","13":"product-type-simple"},"acf":{"autor":"ROUGHGARDEN, JOAN","codart":"841239022","libros-coleccion":"Ensayo","ediciones":"1","encuadernacion":"R\u00fastica","fecha_de_publicacion":"01\/11\/2021","novedad":"1","paginas":"576","subtitulo":"DIVERSIDAD, G\u00c9NERO Y SEXUALIDAD EN LA NATURALEZA  Y LAS PERS","orden":"0","portada":"0","idioma":"spa","editorial":[{"ID":147592,"post_author":"3","post_date":"2022-10-14 11:51:45","post_date_gmt":"2022-10-14 09:51:45","post_content":"","post_title":"CAPITAN SWING S.L","post_excerpt":"","post_status":"publish","comment_status":"closed","ping_status":"closed","post_password":"","post_name":"capitan-swing-s-l","to_ping":"","pinged":"","post_modified":"2022-10-14 11:51:45","post_modified_gmt":"2022-10-14 09:51:45","post_content_filtered":"","post_parent":0,"guid":"http:\/\/dev.claret.cat\/editorial\/capitan-swing-s-l\/","menu_order":0,"post_type":"editorial","post_mime_type":"","comment_count":"0","filter":"raw"}],"autores-libros":[{"ID":159414,"post_author":"3","post_date":"2022-10-14 15:44:39","post_date_gmt":"2022-10-14 13:44:39","post_content":"","post_title":"JOAN ROUGHGARDEN","post_excerpt":"","post_status":"publish","comment_status":"closed","ping_status":"closed","post_password":"","post_name":"joan-roughgarden","to_ping":"","pinged":"","post_modified":"2022-10-14 15:44:39","post_modified_gmt":"2022-10-14 13:44:39","post_content_filtered":"","post_parent":0,"guid":"http:\/\/dev.claret.cat\/autor\/joan-roughgarden\/","menu_order":0,"post_type":"autor","post_mime_type":"","comment_count":"0","filter":"raw"}]},"aioseo_notices":[],"_links":{"self":[{"href":"https:\/\/www.claret.cat\/es\/wp-json\/wp\/v2\/product\/21610","targetHints":{"allow":["GET"]}}],"collection":[{"href":"https:\/\/www.claret.cat\/es\/wp-json\/wp\/v2\/product"}],"about":[{"href":"https:\/\/www.claret.cat\/es\/wp-json\/wp\/v2\/types\/product"}],"wp:featuredmedia":[{"embeddable":true,"href":"https:\/\/www.claret.cat\/es\/wp-json\/wp\/v2\/media\/62988"}],"wp:attachment":[{"href":"https:\/\/www.claret.cat\/es\/wp-json\/wp\/v2\/media?parent=21610"}],"wp:term":[{"taxonomy":"product_brand","embeddable":true,"href":"https:\/\/www.claret.cat\/es\/wp-json\/wp\/v2\/product_brand?post=21610"},{"taxonomy":"product_cat","embeddable":true,"href":"https:\/\/www.claret.cat\/es\/wp-json\/wp\/v2\/product_cat?post=21610"},{"taxonomy":"product_tag","embeddable":true,"href":"https:\/\/www.claret.cat\/es\/wp-json\/wp\/v2\/product_tag?post=21610"}],"curies":[{"name":"wp","href":"https:\/\/api.w.org\/{rel}","templated":true}]}}