{"id":216299,"date":"2022-10-20T14:01:01","date_gmt":"2022-10-20T12:01:01","guid":{"rendered":"http:\/\/dev.claret.cat\/producte\/destructor-de-los-dioses\/"},"modified":"2025-12-22T13:45:55","modified_gmt":"2025-12-22T12:45:55","slug":"destructor-de-los-dioses-9788430119585","status":"publish","type":"product","link":"https:\/\/www.claret.cat\/es\/libro\/destructor-de-los-dioses-9788430119585\/","title":{"rendered":"DESTRUCTOR DE LOS DIOSES"},"content":{"rendered":"<p>En sus principios, el cristianismo fue considerado por sus coet\u00e1neos paganos una innovaci\u00f3n social con sumo peligoro. La cr\u00edtica de ciertos miembros de la c\u00fapula cultural, su temor a que la nueva superstici\u00f3n cambiara profundamente su estilo de vida, deja traslucir que aquellas pr\u00e1cticas y valores se extend\u00edan tambi\u00e9n entre los grupos con mayor influencia.<\/p>\n<p>Sin embargo, a quienes se adher\u00edan en una comunidad cristiana esto les ocasionaba numerosas problemas: oposici\u00f3n familiar, indiferencia social y hasta persecuci\u00f3n pol\u00edtica. As\u00ed, \u00bfqu\u00e9 encontraban en dichas comunidades para que mereciera la pena soportar tales inconvenientes?<\/p>\n<p>El autor intenta dar respuesta a estos enigmas. Por un lado, describe el proceso de configuraci\u00f3n de una identidad colectiva en el nuevo grupo religioso. Por otro, se\u00f1ala las peculiaridades (religiosas, culturales, \u00e9ticas) que diferenciaban a este movimiento del contexto grecorromano, hasta el punto de parecer una extravagancia social.<\/p>\n<p>Desde sus inicios, el nuevo estilo de vida cristiano deja sentir su influjo en Roma y en todas aquellas culturas con las que entra en contacto.<\/p>\n<p>Larry W. Hurtado es catedr\u00e1tico em\u00e9rito de Teolog\u00eda del Nuevo Testamento e historia de los primeros cristianos en la Universidad escocesa de Edimburgo. Pertenece a la Iglesia pentecostal.<\/p>\n","protected":false},"excerpt":{"rendered":"<p>HURTADO, LARRY W.<\/p>\n","protected":false},"featured_media":342124,"template":"","meta":{"_acf_changed":false,"om_disable_all_campaigns":false,"rs_blank_template":"","rs_page_bg_color":"","slide_template_v7":"","inline_featured_image":false,"_monsterinsights_skip_tracking":false,"_monsterinsights_sitenote_active":false,"_monsterinsights_sitenote_note":"","_monsterinsights_sitenote_category":0},"product_brand":[],"product_cat":[85,351],"product_tag":[],"class_list":{"0":"post-216299","1":"product","2":"type-product","3":"status-publish","4":"has-post-thumbnail","6":"product_cat-historia","7":"product_cat-historia-2_humanidades","9":"first","10":"instock","11":"taxable","12":"shipping-taxable","13":"purchasable","14":"product-type-simple"},"acf":{"autor":"HURTADO, LARRY W.","codart":"843011958","libros-coleccion":"Biblioteca de Estudios B\u00edblicos","ediciones":"1","encuadernacion":"R\u00fastica","fecha_de_publicacion":"22\/02\/2017","novedad":"1","paginas":"288","subtitulo":"EL CRISTIANISMO EN EL MUNDO ANTIGUO","orden":"0","portada":"0","idioma":"spa","editorial":[{"ID":6364,"post_author":"3","post_date":"2022-07-28 17:50:36","post_date_gmt":"2022-07-28 15:50:36","post_content":"","post_title":"S\u00edgueme","post_excerpt":"","post_status":"publish","comment_status":"closed","ping_status":"closed","post_password":"","post_name":"sigueme","to_ping":"","pinged":"","post_modified":"2022-07-28 17:50:36","post_modified_gmt":"2022-07-28 15:50:36","post_content_filtered":"","post_parent":0,"guid":"http:\/\/dev.claret.cat\/editorial\/sigueme\/","menu_order":0,"post_type":"editorial","post_mime_type":"","comment_count":"0","filter":"raw"}],"autores-libros":[{"ID":292759,"post_author":"3","post_date":"2022-12-11 02:02:02","post_date_gmt":"2022-12-11 01:02:02","post_content":"","post_title":"LARRY W. HURTADO","post_excerpt":"","post_status":"publish","comment_status":"closed","ping_status":"closed","post_password":"","post_name":"larry-w-hurtado","to_ping":"","pinged":"","post_modified":"2022-12-11 02:02:02","post_modified_gmt":"2022-12-11 01:02:02","post_content_filtered":"","post_parent":0,"guid":"http:\/\/dev.claret.cat\/autor\/larry-w-hurtado\/","menu_order":0,"post_type":"autor","post_mime_type":"","comment_count":"0","filter":"raw"}],"booktrailer":"","resenas":""},"aioseo_notices":[],"_links":{"self":[{"href":"https:\/\/www.claret.cat\/es\/wp-json\/wp\/v2\/product\/216299","targetHints":{"allow":["GET"]}}],"collection":[{"href":"https:\/\/www.claret.cat\/es\/wp-json\/wp\/v2\/product"}],"about":[{"href":"https:\/\/www.claret.cat\/es\/wp-json\/wp\/v2\/types\/product"}],"wp:featuredmedia":[{"embeddable":true,"href":"https:\/\/www.claret.cat\/es\/wp-json\/wp\/v2\/media\/342124"}],"wp:attachment":[{"href":"https:\/\/www.claret.cat\/es\/wp-json\/wp\/v2\/media?parent=216299"}],"wp:term":[{"taxonomy":"product_brand","embeddable":true,"href":"https:\/\/www.claret.cat\/es\/wp-json\/wp\/v2\/product_brand?post=216299"},{"taxonomy":"product_cat","embeddable":true,"href":"https:\/\/www.claret.cat\/es\/wp-json\/wp\/v2\/product_cat?post=216299"},{"taxonomy":"product_tag","embeddable":true,"href":"https:\/\/www.claret.cat\/es\/wp-json\/wp\/v2\/product_tag?post=216299"}],"curies":[{"name":"wp","href":"https:\/\/api.w.org\/{rel}","templated":true}]}}