{"id":216308,"date":"2022-10-20T14:01:13","date_gmt":"2022-10-20T12:01:13","guid":{"rendered":"http:\/\/dev.claret.cat\/producte\/el-pulso-del-cotidiano\/"},"modified":"2025-09-19T19:21:11","modified_gmt":"2025-09-19T17:21:11","slug":"el-pulso-del-cotidiano-9788433028969","status":"publish","type":"product","link":"https:\/\/www.claret.cat\/es\/libro\/el-pulso-del-cotidiano-9788433028969\/","title":{"rendered":"EL PULSO DEL COTIDIANO"},"content":{"rendered":"<p>He aqu\u00ed el resultado de lo que ha sido concebido y realizado como un aut\u00e9ntico ejercicio de recreaci\u00f3n de las vivencias cotidianas, de aproximaci\u00f3n -en clave diferente, desde una actitud creativa- a las personas, a las cosas y a los acontecimientos. Es un intento de aproximaci\u00f3n al pulso, a la vibraci\u00f3n que subyace incluso a los objetos y sucesos m\u00e1s sencillos, habituales y cotidianos. Habitualmente vivimos echando un pulso, enfrent\u00e1ndonos, resistiendo o, simplemente, soportando lo cotidiano. Pero tambi\u00e9n tenemos la posibilidad de vivirlo como pulso en el sentido de pulsaci\u00f3n. Entonces lo cotidiano pasa a ser el cotidiano, un \u00e1mbito que, desde lo m\u00e1s trivial, rutinario y ordinario, nos ilumina y nos ayuda a avanzar por el sendero de la propia realizaci\u00f3n. El cotidiano, con toda su carga, densidad y riqueza, es nuestro punto de partida y nuestro punto de llegada. Entre ambos puntos hay todo un proceso deseoso de hacerse experiencia vital en cada ser humano. Este libro invita al lector a hacer propia esa impresionante experiencia.<br \/> Jos\u00e9 Mar\u00eda Toro (Lora del R\u00edo, 1961) es maestro de educaci\u00f3n primaria y especialista en distintos \u00e1mbitos de la Expresi\u00f3n y la Comunicaci\u00f3n. Es tambi\u00e9n profesor del Sistema Consciente para la T\u00e9cnica del Movimiento. Entre sus aportaciones m\u00e1s relevantes y originales destaca la visi\u00f3n y el papel del cuerpo en los procesos de crecimiento y desarrollo personal, la incorporaci\u00f3n de la dimensi\u00f3n afectiva y emocional en la cotidianeidad escolar as\u00ed como una nueva consideraci\u00f3n del descanso y del silencio. Ha publicado gran variedad de art\u00edculos vinculados con la educaci\u00f3n y el desarrollo personal. Es autor de los libros: Mi alegr\u00eda sobre el puente, La vida maestra, La sabidur\u00eda de vivir, Educar con co-raz\u00f3n y Descanser, descansar para ser.<\/p>\n","protected":false},"excerpt":{"rendered":"<p>TORO, JOS\u00c9 MAR\u00cdA<\/p>\n","protected":false},"featured_media":346862,"template":"","meta":{"_acf_changed":false,"om_disable_all_campaigns":false,"rs_blank_template":"","rs_page_bg_color":"","slide_template_v7":"","inline_featured_image":false,"_monsterinsights_skip_tracking":false,"_monsterinsights_sitenote_active":false,"_monsterinsights_sitenote_note":"","_monsterinsights_sitenote_category":0},"product_brand":[],"product_cat":[81,347],"product_tag":[],"class_list":{"0":"post-216308","1":"product","2":"type-product","3":"status-publish","4":"has-post-thumbnail","6":"product_cat-psicologia","7":"product_cat-psicologia-2_humanidades","9":"first","10":"instock","11":"taxable","12":"shipping-taxable","13":"purchasable","14":"product-type-simple"},"acf":{"autor":"TORO, JOS\u00c9 MAR\u00cdA","codart":"843302896","libros-coleccion":"A los cuatro vientos","ediciones":"1","encuadernacion":"R\u00fastica","fecha_de_publicacion":"22\/02\/2017","novedad":"1","paginas":"320","subtitulo":"SER - HACERSE - VIVIR - REALIZARSE","orden":"0","portada":"0","idioma":"spa","editorial":[{"ID":6179,"post_author":"3","post_date":"2022-07-28 17:46:36","post_date_gmt":"2022-07-28 15:46:36","post_content":"","post_title":"DESCLEE DE BROUWER","post_excerpt":"","post_status":"publish","comment_status":"closed","ping_status":"closed","post_password":"","post_name":"desclee-de-brouwer","to_ping":"","pinged":"","post_modified":"2022-07-28 17:46:36","post_modified_gmt":"2022-07-28 15:46:36","post_content_filtered":"","post_parent":0,"guid":"http:\/\/dev.claret.cat\/editorial\/desclee-de-brouwer\/","menu_order":0,"post_type":"editorial","post_mime_type":"","comment_count":"0","filter":"raw"}],"autores-libros":[{"ID":160499,"post_author":"3","post_date":"2022-10-14 15:53:34","post_date_gmt":"2022-10-14 13:53:34","post_content":"","post_title":"JOSE MARIA TORO","post_excerpt":"","post_status":"publish","comment_status":"closed","ping_status":"closed","post_password":"","post_name":"jose-maria-toro","to_ping":"","pinged":"","post_modified":"2022-10-14 15:53:34","post_modified_gmt":"2022-10-14 13:53:34","post_content_filtered":"","post_parent":0,"guid":"http:\/\/dev.claret.cat\/autor\/jose-maria-toro\/","menu_order":0,"post_type":"autor","post_mime_type":"","comment_count":"0","filter":"raw"}],"booktrailer":"","resenas":""},"aioseo_notices":[],"_links":{"self":[{"href":"https:\/\/www.claret.cat\/es\/wp-json\/wp\/v2\/product\/216308","targetHints":{"allow":["GET"]}}],"collection":[{"href":"https:\/\/www.claret.cat\/es\/wp-json\/wp\/v2\/product"}],"about":[{"href":"https:\/\/www.claret.cat\/es\/wp-json\/wp\/v2\/types\/product"}],"wp:featuredmedia":[{"embeddable":true,"href":"https:\/\/www.claret.cat\/es\/wp-json\/wp\/v2\/media\/346862"}],"wp:attachment":[{"href":"https:\/\/www.claret.cat\/es\/wp-json\/wp\/v2\/media?parent=216308"}],"wp:term":[{"taxonomy":"product_brand","embeddable":true,"href":"https:\/\/www.claret.cat\/es\/wp-json\/wp\/v2\/product_brand?post=216308"},{"taxonomy":"product_cat","embeddable":true,"href":"https:\/\/www.claret.cat\/es\/wp-json\/wp\/v2\/product_cat?post=216308"},{"taxonomy":"product_tag","embeddable":true,"href":"https:\/\/www.claret.cat\/es\/wp-json\/wp\/v2\/product_tag?post=216308"}],"curies":[{"name":"wp","href":"https:\/\/api.w.org\/{rel}","templated":true}]}}