{"id":216320,"date":"2022-10-20T14:01:30","date_gmt":"2022-10-20T12:01:30","guid":{"rendered":"http:\/\/dev.claret.cat\/producte\/luke-examina-tus-sentimientos\/"},"modified":"2024-05-02T06:18:22","modified_gmt":"2024-05-02T04:18:22","slug":"luke-examina-tus-sentimientos-9788428830867","status":"publish","type":"product","link":"https:\/\/www.claret.cat\/es\/libro\/luke-examina-tus-sentimientos-9788428830867\/","title":{"rendered":"LUKE, EXAMINA TUS SENTIMIENTOS"},"content":{"rendered":"<p>Esta obra es una gu\u00eda para mejorar el discernimiento familiar y\u00a0d\u00e1ndole capacidad para viajar por las galaxias de la exitencia. Se pueden encontrar en Star Wars pistas que ayuden a los familiares si atendemos a personajes positivos como los jedi Yoda u Obi-Wan Kenobi. En cuanto a personajes m\u00e1s d\u00edscolos, Darth Vader quiz\u00e1 ha dado un solo \u00fatil consejo a padres e hijos, y extremadamente necesario: para conocer la verdad, \u00abexamina tus sentimientos\u00bb. Hacer que su v\u00e1stago contemplara a su propio coraz\u00f3n acab\u00f3 cambi\u00e1ndole a \u00e9l. El discernimiento en la familia consiste sobre todo en eso: examinar los sentimientos que en lo m\u00e1s \u00edntimo de la persona y el grupo suscitan los acontecimientos, \u00e1nimos o dudas que precisamos aclarar. En general no es bueno continuar los caminos oscuros de Vader, pero, cuando se trata del instante de la verdad, hay que hacerle caso. La obra propone un itinerario pr\u00e1ctico para que las familias logren capacidades de discernimiento grupal.<\/p>\n","protected":false},"excerpt":{"rendered":"<p>VIDAL, FERNANDO<\/p>\n","protected":false},"featured_media":337617,"template":"","meta":{"_acf_changed":false,"om_disable_all_campaigns":false,"rs_blank_template":"","rs_page_bg_color":"","slide_template_v7":"","inline_featured_image":false,"_monsterinsights_skip_tracking":false,"_monsterinsights_sitenote_active":false,"_monsterinsights_sitenote_note":"","_monsterinsights_sitenote_category":0},"product_brand":[],"product_cat":[100,550],"product_tag":[],"class_list":{"0":"post-216320","1":"product","2":"type-product","3":"status-publish","4":"has-post-thumbnail","6":"product_cat-escola-de-pares","7":"product_cat-escuela-de-padres-3_infantil-juvenil-spa-spa","9":"first","10":"instock","11":"taxable","12":"shipping-taxable","13":"purchasable","14":"product-type-simple"},"acf":{"autor":"VIDAL, FERNANDO","codart":"842883086","libros-coleccion":"Educar Pr\u00e1ctico","ediciones":"1","encuadernacion":"R\u00fastica","fecha_de_publicacion":"20\/02\/2017","novedad":"1","paginas":"192","subtitulo":"APRENDER A DISCERNIR EN FAMILIA","orden":"0","portada":"0","idioma":"spa","editorial":[{"ID":6335,"post_author":"3","post_date":"2022-07-28 17:49:59","post_date_gmt":"2022-07-28 15:49:59","post_content":"","post_title":"PPC altres","post_excerpt":"","post_status":"publish","comment_status":"closed","ping_status":"closed","post_password":"","post_name":"ppc-altres","to_ping":"","pinged":"","post_modified":"2022-07-28 17:49:59","post_modified_gmt":"2022-07-28 15:49:59","post_content_filtered":"","post_parent":0,"guid":"http:\/\/dev.claret.cat\/editorial\/ppc-altres\/","menu_order":0,"post_type":"editorial","post_mime_type":"","comment_count":"0","filter":"raw"}],"autores-libros":[{"ID":155879,"post_author":"3","post_date":"2022-10-14 15:16:21","post_date_gmt":"2022-10-14 13:16:21","post_content":"","post_title":"FERNANDO VIDAL","post_excerpt":"","post_status":"publish","comment_status":"closed","ping_status":"closed","post_password":"","post_name":"fernando-vidal","to_ping":"","pinged":"","post_modified":"2022-10-14 15:16:21","post_modified_gmt":"2022-10-14 13:16:21","post_content_filtered":"","post_parent":0,"guid":"http:\/\/dev.claret.cat\/autor\/fernando-vidal\/","menu_order":0,"post_type":"autor","post_mime_type":"","comment_count":"0","filter":"raw"}]},"aioseo_notices":[],"_links":{"self":[{"href":"https:\/\/www.claret.cat\/es\/wp-json\/wp\/v2\/product\/216320","targetHints":{"allow":["GET"]}}],"collection":[{"href":"https:\/\/www.claret.cat\/es\/wp-json\/wp\/v2\/product"}],"about":[{"href":"https:\/\/www.claret.cat\/es\/wp-json\/wp\/v2\/types\/product"}],"wp:featuredmedia":[{"embeddable":true,"href":"https:\/\/www.claret.cat\/es\/wp-json\/wp\/v2\/media\/337617"}],"wp:attachment":[{"href":"https:\/\/www.claret.cat\/es\/wp-json\/wp\/v2\/media?parent=216320"}],"wp:term":[{"taxonomy":"product_brand","embeddable":true,"href":"https:\/\/www.claret.cat\/es\/wp-json\/wp\/v2\/product_brand?post=216320"},{"taxonomy":"product_cat","embeddable":true,"href":"https:\/\/www.claret.cat\/es\/wp-json\/wp\/v2\/product_cat?post=216320"},{"taxonomy":"product_tag","embeddable":true,"href":"https:\/\/www.claret.cat\/es\/wp-json\/wp\/v2\/product_tag?post=216320"}],"curies":[{"name":"wp","href":"https:\/\/api.w.org\/{rel}","templated":true}]}}