{"id":216344,"date":"2022-10-20T14:02:02","date_gmt":"2022-10-20T12:02:02","guid":{"rendered":"http:\/\/dev.claret.cat\/producte\/las-iglesias-orientales-catolicas\/"},"modified":"2024-05-22T20:13:41","modified_gmt":"2024-05-22T18:13:41","slug":"las-iglesias-orientales-catolicas-9788498059793","status":"publish","type":"product","link":"https:\/\/www.claret.cat\/es\/libro\/las-iglesias-orientales-catolicas-9788498059793\/","title":{"rendered":"LAS IGLESIAS ORIENTALES CAT\u00d3LICAS"},"content":{"rendered":"<p>&#8221;La cuesti\u00f3n de la existencia y la supervivencia de las Iglesias cat\u00f3licas en Oriente presenta una tem\u00e1tica complicada, que todav\u00eda hoy sigue siendo desconocida entre los cat\u00f3licos de Occidente y entre los mismos cristianos orientales en aquellos territorios geogr\u00e1ficas donde surgieron estas Iglesias. Esto, pensamos, se debe a dos aspectos principales, como lo son, de un lado, el hecho de ser el oriental una zona de mayor\u00eda ortodoxa y, de otro, la vital incidencia de las condiciones que dieron lugar al nacimiento de nuevas comunidades unidas a la Iglesia de Roma, despu\u00e9s de las diferentes separaciones que hubo entre estas dos extensas comunidades de la cristiandad, la de Oriente y Occidente, a lo largo de dos mil a\u00f1os&#8221;. A este reto responde el autor con una descripci\u00f3n sistem\u00e1tica de las 23 Iglesias orientales cat\u00f3licas, de sus inicios, de su tradici\u00f3n y de su situaci\u00f3n en este momento, tan afectada por la forzosa emigraci\u00f3n de muchos cristianos de Oriente.   Jos\u00e9 Manuel Fern\u00e1ndez Rodr\u00edguez (Granada, 1977) es laico, profesor de educaci\u00f3n f\u00edsica y de religi\u00f3n, y licenciado en estudios eclesi\u00e1sticos y en teolog\u00eda hist\u00f3rico-dogm\u00e1tica por la Facultad de Teolog\u00eda de Granada.<\/p>\n","protected":false},"excerpt":{"rendered":"<p>FERN\u00c1NDEZ RODR\u00cdGUEZ, JOS\u00c9 MANUEL<\/p>\n","protected":false},"featured_media":366438,"template":"","meta":{"_acf_changed":false,"om_disable_all_campaigns":false,"rs_blank_template":"","rs_page_bg_color":"","slide_template_v7":"","inline_featured_image":false,"_monsterinsights_skip_tracking":false,"_monsterinsights_sitenote_active":false,"_monsterinsights_sitenote_note":"","_monsterinsights_sitenote_category":0},"product_brand":[],"product_cat":[345,79,544,94],"product_tag":[],"class_list":{"0":"post-216344","1":"product","2":"type-product","3":"status-publish","4":"has-post-thumbnail","6":"product_cat-espiritualidad","7":"product_cat-espiritualitat","8":"product_cat-religiones","9":"product_cat-religions","11":"first","12":"outofstock","13":"taxable","14":"shipping-taxable","15":"purchasable","16":"product-type-simple"},"acf":{"autor":"FERN\u00c1NDEZ RODR\u00cdGUEZ, JOS\u00c9 MANUEL","codart":"849805979","libros-coleccion":"SUSHI BOOKS","ediciones":"1","encuadernacion":"R\u00fastica","fecha_de_publicacion":"17\/02\/2017","novedad":"1","paginas":"388","subtitulo":"SU NUEVO CONTEXTO E IDENTIDAD ECLESIAL","orden":"0","portada":"0","idioma":"spa","editorial":[{"ID":6172,"post_author":"3","post_date":"2022-07-28 17:46:27","post_date_gmt":"2022-07-28 15:46:27","post_content":"","post_title":"CPL","post_excerpt":"","post_status":"publish","comment_status":"closed","ping_status":"closed","post_password":"","post_name":"cpl","to_ping":"","pinged":"","post_modified":"2022-07-28 17:46:27","post_modified_gmt":"2022-07-28 15:46:27","post_content_filtered":"","post_parent":0,"guid":"http:\/\/dev.claret.cat\/editorial\/cpl\/","menu_order":0,"post_type":"editorial","post_mime_type":"","comment_count":"0","filter":"raw"}],"autores-libros":[{"ID":160402,"post_author":"3","post_date":"2022-10-14 15:52:47","post_date_gmt":"2022-10-14 13:52:47","post_content":"","post_title":"JOS\u00c9 MANUEL FERN\u00c1NDEZ RODR\u00cdGUEZ","post_excerpt":"","post_status":"publish","comment_status":"closed","ping_status":"closed","post_password":"","post_name":"jose-manuel-fernandez-rodriguez","to_ping":"","pinged":"","post_modified":"2022-10-14 15:52:47","post_modified_gmt":"2022-10-14 13:52:47","post_content_filtered":"","post_parent":0,"guid":"http:\/\/dev.claret.cat\/autor\/jose-manuel-fernandez-rodriguez\/","menu_order":0,"post_type":"autor","post_mime_type":"","comment_count":"0","filter":"raw"}]},"aioseo_notices":[],"_links":{"self":[{"href":"https:\/\/www.claret.cat\/es\/wp-json\/wp\/v2\/product\/216344","targetHints":{"allow":["GET"]}}],"collection":[{"href":"https:\/\/www.claret.cat\/es\/wp-json\/wp\/v2\/product"}],"about":[{"href":"https:\/\/www.claret.cat\/es\/wp-json\/wp\/v2\/types\/product"}],"wp:featuredmedia":[{"embeddable":true,"href":"https:\/\/www.claret.cat\/es\/wp-json\/wp\/v2\/media\/366438"}],"wp:attachment":[{"href":"https:\/\/www.claret.cat\/es\/wp-json\/wp\/v2\/media?parent=216344"}],"wp:term":[{"taxonomy":"product_brand","embeddable":true,"href":"https:\/\/www.claret.cat\/es\/wp-json\/wp\/v2\/product_brand?post=216344"},{"taxonomy":"product_cat","embeddable":true,"href":"https:\/\/www.claret.cat\/es\/wp-json\/wp\/v2\/product_cat?post=216344"},{"taxonomy":"product_tag","embeddable":true,"href":"https:\/\/www.claret.cat\/es\/wp-json\/wp\/v2\/product_tag?post=216344"}],"curies":[{"name":"wp","href":"https:\/\/api.w.org\/{rel}","templated":true}]}}