{"id":216458,"date":"2022-10-20T14:04:31","date_gmt":"2022-10-20T12:04:31","guid":{"rendered":"http:\/\/dev.claret.cat\/producte\/quaderns-per-pintar-gaudi-i-el-modernisme\/"},"modified":"2026-04-01T17:45:54","modified_gmt":"2026-04-01T15:45:54","slug":"quaderns-per-pintar-gaudi-i-el-modernisme-9788498835250","status":"publish","type":"product","link":"https:\/\/www.claret.cat\/es\/libro\/quaderns-per-pintar-gaudi-i-el-modernisme-9788498835250\/","title":{"rendered":"QUADERNS PER PINTAR &#8211; GAUD\u00cd I EL MODERNISME"},"content":{"rendered":"<p>En aquests quaderns hi trobar\u00e0s dibuixos dels edificis de Gaud\u00ed i d&#8221;altres arquitectes del Modernisme. Tots els pots visitar a Barcelona. Pinta&#8221;ls i de passada, practica idiomes!<\/p>\n","protected":false},"excerpt":{"rendered":"<p>ABADIA DE MONTSERRAT<\/p>\n","protected":false},"featured_media":1094185,"template":"","meta":{"_acf_changed":false,"om_disable_all_campaigns":false,"rs_blank_template":"","rs_page_bg_color":"","slide_template_v7":"","inline_featured_image":false,"_monsterinsights_skip_tracking":false,"_monsterinsights_sitenote_active":false,"_monsterinsights_sitenote_note":"","_monsterinsights_sitenote_category":0},"product_brand":[],"product_cat":[86,352],"product_tag":[],"class_list":{"0":"post-216458","1":"product","2":"type-product","3":"status-publish","4":"has-post-thumbnail","6":"product_cat-infantil","7":"product_cat-infantil-3_infantil-juvenil-spa","9":"first","10":"instock","11":"taxable","12":"shipping-taxable","13":"purchasable","14":"product-type-simple"},"acf":{"autor":"ABADIA DE MONTSERRAT","codart":"849883525","libros-coleccion":"SUSHI BOOKS","ediciones":"2","encuadernacion":"R\u00fastica","fecha_de_publicacion":"09\/02\/2017","novedad":"1","paginas":"32","subtitulo":"","orden":"0","portada":"0","idioma":"cat","editorial":[{"ID":8266,"post_author":"3","post_date":"2022-09-30 09:21:36","post_date_gmt":"2022-09-30 07:21:36","post_content":"","post_title":"PUBLICACIONS DE L'ABADIA DE MONTSERRAT","post_excerpt":"","post_status":"publish","comment_status":"closed","ping_status":"closed","post_password":"","post_name":"publicacions-de-labadia-de-montserrat-5","to_ping":"","pinged":"","post_modified":"2022-09-30 09:21:36","post_modified_gmt":"2022-09-30 07:21:36","post_content_filtered":"","post_parent":0,"guid":"http:\/\/dev.claret.cat\/editorial\/publicacions-de-labadia-de-montserrat-5\/","menu_order":0,"post_type":"editorial","post_mime_type":"","comment_count":"0","filter":"raw"}],"autores-libros":[{"ID":149057,"post_author":"3","post_date":"2022-10-14 14:21:49","post_date_gmt":"2022-10-14 12:21:49","post_content":"","post_title":"ABADIA DE MONTSERRAT","post_excerpt":"","post_status":"publish","comment_status":"closed","ping_status":"closed","post_password":"","post_name":"abadia-de-montserrat","to_ping":"","pinged":"","post_modified":"2022-10-14 14:21:49","post_modified_gmt":"2022-10-14 12:21:49","post_content_filtered":"","post_parent":0,"guid":"http:\/\/dev.claret.cat\/autor\/abadia-de-montserrat\/","menu_order":0,"post_type":"autor","post_mime_type":"","comment_count":"0","filter":"raw"}],"booktrailer":"","resenas":""},"aioseo_notices":[],"_links":{"self":[{"href":"https:\/\/www.claret.cat\/es\/wp-json\/wp\/v2\/product\/216458","targetHints":{"allow":["GET"]}}],"collection":[{"href":"https:\/\/www.claret.cat\/es\/wp-json\/wp\/v2\/product"}],"about":[{"href":"https:\/\/www.claret.cat\/es\/wp-json\/wp\/v2\/types\/product"}],"wp:featuredmedia":[{"embeddable":true,"href":"https:\/\/www.claret.cat\/es\/wp-json\/wp\/v2\/media\/1094185"}],"wp:attachment":[{"href":"https:\/\/www.claret.cat\/es\/wp-json\/wp\/v2\/media?parent=216458"}],"wp:term":[{"taxonomy":"product_brand","embeddable":true,"href":"https:\/\/www.claret.cat\/es\/wp-json\/wp\/v2\/product_brand?post=216458"},{"taxonomy":"product_cat","embeddable":true,"href":"https:\/\/www.claret.cat\/es\/wp-json\/wp\/v2\/product_cat?post=216458"},{"taxonomy":"product_tag","embeddable":true,"href":"https:\/\/www.claret.cat\/es\/wp-json\/wp\/v2\/product_tag?post=216458"}],"curies":[{"name":"wp","href":"https:\/\/api.w.org\/{rel}","templated":true}]}}