{"id":216503,"date":"2022-10-20T14:05:31","date_gmt":"2022-10-20T12:05:31","guid":{"rendered":"http:\/\/dev.claret.cat\/producte\/matteo-ricci\/"},"modified":"2026-04-01T04:19:42","modified_gmt":"2026-04-01T02:19:42","slug":"matteo-ricci-9788427139695","status":"publish","type":"product","link":"https:\/\/www.claret.cat\/es\/libro\/matteo-ricci-9788427139695\/","title":{"rendered":"MATTEO RICCI"},"content":{"rendered":"<p>En el s. XVI, el jesuita Matteo Ricci, realiz\u00f3 su llegada a la China de los Ming para reactivar la acci\u00f3n misionera de Francisco de Javier. Ricci empez\u00f3 una evangelizaci\u00f3n con mucho \u00e9xito basada en el di\u00e1logo. Gracias a su enorme carisma y a su conocimiento del mandar\u00edn, logr\u00f3 relacionarse con significativos funcionarios y cient\u00edficos, creando un di\u00e1logo religioso y cient\u00edfico que acort\u00f3 distancias entre Oriente y Occidente.<\/p>\n","protected":false},"excerpt":{"rendered":"<p>FONTANA, MICHELA<\/p>\n","protected":false},"featured_media":332301,"template":"","meta":{"_acf_changed":false,"om_disable_all_campaigns":false,"rs_blank_template":"","rs_page_bg_color":"","slide_template_v7":"","inline_featured_image":false,"_monsterinsights_skip_tracking":false,"_monsterinsights_sitenote_active":false,"_monsterinsights_sitenote_note":"","_monsterinsights_sitenote_category":0},"product_brand":[],"product_cat":[345,79,351,85,350,84,542,92],"product_tag":[],"class_list":{"0":"post-216503","1":"product","2":"type-product","3":"status-publish","4":"has-post-thumbnail","6":"product_cat-espiritualidad","7":"product_cat-espiritualitat","8":"product_cat-historia-2_humanidades","9":"product_cat-historia","10":"product_cat-sociologia-2_humanidades","11":"product_cat-sociologia","12":"product_cat-vida-religiosa-1_espiritualidad-spa","13":"product_cat-vida-religiosa","15":"first","16":"instock","17":"taxable","18":"shipping-taxable","19":"purchasable","20":"product-type-simple"},"acf":{"autor":"FONTANA, MICHELA","codart":"842713969","libros-coleccion":"Jesuitas","ediciones":"1","encuadernacion":"R\u00fastica","fecha_de_publicacion":"02\/02\/2017","novedad":"1","paginas":"362","subtitulo":"UN JESUITA EN LA CORTE DE LOS MING","orden":"0","portada":"0","idioma":"spa","editorial":[{"ID":8258,"post_author":"3","post_date":"2022-09-30 09:21:32","post_date_gmt":"2022-09-30 07:21:32","post_content":"","post_title":"MENSAJERO","post_excerpt":"","post_status":"publish","comment_status":"closed","ping_status":"closed","post_password":"","post_name":"mensajero","to_ping":"","pinged":"","post_modified":"2022-09-30 09:21:32","post_modified_gmt":"2022-09-30 07:21:32","post_content_filtered":"","post_parent":0,"guid":"http:\/\/dev.claret.cat\/editorial\/mensajero\/","menu_order":0,"post_type":"editorial","post_mime_type":"","comment_count":"0","filter":"raw"}],"autores-libros":[{"ID":282763,"post_author":"3","post_date":"2022-12-10 00:55:16","post_date_gmt":"2022-12-09 23:55:16","post_content":"","post_title":"MICHELA FONTANA","post_excerpt":"","post_status":"publish","comment_status":"closed","ping_status":"closed","post_password":"","post_name":"michela-fontana","to_ping":"","pinged":"","post_modified":"2022-12-10 00:55:16","post_modified_gmt":"2022-12-09 23:55:16","post_content_filtered":"","post_parent":0,"guid":"http:\/\/dev.claret.cat\/autor\/michela-fontana\/","menu_order":0,"post_type":"autor","post_mime_type":"","comment_count":"0","filter":"raw"}],"booktrailer":"","resenas":""},"aioseo_notices":[],"_links":{"self":[{"href":"https:\/\/www.claret.cat\/es\/wp-json\/wp\/v2\/product\/216503","targetHints":{"allow":["GET"]}}],"collection":[{"href":"https:\/\/www.claret.cat\/es\/wp-json\/wp\/v2\/product"}],"about":[{"href":"https:\/\/www.claret.cat\/es\/wp-json\/wp\/v2\/types\/product"}],"wp:featuredmedia":[{"embeddable":true,"href":"https:\/\/www.claret.cat\/es\/wp-json\/wp\/v2\/media\/332301"}],"wp:attachment":[{"href":"https:\/\/www.claret.cat\/es\/wp-json\/wp\/v2\/media?parent=216503"}],"wp:term":[{"taxonomy":"product_brand","embeddable":true,"href":"https:\/\/www.claret.cat\/es\/wp-json\/wp\/v2\/product_brand?post=216503"},{"taxonomy":"product_cat","embeddable":true,"href":"https:\/\/www.claret.cat\/es\/wp-json\/wp\/v2\/product_cat?post=216503"},{"taxonomy":"product_tag","embeddable":true,"href":"https:\/\/www.claret.cat\/es\/wp-json\/wp\/v2\/product_tag?post=216503"}],"curies":[{"name":"wp","href":"https:\/\/api.w.org\/{rel}","templated":true}]}}