{"id":21661,"date":"2022-10-02T09:37:56","date_gmt":"2022-10-02T07:37:56","guid":{"rendered":"http:\/\/dev.claret.cat\/producte\/las-historias-mas-bellas-de-la-iliada\/"},"modified":"2023-10-06T10:06:25","modified_gmt":"2023-10-06T08:06:25","slug":"las-historias-mas-bellas-de-la-iliada-9788412394078","status":"publish","type":"product","link":"https:\/\/www.claret.cat\/es\/libro\/las-historias-mas-bellas-de-la-iliada-9788412394078\/","title":{"rendered":"LAS HISTORIAS M\u00c1S BELLAS DE LA IL\u00cdADA"},"content":{"rendered":"<p>Este libro ofrece una selecci\u00f3n de las aventuras de Aquiles ocurridas en el \u00faltimo a\u00f1o de la famosa Guerra de Troya. Durante cincuenta y un d\u00edas el semidi\u00f3s fue el m\u00e1s astuto de los guerreros aqueos en su lucha contra los troyanos. La ira de Aquiles y su enfrentamiento con Agamen\u00f3n, el duelo por Helena o el que enfrent\u00f3 a Paris y Menelao, el poder del<br \/>ej\u00e9rcito de H\u00e9ctor, la valent\u00eda de Patroclo, las l\u00e1grimas de Pr\u00edamo&#8230; Todas estas historias forman un universo \u00e9pico que, explicado de manera sencilla y magn\u00edficamente ilustrado, fascina a todos desde hace muchos siglos, ahora tambi\u00e9n a los m\u00e1s peque\u00f1os.<\/p>\n","protected":false},"excerpt":{"rendered":"<p>CINGOLI, LORENZA \/ FORTI, MARTINA<\/p>\n","protected":false},"featured_media":58013,"template":"","meta":{"_acf_changed":false,"om_disable_all_campaigns":false,"rs_blank_template":"","rs_page_bg_color":"","slide_template_v7":"","inline_featured_image":false,"_monsterinsights_skip_tracking":false,"_monsterinsights_sitenote_active":false,"_monsterinsights_sitenote_note":"","_monsterinsights_sitenote_category":0},"product_brand":[],"product_cat":[362],"product_tag":[],"class_list":{"0":"post-21661","1":"product","2":"type-product","3":"status-publish","4":"has-post-thumbnail","6":"product_cat-libros-preadolescentes-6-12-anos","8":"first","9":"instock","10":"taxable","11":"shipping-taxable","12":"purchasable","13":"product-type-simple"},"acf":{"autor":"CINGOLI, LORENZA \/ FORTI, MARTINA","codart":"841239407","libros-coleccion":"FORA DE COL.LECCI\u00d3","ediciones":"1","encuadernacion":"Carton\u00e9","fecha_de_publicacion":"01\/03\/2022","novedad":"1","paginas":"192","subtitulo":"","orden":"0","portada":"0","idioma":"spa","editorial":[{"ID":6262,"post_author":"3","post_date":"2022-07-28 17:48:26","post_date_gmt":"2022-07-28 15:48:26","post_content":"","post_title":"Gribaudo","post_excerpt":"","post_status":"publish","comment_status":"closed","ping_status":"closed","post_password":"","post_name":"gribaudo","to_ping":"","pinged":"","post_modified":"2022-07-28 17:48:26","post_modified_gmt":"2022-07-28 15:48:26","post_content_filtered":"","post_parent":0,"guid":"http:\/\/dev.claret.cat\/editorial\/gribaudo\/","menu_order":0,"post_type":"editorial","post_mime_type":"","comment_count":"0","filter":"raw"}],"autores-libros":[{"ID":162468,"post_author":"3","post_date":"2022-10-14 17:31:15","post_date_gmt":"2022-10-14 15:31:15","post_content":"","post_title":"LORENZA CINGOLI","post_excerpt":"","post_status":"publish","comment_status":"closed","ping_status":"closed","post_password":"","post_name":"lorenza-cingoli-2","to_ping":"","pinged":"","post_modified":"2022-10-14 17:31:15","post_modified_gmt":"2022-10-14 15:31:15","post_content_filtered":"","post_parent":0,"guid":"http:\/\/dev.claret.cat\/autor\/lorenza-cingoli-2\/","menu_order":0,"post_type":"autor","post_mime_type":"","comment_count":"0","filter":"raw"},{"ID":164330,"post_author":"3","post_date":"2022-10-14 17:46:12","post_date_gmt":"2022-10-14 15:46:12","post_content":"","post_title":"MARTINA FORTI","post_excerpt":"","post_status":"publish","comment_status":"closed","ping_status":"closed","post_password":"","post_name":"martina-forti","to_ping":"","pinged":"","post_modified":"2022-10-14 17:46:12","post_modified_gmt":"2022-10-14 15:46:12","post_content_filtered":"","post_parent":0,"guid":"http:\/\/dev.claret.cat\/autor\/martina-forti\/","menu_order":0,"post_type":"autor","post_mime_type":"","comment_count":"0","filter":"raw"}]},"aioseo_notices":[],"_links":{"self":[{"href":"https:\/\/www.claret.cat\/es\/wp-json\/wp\/v2\/product\/21661","targetHints":{"allow":["GET"]}}],"collection":[{"href":"https:\/\/www.claret.cat\/es\/wp-json\/wp\/v2\/product"}],"about":[{"href":"https:\/\/www.claret.cat\/es\/wp-json\/wp\/v2\/types\/product"}],"wp:featuredmedia":[{"embeddable":true,"href":"https:\/\/www.claret.cat\/es\/wp-json\/wp\/v2\/media\/58013"}],"wp:attachment":[{"href":"https:\/\/www.claret.cat\/es\/wp-json\/wp\/v2\/media?parent=21661"}],"wp:term":[{"taxonomy":"product_brand","embeddable":true,"href":"https:\/\/www.claret.cat\/es\/wp-json\/wp\/v2\/product_brand?post=21661"},{"taxonomy":"product_cat","embeddable":true,"href":"https:\/\/www.claret.cat\/es\/wp-json\/wp\/v2\/product_cat?post=21661"},{"taxonomy":"product_tag","embeddable":true,"href":"https:\/\/www.claret.cat\/es\/wp-json\/wp\/v2\/product_tag?post=21661"}],"curies":[{"name":"wp","href":"https:\/\/api.w.org\/{rel}","templated":true}]}}