{"id":216623,"date":"2022-10-20T14:08:14","date_gmt":"2022-10-20T12:08:14","guid":{"rendered":"http:\/\/dev.claret.cat\/producte\/la-ciutat-dels-solitaris\/"},"modified":"2023-01-28T11:04:23","modified_gmt":"2023-01-28T10:04:23","slug":"la-ciutat-dels-solitaris-9788494649097","status":"publish","type":"product","link":"https:\/\/www.claret.cat\/es\/libro\/la-ciutat-dels-solitaris-9788494649097\/","title":{"rendered":"LA CIUTAT DELS SOLITARIS"},"content":{"rendered":"<p>Les morts per accident del germ\u00e0 i la cunyada, a l&#8217;Empord\u00e0, motiven l&#8217;escriptor Maurici Perera a repassar les complexes relacions fraternals, en un entorn marcat per una nissaga d&#8217;arquitectes i per les hist\u00f2ries de joventut que l&#8217;han condu\u00eft fins a la soledat actual.<br \/> D&#8217;altra banda, despr\u00e9s de superar un mes en coma, el nebot Pere ser\u00e0 enviat pels metges de Girona als apartaments familiars d&#8217;Horta per recuperar la mem\u00f2ria. All\u00e0 disposar\u00e0 de testimonis i nous encontres per aclarir els enigmes dels seus or\u00edgens i cobrir totes les llacunes. Tanmateix, despr\u00e9s d&#8217;un any de fer-se c\u00e0rrec de l&#8217;empresa immobili\u00e0ria heretada a la Costa Brava, una carta imprevista li q\u00fcestionar\u00e0 la fugida endavant sense afrontar la seva veritable identitat.<br \/> Una novel\u00b7la que explora un grup familiar, teixit entre idealismes i oportunismes, des del 1930 fins a l&#8217;actualitat, quan totes les her\u00e8ncies es demostren bastardes i les noves generacions en paguen un preu potser massa alt.<\/p>\n","protected":false},"excerpt":{"rendered":"<p>GRAU I ANTOL\u00cd, ISIDRE<\/p>\n","protected":false},"featured_media":216624,"template":"","meta":{"_acf_changed":false,"om_disable_all_campaigns":false,"rs_blank_template":"","rs_page_bg_color":"","slide_template_v7":"","inline_featured_image":false,"_monsterinsights_skip_tracking":false,"_monsterinsights_sitenote_active":false,"_monsterinsights_sitenote_note":"","_monsterinsights_sitenote_category":0},"product_brand":[],"product_cat":[87],"product_tag":[],"class_list":{"0":"post-216623","1":"product","2":"type-product","3":"status-publish","4":"has-post-thumbnail","6":"product_cat-literatura","8":"first","9":"instock","10":"taxable","11":"shipping-taxable","12":"purchasable","13":"product-type-simple"},"acf":{"autor":"GRAU I ANTOL\u00cd, ISIDRE","codart":"849464909","libros-coleccion":"FORA DE COL.LECCI\u00d3","ediciones":"1","encuadernacion":"R\u00fastica","fecha_de_publicacion":"01\/02\/2017","novedad":"1","paginas":"259","subtitulo":"","orden":"0","portada":"0","idioma":"cat","editorial":[{"ID":147983,"post_author":"3","post_date":"2022-10-14 11:54:44","post_date_gmt":"2022-10-14 09:54:44","post_content":"","post_title":"Editorial Gregal","post_excerpt":"","post_status":"publish","comment_status":"closed","ping_status":"closed","post_password":"","post_name":"editorial-gregal","to_ping":"","pinged":"","post_modified":"2022-10-14 11:54:44","post_modified_gmt":"2022-10-14 09:54:44","post_content_filtered":"","post_parent":0,"guid":"http:\/\/dev.claret.cat\/editorial\/editorial-gregal\/","menu_order":0,"post_type":"editorial","post_mime_type":"","comment_count":"0","filter":"raw"}],"autores-libros":[{"ID":158125,"post_author":"3","post_date":"2022-10-14 15:34:21","post_date_gmt":"2022-10-14 13:34:21","post_content":"","post_title":"ISIDRE GRAU","post_excerpt":"","post_status":"publish","comment_status":"closed","ping_status":"closed","post_password":"","post_name":"isidre-grau","to_ping":"","pinged":"","post_modified":"2022-10-14 15:34:21","post_modified_gmt":"2022-10-14 13:34:21","post_content_filtered":"","post_parent":0,"guid":"http:\/\/dev.claret.cat\/autor\/isidre-grau\/","menu_order":0,"post_type":"autor","post_mime_type":"","comment_count":"0","filter":"raw"}]},"aioseo_notices":[],"_links":{"self":[{"href":"https:\/\/www.claret.cat\/es\/wp-json\/wp\/v2\/product\/216623","targetHints":{"allow":["GET"]}}],"collection":[{"href":"https:\/\/www.claret.cat\/es\/wp-json\/wp\/v2\/product"}],"about":[{"href":"https:\/\/www.claret.cat\/es\/wp-json\/wp\/v2\/types\/product"}],"wp:featuredmedia":[{"embeddable":true,"href":"https:\/\/www.claret.cat\/es\/wp-json\/wp\/v2\/media\/216624"}],"wp:attachment":[{"href":"https:\/\/www.claret.cat\/es\/wp-json\/wp\/v2\/media?parent=216623"}],"wp:term":[{"taxonomy":"product_brand","embeddable":true,"href":"https:\/\/www.claret.cat\/es\/wp-json\/wp\/v2\/product_brand?post=216623"},{"taxonomy":"product_cat","embeddable":true,"href":"https:\/\/www.claret.cat\/es\/wp-json\/wp\/v2\/product_cat?post=216623"},{"taxonomy":"product_tag","embeddable":true,"href":"https:\/\/www.claret.cat\/es\/wp-json\/wp\/v2\/product_tag?post=216623"}],"curies":[{"name":"wp","href":"https:\/\/api.w.org\/{rel}","templated":true}]}}