{"id":216632,"date":"2022-10-20T14:08:27","date_gmt":"2022-10-20T12:08:27","guid":{"rendered":"http:\/\/dev.claret.cat\/producte\/el-pueblo-durmiente\/"},"modified":"2023-01-28T02:27:11","modified_gmt":"2023-01-28T01:27:11","slug":"el-pueblo-durmiente-9788414006276","status":"publish","type":"product","link":"https:\/\/www.claret.cat\/es\/libro\/el-pueblo-durmiente-9788414006276\/","title":{"rendered":"EL PUEBLO DURMIENTE"},"content":{"rendered":"<p>Durante su paseo, un joven pr\u00edncipe y su sirviente contemplan c\u00f3mo todo un pueblo duerme un profundo sue\u00f1o. Dicen que es obra de un encantamiento, incluso que es posible romperlo, pero qui\u00e9n va a creer algo as\u00ed. Aunque quiz\u00e1 el pr\u00edncipe s\u00ed lo crea\u2026<\/p>\n","protected":false},"excerpt":{"rendered":"<p>DAUTREMER, R\u00c9BECCA<\/p>\n","protected":false},"featured_media":216633,"template":"","meta":{"_acf_changed":false,"om_disable_all_campaigns":false,"rs_blank_template":"","rs_page_bg_color":"","slide_template_v7":"","inline_featured_image":false,"_monsterinsights_skip_tracking":false,"_monsterinsights_sitenote_active":false,"_monsterinsights_sitenote_note":"","_monsterinsights_sitenote_category":0},"product_brand":[],"product_cat":[86],"product_tag":[],"class_list":{"0":"post-216632","1":"product","2":"type-product","3":"status-publish","4":"has-post-thumbnail","6":"product_cat-infantil","8":"first","9":"instock","10":"taxable","11":"shipping-taxable","12":"purchasable","13":"product-type-simple"},"acf":{"autor":"DAUTREMER, R\u00c9BECCA","codart":"841400627","libros-coleccion":"FORA DE COL.LECCI\u00d3","ediciones":"1","encuadernacion":"Carton\u00e9","fecha_de_publicacion":"01\/02\/2017","novedad":"1","paginas":"65","subtitulo":"","orden":"0","portada":"0","idioma":"spa","editorial":[{"ID":6229,"post_author":"3","post_date":"2022-07-28 17:47:40","post_date_gmt":"2022-07-28 15:47:40","post_content":"","post_title":"Editorial Luis Vives (Edelvives)","post_excerpt":"","post_status":"publish","comment_status":"closed","ping_status":"closed","post_password":"","post_name":"editorial-luis-vives-edelvives","to_ping":"","pinged":"","post_modified":"2022-07-28 17:47:40","post_modified_gmt":"2022-07-28 15:47:40","post_content_filtered":"","post_parent":0,"guid":"http:\/\/dev.claret.cat\/editorial\/editorial-luis-vives-edelvives\/","menu_order":0,"post_type":"editorial","post_mime_type":"","comment_count":"0","filter":"raw"}],"autores-libros":[{"ID":167902,"post_author":"3","post_date":"2022-10-14 18:14:55","post_date_gmt":"2022-10-14 16:14:55","post_content":"","post_title":"R\u00c9BECCA DAUTREMER","post_excerpt":"","post_status":"publish","comment_status":"closed","ping_status":"closed","post_password":"","post_name":"rebecca-dautremer","to_ping":"","pinged":"","post_modified":"2022-10-14 18:14:55","post_modified_gmt":"2022-10-14 16:14:55","post_content_filtered":"","post_parent":0,"guid":"http:\/\/dev.claret.cat\/autor\/rebecca-dautremer\/","menu_order":0,"post_type":"autor","post_mime_type":"","comment_count":"0","filter":"raw"}]},"aioseo_notices":[],"_links":{"self":[{"href":"https:\/\/www.claret.cat\/es\/wp-json\/wp\/v2\/product\/216632","targetHints":{"allow":["GET"]}}],"collection":[{"href":"https:\/\/www.claret.cat\/es\/wp-json\/wp\/v2\/product"}],"about":[{"href":"https:\/\/www.claret.cat\/es\/wp-json\/wp\/v2\/types\/product"}],"wp:featuredmedia":[{"embeddable":true,"href":"https:\/\/www.claret.cat\/es\/wp-json\/wp\/v2\/media\/216633"}],"wp:attachment":[{"href":"https:\/\/www.claret.cat\/es\/wp-json\/wp\/v2\/media?parent=216632"}],"wp:term":[{"taxonomy":"product_brand","embeddable":true,"href":"https:\/\/www.claret.cat\/es\/wp-json\/wp\/v2\/product_brand?post=216632"},{"taxonomy":"product_cat","embeddable":true,"href":"https:\/\/www.claret.cat\/es\/wp-json\/wp\/v2\/product_cat?post=216632"},{"taxonomy":"product_tag","embeddable":true,"href":"https:\/\/www.claret.cat\/es\/wp-json\/wp\/v2\/product_tag?post=216632"}],"curies":[{"name":"wp","href":"https:\/\/api.w.org\/{rel}","templated":true}]}}