{"id":216671,"date":"2022-10-20T14:09:21","date_gmt":"2022-10-20T12:09:21","guid":{"rendered":"http:\/\/dev.claret.cat\/producte\/una-historia-de-la-mala-leche\/"},"modified":"2023-01-28T15:33:37","modified_gmt":"2023-01-28T14:33:37","slug":"una-historia-de-la-mala-leche-9788467049251","status":"publish","type":"product","link":"https:\/\/www.claret.cat\/es\/libro\/una-historia-de-la-mala-leche-9788467049251\/","title":{"rendered":"UNA HISTORIA DE LA MALA LECHE"},"content":{"rendered":"<p>Xavier Sard\u00e0 se embarca en el apasionante\u00a0viaje de rastrear en la Historia algunos\u00a0de los duelos dial\u00e9cticos y personales\u00a0m\u00e1s sonados. Escritores, pol\u00edticos,\u00a0deportistas, artistas, fil\u00f3sofos&#8230;, todos\u00a0ellos han sucumbido al odio o envidia de\u00a0sus cong\u00e9neres, que no han dudado en\u00a0atacarlos ferozmente. Algunas de estas\u00a0disputas son conocidas, otras no tanto,\u00a0especialmente las peleas que se producen\u00a0a diario en Internet.<\/p>\n","protected":false},"excerpt":{"rendered":"<p>SARD\u00c0, XAVIER<\/p>\n","protected":false},"featured_media":216672,"template":"","meta":{"_acf_changed":false,"om_disable_all_campaigns":false,"rs_blank_template":"","rs_page_bg_color":"","slide_template_v7":"","inline_featured_image":false,"_monsterinsights_skip_tracking":false,"_monsterinsights_sitenote_active":false,"_monsterinsights_sitenote_note":"","_monsterinsights_sitenote_category":0},"product_brand":[],"product_cat":[85],"product_tag":[],"class_list":{"0":"post-216671","1":"product","2":"type-product","3":"status-publish","4":"has-post-thumbnail","6":"product_cat-historia","8":"first","9":"instock","10":"taxable","11":"shipping-taxable","12":"purchasable","13":"product-type-simple"},"acf":{"autor":"SARD\u00c0, XAVIER","codart":"846704925","libros-coleccion":"FUERA DE COLECCI\u00d3N","ediciones":"1","encuadernacion":"R\u00fastica","fecha_de_publicacion":"01\/02\/2017","novedad":"1","paginas":"286","subtitulo":"","orden":"0","portada":"0","idioma":"spa","editorial":[{"ID":148114,"post_author":"3","post_date":"2022-10-14 11:55:45","post_date_gmt":"2022-10-14 09:55:45","post_content":"","post_title":"Espasa","post_excerpt":"","post_status":"publish","comment_status":"closed","ping_status":"closed","post_password":"","post_name":"espasa","to_ping":"","pinged":"","post_modified":"2022-10-14 11:55:45","post_modified_gmt":"2022-10-14 09:55:45","post_content_filtered":"","post_parent":0,"guid":"http:\/\/dev.claret.cat\/editorial\/espasa\/","menu_order":0,"post_type":"editorial","post_mime_type":"","comment_count":"0","filter":"raw"}]},"aioseo_notices":[],"_links":{"self":[{"href":"https:\/\/www.claret.cat\/es\/wp-json\/wp\/v2\/product\/216671","targetHints":{"allow":["GET"]}}],"collection":[{"href":"https:\/\/www.claret.cat\/es\/wp-json\/wp\/v2\/product"}],"about":[{"href":"https:\/\/www.claret.cat\/es\/wp-json\/wp\/v2\/types\/product"}],"wp:featuredmedia":[{"embeddable":true,"href":"https:\/\/www.claret.cat\/es\/wp-json\/wp\/v2\/media\/216672"}],"wp:attachment":[{"href":"https:\/\/www.claret.cat\/es\/wp-json\/wp\/v2\/media?parent=216671"}],"wp:term":[{"taxonomy":"product_brand","embeddable":true,"href":"https:\/\/www.claret.cat\/es\/wp-json\/wp\/v2\/product_brand?post=216671"},{"taxonomy":"product_cat","embeddable":true,"href":"https:\/\/www.claret.cat\/es\/wp-json\/wp\/v2\/product_cat?post=216671"},{"taxonomy":"product_tag","embeddable":true,"href":"https:\/\/www.claret.cat\/es\/wp-json\/wp\/v2\/product_tag?post=216671"}],"curies":[{"name":"wp","href":"https:\/\/api.w.org\/{rel}","templated":true}]}}