{"id":216686,"date":"2022-10-20T14:09:42","date_gmt":"2022-10-20T12:09:42","guid":{"rendered":"http:\/\/dev.claret.cat\/producte\/dinosaurios-y-monstruos-prehistoricos-para-principiantes\/"},"modified":"2023-01-28T22:22:40","modified_gmt":"2023-01-28T21:22:40","slug":"dinosaurios-y-monstruos-prehistoricos-para-principiantes-9788466233736","status":"publish","type":"product","link":"https:\/\/www.claret.cat\/es\/libro\/dinosaurios-y-monstruos-prehistoricos-para-principiantes-9788466233736\/","title":{"rendered":"DINOSAURIOS Y MONSTRUOS PREHIST\u00d3RICOS PARA PRINCIPIANTES"},"content":{"rendered":"<p>Hace millones de a\u00f1os, la Tierra estaba habitada por las m\u00e1s incre\u00edbles criaturas que jam\u00e1s hayas imaginado: desde min\u00fasculos seres como los graptolitos, pasando por gigantescos dinosaurios como el Tiranosaurio o aut\u00e9nticos monstruos marinos como el Livyatan, todos ellos fueron sorteando los obst\u00e1culos con los que les puso a prueba la naturaleza, hasta que el impacto de un meteorito acab\u00f3 con casi todos ellos y aparecieron formas de vida m\u00e1s parecidas a los animales actuales, adem\u00e1s de alguien muy especial: el ser humano.<\/p>\n","protected":false},"excerpt":{"rendered":"<p>EQUIPO EDITORIAL<\/p>\n","protected":false},"featured_media":216687,"template":"","meta":{"_acf_changed":false,"om_disable_all_campaigns":false,"rs_blank_template":"","rs_page_bg_color":"","slide_template_v7":"","inline_featured_image":false,"_monsterinsights_skip_tracking":false,"_monsterinsights_sitenote_active":false,"_monsterinsights_sitenote_note":"","_monsterinsights_sitenote_category":0},"product_brand":[],"product_cat":[86],"product_tag":[],"class_list":{"0":"post-216686","1":"product","2":"type-product","3":"status-publish","4":"has-post-thumbnail","6":"product_cat-infantil","8":"first","9":"instock","10":"taxable","11":"shipping-taxable","12":"purchasable","13":"product-type-simple"},"acf":{"autor":"EQUIPO EDITORIAL","codart":"846623373","libros-coleccion":"SUSHI BOOKS","ediciones":"1","encuadernacion":"Carton\u00e9","fecha_de_publicacion":"01\/02\/2017","novedad":"1","paginas":"64","subtitulo":"","orden":"0","portada":"0","idioma":"spa","editorial":[{"ID":148442,"post_author":"3","post_date":"2022-10-14 11:58:16","post_date_gmt":"2022-10-14 09:58:16","post_content":"","post_title":"Libsa","post_excerpt":"","post_status":"publish","comment_status":"closed","ping_status":"closed","post_password":"","post_name":"libsa","to_ping":"","pinged":"","post_modified":"2022-10-14 11:58:16","post_modified_gmt":"2022-10-14 09:58:16","post_content_filtered":"","post_parent":0,"guid":"http:\/\/dev.claret.cat\/editorial\/libsa\/","menu_order":0,"post_type":"editorial","post_mime_type":"","comment_count":"0","filter":"raw"}],"autores-libros":[{"ID":155225,"post_author":"3","post_date":"2022-10-14 15:11:09","post_date_gmt":"2022-10-14 13:11:09","post_content":"","post_title":"EQUIPO EDITORIAL","post_excerpt":"","post_status":"publish","comment_status":"closed","ping_status":"closed","post_password":"","post_name":"equipo-editorial","to_ping":"","pinged":"","post_modified":"2022-10-14 15:11:09","post_modified_gmt":"2022-10-14 13:11:09","post_content_filtered":"","post_parent":0,"guid":"http:\/\/dev.claret.cat\/autor\/equipo-editorial\/","menu_order":0,"post_type":"autor","post_mime_type":"","comment_count":"0","filter":"raw"}]},"aioseo_notices":[],"_links":{"self":[{"href":"https:\/\/www.claret.cat\/es\/wp-json\/wp\/v2\/product\/216686","targetHints":{"allow":["GET"]}}],"collection":[{"href":"https:\/\/www.claret.cat\/es\/wp-json\/wp\/v2\/product"}],"about":[{"href":"https:\/\/www.claret.cat\/es\/wp-json\/wp\/v2\/types\/product"}],"wp:featuredmedia":[{"embeddable":true,"href":"https:\/\/www.claret.cat\/es\/wp-json\/wp\/v2\/media\/216687"}],"wp:attachment":[{"href":"https:\/\/www.claret.cat\/es\/wp-json\/wp\/v2\/media?parent=216686"}],"wp:term":[{"taxonomy":"product_brand","embeddable":true,"href":"https:\/\/www.claret.cat\/es\/wp-json\/wp\/v2\/product_brand?post=216686"},{"taxonomy":"product_cat","embeddable":true,"href":"https:\/\/www.claret.cat\/es\/wp-json\/wp\/v2\/product_cat?post=216686"},{"taxonomy":"product_tag","embeddable":true,"href":"https:\/\/www.claret.cat\/es\/wp-json\/wp\/v2\/product_tag?post=216686"}],"curies":[{"name":"wp","href":"https:\/\/api.w.org\/{rel}","templated":true}]}}