{"id":217079,"date":"2022-10-20T14:18:19","date_gmt":"2022-10-20T12:18:19","guid":{"rendered":"http:\/\/dev.claret.cat\/producte\/els-infants-de-la-resistencia\/"},"modified":"2025-01-31T14:56:53","modified_gmt":"2025-01-31T13:56:53","slug":"els-infants-de-la-resistencia-9788416587667","status":"publish","type":"product","link":"https:\/\/www.claret.cat\/es\/libro\/els-infants-de-la-resistencia-9788416587667\/","title":{"rendered":"ELS INFANTS DE LA RESIST\u00c8NCIA"},"content":{"rendered":"<p>La Segona Guerra Mundial ha esclatat. En un pet\u00edt poble de la Fran\u00e7a ocupada per l&#8217;ex\u00e9rcit alemany, tres nens rebutgen sotmetre&#8217;s a l&#8217;enemic. Pero com fer front a un adversari tan poderos amb nom\u00e9s deu anys?<\/p>\n","protected":false},"excerpt":{"rendered":"<p>ERS, BENO\u00ceT \/ DUGOMIER, VINCENT<\/p>\n","protected":false},"featured_media":317122,"template":"","meta":{"_acf_changed":false,"om_disable_all_campaigns":false,"rs_blank_template":"","rs_page_bg_color":"","slide_template_v7":"","inline_featured_image":false,"_monsterinsights_skip_tracking":false,"_monsterinsights_sitenote_active":false,"_monsterinsights_sitenote_note":"","_monsterinsights_sitenote_category":0},"product_brand":[],"product_cat":[108,558],"product_tag":[],"class_list":{"0":"post-217079","1":"product","2":"type-product","3":"status-publish","4":"has-post-thumbnail","6":"product_cat-comic","7":"product_cat-comic-3_infantil-juvenil-spa-spa","9":"first","10":"instock","11":"taxable","12":"shipping-taxable","13":"purchasable","14":"product-type-simple"},"acf":{"autor":"ERS, BENO\u00ceT \/ DUGOMIER, VINCENT","codart":"841658766","libros-coleccion":"","ediciones":"1","encuadernacion":"Carpeta","fecha_de_publicacion":"01\/02\/2017","novedad":"1","paginas":"49","subtitulo":"","orden":"0","portada":"0","idioma":"cat","editorial":[{"ID":147931,"post_author":"3","post_date":"2022-10-14 11:54:20","post_date_gmt":"2022-10-14 09:54:20","post_content":"","post_title":"EDITORIAL BASE (CAT)","post_excerpt":"","post_status":"publish","comment_status":"closed","ping_status":"closed","post_password":"","post_name":"editorial-base-cat","to_ping":"","pinged":"","post_modified":"2022-10-14 11:54:20","post_modified_gmt":"2022-10-14 09:54:20","post_content_filtered":"","post_parent":0,"guid":"http:\/\/dev.claret.cat\/editorial\/editorial-base-cat\/","menu_order":0,"post_type":"editorial","post_mime_type":"","comment_count":"0","filter":"raw"}],"autores-libros":[{"ID":151589,"post_author":"3","post_date":"2022-10-14 14:42:04","post_date_gmt":"2022-10-14 12:42:04","post_content":"","post_title":"BENO\u00ceT ERS","post_excerpt":"","post_status":"publish","comment_status":"closed","ping_status":"closed","post_password":"","post_name":"benoit-ers","to_ping":"","pinged":"","post_modified":"2022-10-14 14:42:04","post_modified_gmt":"2022-10-14 12:42:04","post_content_filtered":"","post_parent":0,"guid":"http:\/\/dev.claret.cat\/autor\/benoit-ers\/","menu_order":0,"post_type":"autor","post_mime_type":"","comment_count":"0","filter":"raw"},{"ID":171117,"post_author":"3","post_date":"2022-10-14 22:40:49","post_date_gmt":"2022-10-14 20:40:49","post_content":"","post_title":"VINCENT DUGOMIER","post_excerpt":"","post_status":"publish","comment_status":"closed","ping_status":"closed","post_password":"","post_name":"vincent-dugomier","to_ping":"","pinged":"","post_modified":"2022-10-14 22:40:49","post_modified_gmt":"2022-10-14 20:40:49","post_content_filtered":"","post_parent":0,"guid":"http:\/\/dev.claret.cat\/autor\/vincent-dugomier\/","menu_order":0,"post_type":"autor","post_mime_type":"","comment_count":"0","filter":"raw"}]},"aioseo_notices":[],"_links":{"self":[{"href":"https:\/\/www.claret.cat\/es\/wp-json\/wp\/v2\/product\/217079","targetHints":{"allow":["GET"]}}],"collection":[{"href":"https:\/\/www.claret.cat\/es\/wp-json\/wp\/v2\/product"}],"about":[{"href":"https:\/\/www.claret.cat\/es\/wp-json\/wp\/v2\/types\/product"}],"wp:featuredmedia":[{"embeddable":true,"href":"https:\/\/www.claret.cat\/es\/wp-json\/wp\/v2\/media\/317122"}],"wp:attachment":[{"href":"https:\/\/www.claret.cat\/es\/wp-json\/wp\/v2\/media?parent=217079"}],"wp:term":[{"taxonomy":"product_brand","embeddable":true,"href":"https:\/\/www.claret.cat\/es\/wp-json\/wp\/v2\/product_brand?post=217079"},{"taxonomy":"product_cat","embeddable":true,"href":"https:\/\/www.claret.cat\/es\/wp-json\/wp\/v2\/product_cat?post=217079"},{"taxonomy":"product_tag","embeddable":true,"href":"https:\/\/www.claret.cat\/es\/wp-json\/wp\/v2\/product_tag?post=217079"}],"curies":[{"name":"wp","href":"https:\/\/api.w.org\/{rel}","templated":true}]}}