{"id":217130,"date":"2022-10-20T14:19:24","date_gmt":"2022-10-20T12:19:24","guid":{"rendered":"http:\/\/dev.claret.cat\/producte\/la-forca-del-ritme-i-la-percussio\/"},"modified":"2023-01-28T20:51:50","modified_gmt":"2023-01-28T19:51:50","slug":"la-forca-del-ritme-i-la-percussio-9788494459078","status":"publish","type":"product","link":"https:\/\/www.claret.cat\/es\/libro\/la-forca-del-ritme-i-la-percussio-9788494459078\/","title":{"rendered":"LA FOR\u00c7A DEL RITME I LA PERCUSSIO"},"content":{"rendered":"<p>En aquest volum, constitu\u00eft per quatre llibres que abracen un per\u00edode de dotze anys, l\u2019autora explica amb el cor, com \u00e9s el seu costum, els viatges que ha fet al Senegal, G\u00e0mbia i el Pa\u00eds Bassari, quatre estades que l\u2019han marcat i l\u2019han transformada plenament. Escrita en un llenguatge directe, senzill i am\u00e8, en una primera persona que traspua veritat arreu, aquesta obra s\u2019adre\u00e7a a tothom que senti el plaer i la necessitat de viatjar, que vulgui con\u00e8ixer millor les civilitzacions africanes i que cregui que, en la immersi\u00f3 en altres cultures, rau en bona part la nostra evoluci\u00f3 com a individus. No \u00e9s un llibre de viatges convencional, sin\u00f3 una porta oberta de bat a bat al m\u00f3n, des d\u2019all\u00f2 que som nosaltres per\u00f2 tamb\u00e9 des del desig d\u2019amarar-se dels altres.<br \/>Enamorada del continent afric\u00e0, Conxita Tarruell ens deixa compartir en aquestes p\u00e0gines tot el que hi ha viscut: la for\u00e7a, l\u2019energia, l\u2019hospitalitat, el ritme, la serenor, la pau i l\u2019amistat d\u2019un poble que obre els bra\u00e7os fins i tot a aquell que li nega la possibilitat de ser.<br \/>Un somni fet realitat, una hist\u00f2ria de creixement personal.<\/p>\n","protected":false},"excerpt":{"rendered":"<p>TARRUELL I LLONCH, CONXITA<\/p>\n","protected":false},"featured_media":217131,"template":"","meta":{"_acf_changed":false,"om_disable_all_campaigns":false,"rs_blank_template":"","rs_page_bg_color":"","slide_template_v7":"","inline_featured_image":false,"_monsterinsights_skip_tracking":false,"_monsterinsights_sitenote_active":false,"_monsterinsights_sitenote_note":"","_monsterinsights_sitenote_category":0},"product_brand":[],"product_cat":[107,85],"product_tag":[],"class_list":{"0":"post-217130","1":"product","2":"type-product","3":"status-publish","4":"has-post-thumbnail","6":"product_cat-guies-de-viatge","7":"product_cat-historia","9":"first","10":"instock","11":"taxable","12":"shipping-taxable","13":"purchasable","14":"product-type-simple"},"acf":{"autor":"TARRUELL I LLONCH, CONXITA","codart":"849445907","libros-coleccion":"SUSHI BOOKS","ediciones":"1","encuadernacion":"R\u00fastica","fecha_de_publicacion":"01\/02\/2017","novedad":"1","paginas":"289","subtitulo":"","orden":"0","portada":"0","idioma":"cat","editorial":[{"ID":148912,"post_author":"3","post_date":"2022-10-14 12:01:58","post_date_gmt":"2022-10-14 10:01:58","post_content":"","post_title":"TUSHITA EDICIONS","post_excerpt":"","post_status":"publish","comment_status":"closed","ping_status":"closed","post_password":"","post_name":"tushita-edicions","to_ping":"","pinged":"","post_modified":"2022-10-14 12:01:58","post_modified_gmt":"2022-10-14 10:01:58","post_content_filtered":"","post_parent":0,"guid":"http:\/\/dev.claret.cat\/editorial\/tushita-edicions\/","menu_order":0,"post_type":"editorial","post_mime_type":"","comment_count":"0","filter":"raw"}]},"aioseo_notices":[],"_links":{"self":[{"href":"https:\/\/www.claret.cat\/es\/wp-json\/wp\/v2\/product\/217130","targetHints":{"allow":["GET"]}}],"collection":[{"href":"https:\/\/www.claret.cat\/es\/wp-json\/wp\/v2\/product"}],"about":[{"href":"https:\/\/www.claret.cat\/es\/wp-json\/wp\/v2\/types\/product"}],"wp:featuredmedia":[{"embeddable":true,"href":"https:\/\/www.claret.cat\/es\/wp-json\/wp\/v2\/media\/217131"}],"wp:attachment":[{"href":"https:\/\/www.claret.cat\/es\/wp-json\/wp\/v2\/media?parent=217130"}],"wp:term":[{"taxonomy":"product_brand","embeddable":true,"href":"https:\/\/www.claret.cat\/es\/wp-json\/wp\/v2\/product_brand?post=217130"},{"taxonomy":"product_cat","embeddable":true,"href":"https:\/\/www.claret.cat\/es\/wp-json\/wp\/v2\/product_cat?post=217130"},{"taxonomy":"product_tag","embeddable":true,"href":"https:\/\/www.claret.cat\/es\/wp-json\/wp\/v2\/product_tag?post=217130"}],"curies":[{"name":"wp","href":"https:\/\/api.w.org\/{rel}","templated":true}]}}