{"id":217214,"date":"2022-10-20T14:21:19","date_gmt":"2022-10-20T12:21:19","guid":{"rendered":"http:\/\/dev.claret.cat\/producte\/hemingway-en-90-minutos\/"},"modified":"2024-05-24T03:40:07","modified_gmt":"2024-05-24T01:40:07","slug":"hemingway-en-90-minutos-9788432318498","status":"publish","type":"product","link":"https:\/\/www.claret.cat\/es\/libro\/hemingway-en-90-minutos-9788432318498\/","title":{"rendered":"HEMINGWAY EN 90 MINUTOS"},"content":{"rendered":"<p>La imagen de Hemingway como tipo duro no goza de gran estima en la cultura actual, mucho m\u00e1s suave, pero su prosa resulta tan fresca hoy en d\u00eda como cuando le convirti\u00f3 en un revolucionario del estilo a principios del siglo XX. Junto a Fitzgerald y Faulkner parece encarnar algo esencialmente norteamericano: contribuy\u00f3 a crear una literatura t\u00edpicamente estadounidense que alcanz\u00f3 la madurez de golpe. Puede que Norteam\u00e9rica deba volver a incorporar a su psique la idea de Hemingway de la \u00abgracia bajo presi\u00f3n\u00bb.<br \/>En Hemingway en 90 minutos Paul Strathern nos ofrece un relato tan conciso como experto sobre la vida y obra de Ernest Hemingway, explicando su influencia sobre la literatura y la lucha de la humanidad por entender su lugar en el mundo. El libro incluye asimismo una cronolog\u00eda de su vida y \u00e9poca, as\u00ed como lecturas recomendadas para quienes quieran saber m\u00e1s.<\/p>\n","protected":false},"excerpt":{"rendered":"<p>STRATHERN, PAUL<\/p>\n","protected":false},"featured_media":345178,"template":"","meta":{"_acf_changed":false,"om_disable_all_campaigns":false,"rs_blank_template":"","rs_page_bg_color":"","slide_template_v7":"","inline_featured_image":false,"_monsterinsights_skip_tracking":false,"_monsterinsights_sitenote_active":false,"_monsterinsights_sitenote_note":"","_monsterinsights_sitenote_category":0},"product_brand":[],"product_cat":[87,353],"product_tag":[],"class_list":{"0":"post-217214","1":"product","2":"type-product","3":"status-publish","4":"has-post-thumbnail","6":"product_cat-literatura","7":"product_cat-literatura-2_humanidades","9":"first","10":"instock","11":"taxable","12":"shipping-taxable","13":"purchasable","14":"product-type-simple"},"acf":{"autor":"STRATHERN, PAUL","codart":"843231849","libros-coleccion":"SUSHI BOOKS","ediciones":"1","encuadernacion":"R\u00fastica","fecha_de_publicacion":"01\/02\/2017","novedad":"1","paginas":"120","subtitulo":"","orden":"0","portada":"0","idioma":"spa","editorial":[{"ID":6363,"post_author":"3","post_date":"2022-07-28 17:50:35","post_date_gmt":"2022-07-28 15:50:35","post_content":"","post_title":"SIGLO XXI, EDICIONES","post_excerpt":"","post_status":"publish","comment_status":"closed","ping_status":"closed","post_password":"","post_name":"siglo-xxi-ediciones","to_ping":"","pinged":"","post_modified":"2022-07-28 17:50:35","post_modified_gmt":"2022-07-28 15:50:35","post_content_filtered":"","post_parent":0,"guid":"http:\/\/dev.claret.cat\/editorial\/siglo-xxi-ediciones\/","menu_order":0,"post_type":"editorial","post_mime_type":"","comment_count":"0","filter":"raw"}],"autores-libros":[{"ID":166754,"post_author":"3","post_date":"2022-10-14 18:05:47","post_date_gmt":"2022-10-14 16:05:47","post_content":"","post_title":"PAUL STRATHERN","post_excerpt":"","post_status":"publish","comment_status":"closed","ping_status":"closed","post_password":"","post_name":"paul-strathern","to_ping":"","pinged":"","post_modified":"2022-10-14 18:05:47","post_modified_gmt":"2022-10-14 16:05:47","post_content_filtered":"","post_parent":0,"guid":"http:\/\/dev.claret.cat\/autor\/paul-strathern\/","menu_order":0,"post_type":"autor","post_mime_type":"","comment_count":"0","filter":"raw"}]},"aioseo_notices":[],"_links":{"self":[{"href":"https:\/\/www.claret.cat\/es\/wp-json\/wp\/v2\/product\/217214","targetHints":{"allow":["GET"]}}],"collection":[{"href":"https:\/\/www.claret.cat\/es\/wp-json\/wp\/v2\/product"}],"about":[{"href":"https:\/\/www.claret.cat\/es\/wp-json\/wp\/v2\/types\/product"}],"wp:featuredmedia":[{"embeddable":true,"href":"https:\/\/www.claret.cat\/es\/wp-json\/wp\/v2\/media\/345178"}],"wp:attachment":[{"href":"https:\/\/www.claret.cat\/es\/wp-json\/wp\/v2\/media?parent=217214"}],"wp:term":[{"taxonomy":"product_brand","embeddable":true,"href":"https:\/\/www.claret.cat\/es\/wp-json\/wp\/v2\/product_brand?post=217214"},{"taxonomy":"product_cat","embeddable":true,"href":"https:\/\/www.claret.cat\/es\/wp-json\/wp\/v2\/product_cat?post=217214"},{"taxonomy":"product_tag","embeddable":true,"href":"https:\/\/www.claret.cat\/es\/wp-json\/wp\/v2\/product_tag?post=217214"}],"curies":[{"name":"wp","href":"https:\/\/api.w.org\/{rel}","templated":true}]}}