{"id":217250,"date":"2022-10-20T14:22:07","date_gmt":"2022-10-20T12:22:07","guid":{"rendered":"http:\/\/dev.claret.cat\/producte\/el-flautista-de-hamelin-2\/"},"modified":"2023-01-28T09:56:46","modified_gmt":"2023-01-28T08:56:46","slug":"el-flautista-de-hamelin-9788469808788","status":"publish","type":"product","link":"https:\/\/www.claret.cat\/es\/libro\/el-flautista-de-hamelin-9788469808788\/","title":{"rendered":"EL FLAUTISTA DE HAMEL\u00cdN"},"content":{"rendered":"<p>Hace muchos a\u00f1os, a un pueblo llamado Hamel\u00edn llegaron miles de ratas. Un flautista se ofreci\u00f3 para librar a los habitantes de las ratas a cambio de una buena recompensa. Pero \u00bfqu\u00e9 ocurri\u00f3 cuando estos no cumplieron con su palabra?<\/p>\n","protected":false},"excerpt":{"rendered":"<p>GRIMM, JACOB \/ GRIMM, WILHELM<\/p>\n","protected":false},"featured_media":217251,"template":"","meta":{"_acf_changed":false,"om_disable_all_campaigns":false,"rs_blank_template":"","rs_page_bg_color":"","slide_template_v7":"","inline_featured_image":false,"_monsterinsights_skip_tracking":false,"_monsterinsights_sitenote_active":false,"_monsterinsights_sitenote_note":"","_monsterinsights_sitenote_category":0},"product_brand":[],"product_cat":[86],"product_tag":[],"class_list":{"0":"post-217250","1":"product","2":"type-product","3":"status-publish","4":"has-post-thumbnail","6":"product_cat-infantil","8":"first","9":"instock","10":"taxable","11":"shipping-taxable","12":"purchasable","13":"product-type-simple"},"acf":{"autor":"GRIMM, JACOB \/ GRIMM, WILHELM","codart":"846980878","libros-coleccion":"SUSHI BOOKS","ediciones":"1","encuadernacion":"R\u00fastica","fecha_de_publicacion":"01\/02\/2017","novedad":"1","paginas":"32","subtitulo":"","orden":"0","portada":"0","idioma":"spa","editorial":[{"ID":147433,"post_author":"3","post_date":"2022-10-14 11:50:32","post_date_gmt":"2022-10-14 09:50:32","post_content":"","post_title":"ANAYA INFANTIL Y JUVENIL","post_excerpt":"","post_status":"publish","comment_status":"closed","ping_status":"closed","post_password":"","post_name":"anaya-infantil-y-juvenil","to_ping":"","pinged":"","post_modified":"2022-10-14 11:50:32","post_modified_gmt":"2022-10-14 09:50:32","post_content_filtered":"","post_parent":0,"guid":"http:\/\/dev.claret.cat\/editorial\/anaya-infantil-y-juvenil\/","menu_order":0,"post_type":"editorial","post_mime_type":"","comment_count":"0","filter":"raw"}],"autores-libros":[{"ID":158298,"post_author":"3","post_date":"2022-10-14 15:35:44","post_date_gmt":"2022-10-14 13:35:44","post_content":"","post_title":"JACOB GRIMM","post_excerpt":"","post_status":"publish","comment_status":"closed","ping_status":"closed","post_password":"","post_name":"jacob-grimm","to_ping":"","pinged":"","post_modified":"2022-10-14 15:35:44","post_modified_gmt":"2022-10-14 13:35:44","post_content_filtered":"","post_parent":0,"guid":"http:\/\/dev.claret.cat\/autor\/jacob-grimm\/","menu_order":0,"post_type":"autor","post_mime_type":"","comment_count":"0","filter":"raw"},{"ID":171280,"post_author":"3","post_date":"2022-10-14 22:42:07","post_date_gmt":"2022-10-14 20:42:07","post_content":"","post_title":"WILHELM GRIMM","post_excerpt":"","post_status":"publish","comment_status":"closed","ping_status":"closed","post_password":"","post_name":"wilhelm-grimm","to_ping":"","pinged":"","post_modified":"2022-10-14 22:42:07","post_modified_gmt":"2022-10-14 20:42:07","post_content_filtered":"","post_parent":0,"guid":"http:\/\/dev.claret.cat\/autor\/wilhelm-grimm\/","menu_order":0,"post_type":"autor","post_mime_type":"","comment_count":"0","filter":"raw"}]},"aioseo_notices":[],"_links":{"self":[{"href":"https:\/\/www.claret.cat\/es\/wp-json\/wp\/v2\/product\/217250","targetHints":{"allow":["GET"]}}],"collection":[{"href":"https:\/\/www.claret.cat\/es\/wp-json\/wp\/v2\/product"}],"about":[{"href":"https:\/\/www.claret.cat\/es\/wp-json\/wp\/v2\/types\/product"}],"wp:featuredmedia":[{"embeddable":true,"href":"https:\/\/www.claret.cat\/es\/wp-json\/wp\/v2\/media\/217251"}],"wp:attachment":[{"href":"https:\/\/www.claret.cat\/es\/wp-json\/wp\/v2\/media?parent=217250"}],"wp:term":[{"taxonomy":"product_brand","embeddable":true,"href":"https:\/\/www.claret.cat\/es\/wp-json\/wp\/v2\/product_brand?post=217250"},{"taxonomy":"product_cat","embeddable":true,"href":"https:\/\/www.claret.cat\/es\/wp-json\/wp\/v2\/product_cat?post=217250"},{"taxonomy":"product_tag","embeddable":true,"href":"https:\/\/www.claret.cat\/es\/wp-json\/wp\/v2\/product_tag?post=217250"}],"curies":[{"name":"wp","href":"https:\/\/api.w.org\/{rel}","templated":true}]}}