{"id":21727,"date":"2022-10-02T09:38:49","date_gmt":"2022-10-02T07:38:49","guid":{"rendered":"http:\/\/dev.claret.cat\/producte\/viure-la-teva-vida-no-viscuda\/"},"modified":"2023-10-06T11:44:27","modified_gmt":"2023-10-06T09:44:27","slug":"viure-la-teva-vida-no-viscuda-9788412400625","status":"publish","type":"product","link":"https:\/\/www.claret.cat\/es\/libro\/viure-la-teva-vida-no-viscuda-9788412400625\/","title":{"rendered":"VIURE LA TEVA VIDA NO VISCUDA"},"content":{"rendered":"<p>CATAL\u00c0: \u201cImagina&#8217;t que se t\u2019ha acabat el temps. Ara \u00e9s el moment de comen\u00e7ar a viure de deb\u00f2\u201d. Arriba un moment que les nostres psiques desperten a la recerca d\u2019all\u00f2 aut\u00e8ntic, veritable i profund. Passem la primera part de la nostra vida ocupats en la construcci\u00f3 de la nostra identitat, carrera, parella i tractant d\u2019acomplir els diversos compromisos que la societat i la cultura ens exigeixen. Per\u00f2 a la mitjana edat es d\u00f3na un punt d\u2019inflexi\u00f3: la nostra vida no viscuda es rebel\u00b7la dins nostre reclamant-nos atenci\u00f3. Com redireccionar els aspectes misteriosos i sense cartografiar del nostre \u00e9sser? Viure la teva vida no viscuda \u00e9s un llibre que ens ofereix m\u00faltiples eines i reflexions per afrontar aquest moment vital, escoltar la crida genu\u00efna de la nostra ess\u00e8ncia i orientar-nos cap a una experi\u00e8ncia vital m\u00e9s plena i satisfact\u00f2ria. \u201cQu\u00e8 necessito per emprendre la seg\u00fcent fase del meu viatge? Puc donar-me perm\u00eds per explorar nous camins? Com em mant\u00e9 la por en una postura reactiva lligada a maneres de ser antiquades? Estic content de viure a la perif\u00e8ria de la meva personalitat o estic preparat per cr\u00e9ixer a noves maneres de pensar i sentir? Puc dirigir l\u2019energia necess\u00e0ria per realitzar els meus potencials no viscuts? Viure la vida no viscuda comen\u00e7a avui amb tu\u201d. Robert A. Johnson i Jerry M. Ruhl, en aquest llibre de lectura flu\u00efda i entenedora, ens empenyen i ensenyen a transformar-nos, a acceptar-nos i a incorporar a la llum de la consci\u00e8ncia tot all\u00f2 que ha quedat sense viure en la profunditat de l\u2019inconscient. En definitiva, a dominar l&#8217;art d&#8217;estar veritablement viu a l\u2019aqu\u00ed i l\u2019ara. CASTELLANO: \u201cImag\u00ednate que se te ha terminado el tiempo. Ahora es el momento de empezar a vivir de verdad\u201d. Llega un momento en que nuestras psiques despiertan para buscar lo aut\u00e9ntico, lo verdadero y lo profundo. Pasamos la primera parte de nuestra vida ocupados en la construcci\u00f3n de nuestra identidad, carrera, pareja y tratando de cumplir los distintos compromisos que la sociedad y la cultura nos exigen. Pero en la mediana edad se da un punto de inflexi\u00f3n: nuestra vida no vivida se rebela en nuestro interior reclam\u00e1ndonos atenci\u00f3n. \u00bfC\u00f3mo redireccionar los aspectos misteriosos y sin cartografiar de nuestro ser? Vivir tu vida no vivida es un libro que nos ofrece m\u00faltiples herramientas y reflexiones para afrontar este momento vital, escuchar la llamada genuina de nuestra esencia y orientarnos hacia una experiencia vital m\u00e1s plena y satisfactoria. \u201c\u00bfQu\u00e9 necesito para emprender la siguiente fase de mi viaje? \u00bfPuedo darme permiso para explorar nuevos caminos? \u00bfC\u00f3mo me mantiene el miedo en una postura reactiva ligada a formas de ser anticuadas? \u00bfEstoy contento de vivir en la periferia de mi personalidad o estoy preparado para crecer y darme nuevas formas de pensar y sentir? \u00bfPuedo dirigir la energ\u00eda necesaria para realizar mis potenciales no vividos? Vivir la vida no vivida comienza hoy contigo\u201d. Robert A. Johnson y Jerry M. Ruhl, en este libro de lectura fluida y comprensible, nos empujan y nos ense\u00f1an a transformarnos, a aceptarnos y a incorporar a la luz de la consciencia todo lo que ha quedado sin vivir en la profundidad del inconsciente. En definitiva, a dominar el arte de estar verdaderamente vivo en el aqu\u00ed y el ahora.<\/p>\n","protected":false},"excerpt":{"rendered":"<p>JOHNSON, ROBERT A. \/ RUHL, JERRY M.<\/p>\n","protected":false},"featured_media":59641,"template":"","meta":{"_acf_changed":false,"om_disable_all_campaigns":false,"rs_blank_template":"","rs_page_bg_color":"","slide_template_v7":"","inline_featured_image":false,"_monsterinsights_skip_tracking":false,"_monsterinsights_sitenote_active":false,"_monsterinsights_sitenote_note":"","_monsterinsights_sitenote_category":0},"product_brand":[],"product_cat":[179],"product_tag":[],"class_list":{"0":"post-21727","1":"product","2":"type-product","3":"status-publish","4":"has-post-thumbnail","6":"product_cat-autoajuda-i-salut-mental","8":"first","9":"instock","10":"taxable","11":"shipping-taxable","12":"purchasable","13":"product-type-simple"},"acf":{"autor":"JOHNSON, ROBERT A. \/ RUHL, JERRY M.","codart":"841240062","libros-coleccion":"VALORES","ediciones":"1","encuadernacion":"R\u00fastica","fecha_de_publicacion":"01\/11\/2021","novedad":"1","paginas":"213","subtitulo":"FER FRONT ALS SOMNIS NO REALITZATS I COMPLIR EL TEU PROP\u00d2SIT A LA SEGONA MEITAT","orden":"0","portada":"0","idioma":"cat","editorial":[{"ID":147974,"post_author":"3","post_date":"2022-10-14 11:54:40","post_date_gmt":"2022-10-14 09:54:40","post_content":"","post_title":"EDITORIAL ESCOLA DE VIDA","post_excerpt":"","post_status":"publish","comment_status":"closed","ping_status":"closed","post_password":"","post_name":"editorial-escola-de-vida","to_ping":"","pinged":"","post_modified":"2022-10-14 11:54:40","post_modified_gmt":"2022-10-14 09:54:40","post_content_filtered":"","post_parent":0,"guid":"http:\/\/dev.claret.cat\/editorial\/editorial-escola-de-vida\/","menu_order":0,"post_type":"editorial","post_mime_type":"","comment_count":"0","filter":"raw"}],"autores-libros":[{"ID":159046,"post_author":"3","post_date":"2022-10-14 15:41:40","post_date_gmt":"2022-10-14 13:41:40","post_content":"","post_title":"JERRY M. RUHL","post_excerpt":"","post_status":"publish","comment_status":"closed","ping_status":"closed","post_password":"","post_name":"jerry-m-ruhl","to_ping":"","pinged":"","post_modified":"2022-10-14 15:41:40","post_modified_gmt":"2022-10-14 13:41:40","post_content_filtered":"","post_parent":0,"guid":"http:\/\/dev.claret.cat\/autor\/jerry-m-ruhl\/","menu_order":0,"post_type":"autor","post_mime_type":"","comment_count":"0","filter":"raw"},{"ID":168173,"post_author":"3","post_date":"2022-10-14 18:17:07","post_date_gmt":"2022-10-14 16:17:07","post_content":"","post_title":"ROBERT A. JOHNSON","post_excerpt":"","post_status":"publish","comment_status":"closed","ping_status":"closed","post_password":"","post_name":"robert-a-johnson","to_ping":"","pinged":"","post_modified":"2022-10-14 18:17:07","post_modified_gmt":"2022-10-14 16:17:07","post_content_filtered":"","post_parent":0,"guid":"http:\/\/dev.claret.cat\/autor\/robert-a-johnson\/","menu_order":0,"post_type":"autor","post_mime_type":"","comment_count":"0","filter":"raw"}]},"aioseo_notices":[],"_links":{"self":[{"href":"https:\/\/www.claret.cat\/es\/wp-json\/wp\/v2\/product\/21727","targetHints":{"allow":["GET"]}}],"collection":[{"href":"https:\/\/www.claret.cat\/es\/wp-json\/wp\/v2\/product"}],"about":[{"href":"https:\/\/www.claret.cat\/es\/wp-json\/wp\/v2\/types\/product"}],"wp:featuredmedia":[{"embeddable":true,"href":"https:\/\/www.claret.cat\/es\/wp-json\/wp\/v2\/media\/59641"}],"wp:attachment":[{"href":"https:\/\/www.claret.cat\/es\/wp-json\/wp\/v2\/media?parent=21727"}],"wp:term":[{"taxonomy":"product_brand","embeddable":true,"href":"https:\/\/www.claret.cat\/es\/wp-json\/wp\/v2\/product_brand?post=21727"},{"taxonomy":"product_cat","embeddable":true,"href":"https:\/\/www.claret.cat\/es\/wp-json\/wp\/v2\/product_cat?post=21727"},{"taxonomy":"product_tag","embeddable":true,"href":"https:\/\/www.claret.cat\/es\/wp-json\/wp\/v2\/product_tag?post=21727"}],"curies":[{"name":"wp","href":"https:\/\/api.w.org\/{rel}","templated":true}]}}