{"id":21730,"date":"2022-10-02T09:38:52","date_gmt":"2022-10-02T07:38:52","guid":{"rendered":"http:\/\/dev.claret.cat\/producte\/vivir-tu-vida-no-vivida\/"},"modified":"2023-10-06T11:33:45","modified_gmt":"2023-10-06T09:33:45","slug":"vivir-tu-vida-no-vivida-9788412400632","status":"publish","type":"product","link":"https:\/\/www.claret.cat\/es\/libro\/vivir-tu-vida-no-vivida-9788412400632\/","title":{"rendered":"VIVIR TU VIDA NO VIVIDA"},"content":{"rendered":"<p>\u201cImag\u00ednate que se te ha terminado el tiempo. Ahora es el momento de empezar a vivir de verdad\u201d. Llega un momento en que nuestras psiques despiertan para buscar lo aut\u00e9ntico, lo verdadero y lo profundo. Pasamos la primera parte de nuestra vida ocupados en la construcci\u00f3n de nuestra identidad, carrera, pareja y tratando de cumplir los distintos compromisos que la sociedad y la cultura nos exigen. Pero en la mediana edad se da un punto de inflexi\u00f3n: nuestra vida no vivida se rebela en nuestro interior reclam\u00e1ndonos atenci\u00f3n. \u00bfC\u00f3mo redireccionar los aspectos misteriosos y sin cartografiar de nuestro ser? Vivir tu vida no vivida es un libro que nos ofrece m\u00faltiples herramientas y reflexiones para afrontar este momento vital, escuchar la llamada genuina de nuestra esencia y orientarnos hacia una experiencia vital m\u00e1s plena y satisfactoria. \u201c\u00bfQu\u00e9 necesito para emprender la siguiente fase de mi viaje? \u00bfPuedo darme permiso para explorar nuevos caminos? \u00bfC\u00f3mo me mantiene el miedo en una postura reactiva ligada a formas de ser anticuadas? \u00bfEstoy contento de vivir en la periferia de mi personalidad o estoy preparado para crecer y darme nuevas formas de pensar y sentir? \u00bfPuedo dirigir la energ\u00eda necesaria para realizar mis potenciales no vividos? Vivir la vida no vivida comienza hoy contigo\u201d. Robert A. Johnson y Jerry M. Ruhl, en este libro de lectura fluida y comprensible, nos empujan y nos ense\u00f1an a transformarnos, a aceptarnos y a incorporar a la luz de la consciencia todo lo que ha quedado sin vivir en la profundidad del inconsciente. En definitiva, a dominar el arte de estar verdaderamente vivo en el aqu\u00ed y el ahora.<\/p>\n","protected":false},"excerpt":{"rendered":"<p>JOHNSON, ROBERT A.<\/p>\n","protected":false},"featured_media":55703,"template":"","meta":{"_acf_changed":false,"om_disable_all_campaigns":false,"rs_blank_template":"","rs_page_bg_color":"","slide_template_v7":"","inline_featured_image":false,"_monsterinsights_skip_tracking":false,"_monsterinsights_sitenote_active":false,"_monsterinsights_sitenote_note":"","_monsterinsights_sitenote_category":0},"product_brand":[],"product_cat":[377],"product_tag":[],"class_list":{"0":"post-21730","1":"product","2":"type-product","3":"status-publish","4":"has-post-thumbnail","6":"product_cat-autoayuda-y-salud-mental","8":"first","9":"instock","10":"taxable","11":"shipping-taxable","12":"purchasable","13":"product-type-simple"},"acf":{"autor":"JOHNSON, ROBERT A.","codart":"841240063","libros-coleccion":"VALORES","ediciones":"1","encuadernacion":"R\u00fastica","fecha_de_publicacion":"01\/12\/2021","novedad":"1","paginas":"220","subtitulo":"AFRONTAR LOS SUE\u00d1OS NO REALIZADOS Y CUMPLIR TU PROP\u00d3SITO EN LA SEGUNDA MITAD DE","orden":"0","portada":"0","idioma":"spa","editorial":[{"ID":147974,"post_author":"3","post_date":"2022-10-14 11:54:40","post_date_gmt":"2022-10-14 09:54:40","post_content":"","post_title":"EDITORIAL ESCOLA DE VIDA","post_excerpt":"","post_status":"publish","comment_status":"closed","ping_status":"closed","post_password":"","post_name":"editorial-escola-de-vida","to_ping":"","pinged":"","post_modified":"2022-10-14 11:54:40","post_modified_gmt":"2022-10-14 09:54:40","post_content_filtered":"","post_parent":0,"guid":"http:\/\/dev.claret.cat\/editorial\/editorial-escola-de-vida\/","menu_order":0,"post_type":"editorial","post_mime_type":"","comment_count":"0","filter":"raw"}],"autores-libros":[{"ID":168173,"post_author":"3","post_date":"2022-10-14 18:17:07","post_date_gmt":"2022-10-14 16:17:07","post_content":"","post_title":"ROBERT A. JOHNSON","post_excerpt":"","post_status":"publish","comment_status":"closed","ping_status":"closed","post_password":"","post_name":"robert-a-johnson","to_ping":"","pinged":"","post_modified":"2022-10-14 18:17:07","post_modified_gmt":"2022-10-14 16:17:07","post_content_filtered":"","post_parent":0,"guid":"http:\/\/dev.claret.cat\/autor\/robert-a-johnson\/","menu_order":0,"post_type":"autor","post_mime_type":"","comment_count":"0","filter":"raw"}]},"aioseo_notices":[],"_links":{"self":[{"href":"https:\/\/www.claret.cat\/es\/wp-json\/wp\/v2\/product\/21730","targetHints":{"allow":["GET"]}}],"collection":[{"href":"https:\/\/www.claret.cat\/es\/wp-json\/wp\/v2\/product"}],"about":[{"href":"https:\/\/www.claret.cat\/es\/wp-json\/wp\/v2\/types\/product"}],"wp:featuredmedia":[{"embeddable":true,"href":"https:\/\/www.claret.cat\/es\/wp-json\/wp\/v2\/media\/55703"}],"wp:attachment":[{"href":"https:\/\/www.claret.cat\/es\/wp-json\/wp\/v2\/media?parent=21730"}],"wp:term":[{"taxonomy":"product_brand","embeddable":true,"href":"https:\/\/www.claret.cat\/es\/wp-json\/wp\/v2\/product_brand?post=21730"},{"taxonomy":"product_cat","embeddable":true,"href":"https:\/\/www.claret.cat\/es\/wp-json\/wp\/v2\/product_cat?post=21730"},{"taxonomy":"product_tag","embeddable":true,"href":"https:\/\/www.claret.cat\/es\/wp-json\/wp\/v2\/product_tag?post=21730"}],"curies":[{"name":"wp","href":"https:\/\/api.w.org\/{rel}","templated":true}]}}