{"id":217412,"date":"2022-10-20T14:25:48","date_gmt":"2022-10-20T12:25:48","guid":{"rendered":"http:\/\/dev.claret.cat\/producte\/angelina-purpurina-es-imparable\/"},"modified":"2023-01-28T20:44:50","modified_gmt":"2023-01-28T19:44:50","slug":"angelina-purpurina-es-imparable-9788447932917","status":"publish","type":"product","link":"https:\/\/www.claret.cat\/es\/libro\/angelina-purpurina-es-imparable-9788447932917\/","title":{"rendered":"ANGELINA PURPURINA \u00c9S IMPARABLE"},"content":{"rendered":"<p>L&#8217;\u00c0ngela creu que les coses de vegades no es poden complicar m\u00e9s : pensar en el meravell\u00f3s vestit de la seva amiga Cloe li fa treure un zero en un dictat, les vacances en una casa rural es torcen nom\u00e9s de comen\u00e7ar, i alg\u00fa espatlla el viol\u00ed del seu estimat Kevin. Per\u00f2 ella supera qualsevol contratemps!.<\/p>\n","protected":false},"excerpt":{"rendered":"<p>JOLY, FANNY<\/p>\n","protected":false},"featured_media":217413,"template":"","meta":{"_acf_changed":false,"om_disable_all_campaigns":false,"rs_blank_template":"","rs_page_bg_color":"","slide_template_v7":"","inline_featured_image":false,"_monsterinsights_skip_tracking":false,"_monsterinsights_sitenote_active":false,"_monsterinsights_sitenote_note":"","_monsterinsights_sitenote_category":0},"product_brand":[],"product_cat":[86],"product_tag":[],"class_list":{"0":"post-217412","1":"product","2":"type-product","3":"status-publish","4":"has-post-thumbnail","6":"product_cat-infantil","8":"first","9":"instock","10":"taxable","11":"shipping-taxable","12":"purchasable","13":"product-type-simple"},"acf":{"autor":"JOLY, FANNY","codart":"844793291","libros-coleccion":"Angelina Purpurina","ediciones":"1","encuadernacion":"R\u00fastica","fecha_de_publicacion":"01\/02\/2017","novedad":"1","paginas":"117","subtitulo":"","orden":"0","portada":"0","idioma":"cat"},"aioseo_notices":[],"_links":{"self":[{"href":"https:\/\/www.claret.cat\/es\/wp-json\/wp\/v2\/product\/217412","targetHints":{"allow":["GET"]}}],"collection":[{"href":"https:\/\/www.claret.cat\/es\/wp-json\/wp\/v2\/product"}],"about":[{"href":"https:\/\/www.claret.cat\/es\/wp-json\/wp\/v2\/types\/product"}],"wp:featuredmedia":[{"embeddable":true,"href":"https:\/\/www.claret.cat\/es\/wp-json\/wp\/v2\/media\/217413"}],"wp:attachment":[{"href":"https:\/\/www.claret.cat\/es\/wp-json\/wp\/v2\/media?parent=217412"}],"wp:term":[{"taxonomy":"product_brand","embeddable":true,"href":"https:\/\/www.claret.cat\/es\/wp-json\/wp\/v2\/product_brand?post=217412"},{"taxonomy":"product_cat","embeddable":true,"href":"https:\/\/www.claret.cat\/es\/wp-json\/wp\/v2\/product_cat?post=217412"},{"taxonomy":"product_tag","embeddable":true,"href":"https:\/\/www.claret.cat\/es\/wp-json\/wp\/v2\/product_tag?post=217412"}],"curies":[{"name":"wp","href":"https:\/\/api.w.org\/{rel}","templated":true}]}}