{"id":217520,"date":"2022-10-20T14:28:17","date_gmt":"2022-10-20T12:28:17","guid":{"rendered":"http:\/\/dev.claret.cat\/producte\/en-un-bosque-muy-oscuro\/"},"modified":"2025-02-04T18:15:41","modified_gmt":"2025-02-04T17:15:41","slug":"en-un-bosque-muy-oscuro-9788490566909","status":"publish","type":"product","link":"https:\/\/www.claret.cat\/es\/libro\/en-un-bosque-muy-oscuro-9788490566909\/","title":{"rendered":"EN UN BOSQUE MUY OSCURO"},"content":{"rendered":"<p>Nora no ha visto a Clare desde hace diez a\u00f1os. No desde que Nora sali\u00f3 del instituto un d\u00eda para no volver<br \/> jam\u00e1s. Hasta que, inesperadamente, recibe una invitaci\u00f3n para la despedida de soltera de Clare. Un fin de semana en una<br \/> casa en la profundidad del bosque. \u00bfEs \u00e9sta la oportunidad para Nora de recuperar la relaci\u00f3n con su mejor amiga? \u00bfLa<br \/> ocasi\u00f3n de superar su pasado? Y sin embargo algo va a ir mal. Muy mal. En un bosque muy oscuro es el lanzamiento en<br \/> Espa\u00f1a de Ruth Ware, la nueva estrella en la grip lit, el thriller psicol\u00f3gico femenino<\/p>\n","protected":false},"excerpt":{"rendered":"<p>WARE , RUTH<\/p>\n","protected":false},"featured_media":217521,"template":"","meta":{"_acf_changed":false,"om_disable_all_campaigns":false,"rs_blank_template":"","rs_page_bg_color":"","slide_template_v7":"","inline_featured_image":false,"_monsterinsights_skip_tracking":false,"_monsterinsights_sitenote_active":false,"_monsterinsights_sitenote_note":"","_monsterinsights_sitenote_category":0},"product_brand":[],"product_cat":[87,353],"product_tag":[],"class_list":{"0":"post-217520","1":"product","2":"type-product","3":"status-publish","4":"has-post-thumbnail","6":"product_cat-literatura","7":"product_cat-literatura-2_humanidades","9":"first","10":"instock","11":"taxable","12":"shipping-taxable","13":"purchasable","14":"product-type-simple"},"acf":{"autor":"WARE , RUTH","codart":"849056690","libros-coleccion":"SUSHI BOOKS","ediciones":"1","encuadernacion":"R\u00fastica","fecha_de_publicacion":"01\/02\/2017","novedad":"1","paginas":"394","subtitulo":"","orden":"0","portada":"0","idioma":"spa","editorial":[{"ID":148737,"post_author":"3","post_date":"2022-10-14 12:00:35","post_date_gmt":"2022-10-14 10:00:35","post_content":"","post_title":"RBA Libros","post_excerpt":"","post_status":"publish","comment_status":"closed","ping_status":"closed","post_password":"","post_name":"rba-libros","to_ping":"","pinged":"","post_modified":"2022-10-14 12:00:35","post_modified_gmt":"2022-10-14 10:00:35","post_content_filtered":"","post_parent":0,"guid":"http:\/\/dev.claret.cat\/editorial\/rba-libros\/","menu_order":0,"post_type":"editorial","post_mime_type":"","comment_count":"0","filter":"raw"}],"autores-libros":[{"ID":168715,"post_author":"3","post_date":"2022-10-14 22:21:21","post_date_gmt":"2022-10-14 20:21:21","post_content":"","post_title":"RUTH WARE","post_excerpt":"","post_status":"publish","comment_status":"closed","ping_status":"closed","post_password":"","post_name":"ruth-ware","to_ping":"","pinged":"","post_modified":"2022-10-14 22:21:21","post_modified_gmt":"2022-10-14 20:21:21","post_content_filtered":"","post_parent":0,"guid":"http:\/\/dev.claret.cat\/autor\/ruth-ware\/","menu_order":0,"post_type":"autor","post_mime_type":"","comment_count":"0","filter":"raw"}]},"aioseo_notices":[],"_links":{"self":[{"href":"https:\/\/www.claret.cat\/es\/wp-json\/wp\/v2\/product\/217520","targetHints":{"allow":["GET"]}}],"collection":[{"href":"https:\/\/www.claret.cat\/es\/wp-json\/wp\/v2\/product"}],"about":[{"href":"https:\/\/www.claret.cat\/es\/wp-json\/wp\/v2\/types\/product"}],"wp:featuredmedia":[{"embeddable":true,"href":"https:\/\/www.claret.cat\/es\/wp-json\/wp\/v2\/media\/217521"}],"wp:attachment":[{"href":"https:\/\/www.claret.cat\/es\/wp-json\/wp\/v2\/media?parent=217520"}],"wp:term":[{"taxonomy":"product_brand","embeddable":true,"href":"https:\/\/www.claret.cat\/es\/wp-json\/wp\/v2\/product_brand?post=217520"},{"taxonomy":"product_cat","embeddable":true,"href":"https:\/\/www.claret.cat\/es\/wp-json\/wp\/v2\/product_cat?post=217520"},{"taxonomy":"product_tag","embeddable":true,"href":"https:\/\/www.claret.cat\/es\/wp-json\/wp\/v2\/product_tag?post=217520"}],"curies":[{"name":"wp","href":"https:\/\/api.w.org\/{rel}","templated":true}]}}