{"id":217541,"date":"2022-10-20T14:28:46","date_gmt":"2022-10-20T12:28:46","guid":{"rendered":"http:\/\/dev.claret.cat\/producte\/arteterapia-tsum-tsum-disney\/"},"modified":"2024-07-23T17:30:28","modified_gmt":"2024-07-23T15:30:28","slug":"arteterapia-tsum-tsum-disney-9788416857166","status":"publish","type":"product","link":"https:\/\/www.claret.cat\/es\/libro\/arteterapia-tsum-tsum-disney-9788416857166\/","title":{"rendered":"ARTETERAPIA. TSUM TSUM DISNEY"},"content":{"rendered":"<p>Los Tsum Tsum son unos peque\u00f1os peluches con unas caritas adorables que vienen de Jap\u00f3n. En japon\u00e9s, Tsum Tsum significa \u00abapila, apila\u00bb, y se les denomina as\u00ed porque a estos mu\u00f1ecos los apilan unos sobre otros para crear combinaciones divertidas. <br \/> Redescubre en este libro a muchos de los personajes Disney de tu infancia, convertidos en dibujos Tsum Tsum. <br \/> \u00a1Prepara tus l\u00e1pices de colores y d\u00e9jate cautivar por ellos!<\/p>\n","protected":false},"excerpt":{"rendered":"<p>HACHETTE HEROES<\/p>\n","protected":false},"featured_media":976002,"template":"","meta":{"_acf_changed":false,"om_disable_all_campaigns":false,"rs_blank_template":"","rs_page_bg_color":"","slide_template_v7":"","inline_featured_image":false,"_monsterinsights_skip_tracking":false,"_monsterinsights_sitenote_active":false,"_monsterinsights_sitenote_note":"","_monsterinsights_sitenote_category":0},"product_brand":[],"product_cat":[86,352,551,101],"product_tag":[],"class_list":{"0":"post-217541","1":"product","2":"type-product","3":"status-publish","4":"has-post-thumbnail","6":"product_cat-infantil","7":"product_cat-infantil-3_infantil-juvenil-spa","8":"product_cat-manualidades","9":"product_cat-manualitats","11":"first","12":"outofstock","13":"taxable","14":"shipping-taxable","15":"purchasable","16":"product-type-simple"},"acf":{"autor":"HACHETTE HEROES","codart":"841685716","libros-coleccion":"SUSHI BOOKS","ediciones":"1","encuadernacion":"R\u00fastica","fecha_de_publicacion":"01\/02\/2017","novedad":"1","paginas":"128","subtitulo":"","orden":"0","portada":"0","idioma":"spa","editorial":[{"ID":148239,"post_author":"3","post_date":"2022-10-14 11:56:42","post_date_gmt":"2022-10-14 09:56:42","post_content":"","post_title":"Hachette Heroes","post_excerpt":"","post_status":"publish","comment_status":"closed","ping_status":"closed","post_password":"","post_name":"hachette-heroes","to_ping":"","pinged":"","post_modified":"2022-10-14 11:56:42","post_modified_gmt":"2022-10-14 09:56:42","post_content_filtered":"","post_parent":0,"guid":"http:\/\/dev.claret.cat\/editorial\/hachette-heroes\/","menu_order":0,"post_type":"editorial","post_mime_type":"","comment_count":"0","filter":"raw"}],"autores-libros":[{"ID":423204,"post_author":"3","post_date":"2023-05-16 07:35:16","post_date_gmt":"2023-05-16 05:35:16","post_content":"","post_title":"HACHETTE HEROES","post_excerpt":"","post_status":"publish","comment_status":"closed","ping_status":"closed","post_password":"","post_name":"hachette-heroes","to_ping":"","pinged":"","post_modified":"2023-05-16 07:35:16","post_modified_gmt":"2023-05-16 05:35:16","post_content_filtered":"","post_parent":0,"guid":"https:\/\/www.claret.cat\/autor\/hachette-heroes\/","menu_order":0,"post_type":"autor","post_mime_type":"","comment_count":"0","filter":"raw"}]},"aioseo_notices":[],"_links":{"self":[{"href":"https:\/\/www.claret.cat\/es\/wp-json\/wp\/v2\/product\/217541","targetHints":{"allow":["GET"]}}],"collection":[{"href":"https:\/\/www.claret.cat\/es\/wp-json\/wp\/v2\/product"}],"about":[{"href":"https:\/\/www.claret.cat\/es\/wp-json\/wp\/v2\/types\/product"}],"wp:featuredmedia":[{"embeddable":true,"href":"https:\/\/www.claret.cat\/es\/wp-json\/wp\/v2\/media\/976002"}],"wp:attachment":[{"href":"https:\/\/www.claret.cat\/es\/wp-json\/wp\/v2\/media?parent=217541"}],"wp:term":[{"taxonomy":"product_brand","embeddable":true,"href":"https:\/\/www.claret.cat\/es\/wp-json\/wp\/v2\/product_brand?post=217541"},{"taxonomy":"product_cat","embeddable":true,"href":"https:\/\/www.claret.cat\/es\/wp-json\/wp\/v2\/product_cat?post=217541"},{"taxonomy":"product_tag","embeddable":true,"href":"https:\/\/www.claret.cat\/es\/wp-json\/wp\/v2\/product_tag?post=217541"}],"curies":[{"name":"wp","href":"https:\/\/api.w.org\/{rel}","templated":true}]}}