{"id":217553,"date":"2022-10-20T14:29:03","date_gmt":"2022-10-20T12:29:03","guid":{"rendered":"http:\/\/dev.claret.cat\/producte\/bases-teologicas-de-los-ejercicios-ignacianos\/"},"modified":"2026-02-03T16:30:06","modified_gmt":"2026-02-03T15:30:06","slug":"bases-teologicas-de-los-ejercicios-ignacianos-9788415915782","status":"publish","type":"product","link":"https:\/\/www.claret.cat\/es\/libro\/bases-teologicas-de-los-ejercicios-ignacianos-9788415915782\/","title":{"rendered":"BASES TEOL\u00d3GICAS DE LOS EJERCICIOS IGNACIANOS"},"content":{"rendered":"<p>Esta obra est\u00e1 concebida para aquellos que se interesan por conocer mejor las bases teol\u00f3gicas de los Ejercicios Espirituales de San Ignacio de Loyola.<br \/> El autor lo ha editado para ayudar a cualquier te\u00f3logo a descifrarlos mejor, a los directores de Ejercicios para saber acompa\u00f1ar de mejor modo la pr\u00e1ctica, y para alumbrar mejor sus meditaciones y explicaciones a los ejercitantes. Y lo hace con un lenguaje sencillo, concretoo y conciso, para hacer m\u00e1s f\u00e1cil al lector su reflexi\u00f3n, ampliaci\u00f3n y explicaci\u00f3n.<br \/> Cada cap\u00edtulo contiene, en sus primeros par\u00e1grafos, los textos de los Ejercicios que hacen alguna referencia al tema tratado. Desarrolla luego la explicaci\u00f3n teol\u00f3gica que lo fundamenta, muestra las fuentes de la cultura del santo. Aduce luego los textos b\u00edblicos o de los doctores, correspondientes a la misma tem\u00e1tica y lo relaciona con alguna obra del magisterio actual. Presenta adem\u00e1s algunos escollos que ofrece la cultura de hoy en d\u00eda para la recepci\u00f3n de esa doctrina. Y finalmente va acompa\u00f1ado de una bibliograf\u00eda escogida.<\/p>\n","protected":false},"excerpt":{"rendered":"<p>RUIZ JURADO, MANUEL<\/p>\n","protected":false},"featured_media":313055,"template":"","meta":{"_acf_changed":false,"om_disable_all_campaigns":false,"rs_blank_template":"","rs_page_bg_color":"","slide_template_v7":"","inline_featured_image":false,"_monsterinsights_skip_tracking":false,"_monsterinsights_sitenote_active":false,"_monsterinsights_sitenote_note":"","_monsterinsights_sitenote_category":0},"product_brand":[],"product_cat":[345,79],"product_tag":[],"class_list":{"0":"post-217553","1":"product","2":"type-product","3":"status-publish","4":"has-post-thumbnail","6":"product_cat-espiritualidad","7":"product_cat-espiritualitat","9":"first","10":"instock","11":"taxable","12":"shipping-taxable","13":"purchasable","14":"product-type-simple"},"acf":{"autor":"RUIZ JURADO, MANUEL","codart":"841591578","libros-coleccion":"SUSHI BOOKS","ediciones":"1","encuadernacion":"R\u00fastica","fecha_de_publicacion":"01\/02\/2017","novedad":"1","paginas":"195","subtitulo":"","orden":"0","portada":"0","idioma":"spa","editorial":[{"ID":147774,"post_author":"3","post_date":"2022-10-14 11:53:07","post_date_gmt":"2022-10-14 09:53:07","post_content":"","post_title":"EDIBESA","post_excerpt":"","post_status":"publish","comment_status":"closed","ping_status":"closed","post_password":"","post_name":"edibesa","to_ping":"","pinged":"","post_modified":"2022-10-14 11:53:07","post_modified_gmt":"2022-10-14 09:53:07","post_content_filtered":"","post_parent":0,"guid":"http:\/\/dev.claret.cat\/editorial\/edibesa\/","menu_order":0,"post_type":"editorial","post_mime_type":"","comment_count":"0","filter":"raw"}],"autores-libros":[{"ID":282578,"post_author":"3","post_date":"2022-12-10 00:33:46","post_date_gmt":"2022-12-09 23:33:46","post_content":"","post_title":"MANUEL RUIZ JURADO","post_excerpt":"","post_status":"publish","comment_status":"closed","ping_status":"closed","post_password":"","post_name":"manuel-ruiz-jurado","to_ping":"","pinged":"","post_modified":"2022-12-10 00:33:46","post_modified_gmt":"2022-12-09 23:33:46","post_content_filtered":"","post_parent":0,"guid":"http:\/\/dev.claret.cat\/autor\/manuel-ruiz-jurado\/","menu_order":0,"post_type":"autor","post_mime_type":"","comment_count":"0","filter":"raw"}],"booktrailer":"","resenas":""},"aioseo_notices":[],"_links":{"self":[{"href":"https:\/\/www.claret.cat\/es\/wp-json\/wp\/v2\/product\/217553","targetHints":{"allow":["GET"]}}],"collection":[{"href":"https:\/\/www.claret.cat\/es\/wp-json\/wp\/v2\/product"}],"about":[{"href":"https:\/\/www.claret.cat\/es\/wp-json\/wp\/v2\/types\/product"}],"wp:featuredmedia":[{"embeddable":true,"href":"https:\/\/www.claret.cat\/es\/wp-json\/wp\/v2\/media\/313055"}],"wp:attachment":[{"href":"https:\/\/www.claret.cat\/es\/wp-json\/wp\/v2\/media?parent=217553"}],"wp:term":[{"taxonomy":"product_brand","embeddable":true,"href":"https:\/\/www.claret.cat\/es\/wp-json\/wp\/v2\/product_brand?post=217553"},{"taxonomy":"product_cat","embeddable":true,"href":"https:\/\/www.claret.cat\/es\/wp-json\/wp\/v2\/product_cat?post=217553"},{"taxonomy":"product_tag","embeddable":true,"href":"https:\/\/www.claret.cat\/es\/wp-json\/wp\/v2\/product_tag?post=217553"}],"curies":[{"name":"wp","href":"https:\/\/api.w.org\/{rel}","templated":true}]}}