{"id":217586,"date":"2022-10-20T14:29:47","date_gmt":"2022-10-20T12:29:47","guid":{"rendered":"http:\/\/dev.claret.cat\/producte\/catalunya-50-excursions-als-seus-rius\/"},"modified":"2025-08-28T12:40:20","modified_gmt":"2025-08-28T10:40:20","slug":"catalunya-50-excursions-als-seus-rius-9788490345689","status":"publish","type":"product","link":"https:\/\/www.claret.cat\/es\/libro\/catalunya-50-excursions-als-seus-rius-9788490345689\/","title":{"rendered":"CATALUNYA: 50 EXCURSIONS ALS SEUS RIUS"},"content":{"rendered":"<p>En aquest llibre us proposem 50 excursions als bells i encisadors indrets que voregen els rius catalans, repartides per tot el territori de Catalunya. Us anireu topant amb un rierol que serpenteja pel bosc, un saltant d&#8217;aigua argentada, una resclosa d&#8217;un vell mol\u00ed amb les seves aig\u00fces quietes, un torrent embravit que esculpeix una petita gorja o un antic pont de pedra que s&#8217;emmiralla en les aig\u00fces encalmades d&#8217;un riu. A Catalunya \u00e9s molt f\u00e0cil gaudir d&#8217;aquestes boniques troballes tot caminant, ja sigui pels boscos humits a peu de les muntanyes, per pinedes i alzinars mediterranis, per planes de conreus de sec\u00e0 o per alguns indrets propers al litoral. Un recull indispensable per a tots aquells excursionistes i amants dels rius que s&#8217;estimen o volen con\u00e8ixer millor el nostre territori.<\/p>\n","protected":false},"excerpt":{"rendered":"<p>PASADAS I SALAZAR, C\u00c8SAR<\/p>\n","protected":false},"featured_media":320245,"template":"","meta":{"_acf_changed":false,"om_disable_all_campaigns":false,"rs_blank_template":"","rs_page_bg_color":"","slide_template_v7":"","inline_featured_image":false,"_monsterinsights_skip_tracking":false,"_monsterinsights_sitenote_active":false,"_monsterinsights_sitenote_note":"","_monsterinsights_sitenote_category":0},"product_brand":[],"product_cat":[557,107,105,555],"product_tag":[],"class_list":{"0":"post-217586","1":"product","2":"type-product","3":"status-publish","4":"has-post-thumbnail","6":"product_cat-guias-de-viaje","7":"product_cat-guies-de-viatge","8":"product_cat-regal","9":"product_cat-regalo","11":"first","12":"instock","13":"taxable","14":"shipping-taxable","15":"purchasable","16":"product-type-simple"},"acf":{"autor":"PASADAS I SALAZAR, C\u00c8SAR","codart":"849034568","libros-coleccion":"FORA DE COL.LECCI\u00d3","ediciones":"1","encuadernacion":"Carton\u00e9","fecha_de_publicacion":"01\/02\/2017","novedad":"1","paginas":"114","subtitulo":"","orden":"0","portada":"0","idioma":"cat","editorial":[{"ID":6171,"post_author":"3","post_date":"2022-07-28 17:46:25","post_date_gmt":"2022-07-28 15:46:25","post_content":"","post_title":"COSSETANIA EDICIONS","post_excerpt":"","post_status":"publish","comment_status":"closed","ping_status":"closed","post_password":"","post_name":"cossetania-edicions","to_ping":"","pinged":"","post_modified":"2022-07-28 17:46:25","post_modified_gmt":"2022-07-28 15:46:25","post_content_filtered":"","post_parent":0,"guid":"http:\/\/dev.claret.cat\/editorial\/cossetania-edicions\/","menu_order":0,"post_type":"editorial","post_mime_type":"","comment_count":"0","filter":"raw"}],"autores-libros":[{"ID":320244,"post_author":"3","post_date":"2023-01-03 00:08:31","post_date_gmt":"2023-01-02 23:08:31","post_content":"","post_title":"C\u00c8SAR PASADAS I SALAZAR","post_excerpt":"","post_status":"publish","comment_status":"closed","ping_status":"closed","post_password":"","post_name":"cesar-pasadas-i-salazar","to_ping":"","pinged":"","post_modified":"2023-01-03 00:08:31","post_modified_gmt":"2023-01-02 23:08:31","post_content_filtered":"","post_parent":0,"guid":"https:\/\/www.claret.cat\/autor\/cesar-pasadas-i-salazar\/","menu_order":0,"post_type":"autor","post_mime_type":"","comment_count":"0","filter":"raw"}],"booktrailer":"","resenas":""},"aioseo_notices":[],"_links":{"self":[{"href":"https:\/\/www.claret.cat\/es\/wp-json\/wp\/v2\/product\/217586","targetHints":{"allow":["GET"]}}],"collection":[{"href":"https:\/\/www.claret.cat\/es\/wp-json\/wp\/v2\/product"}],"about":[{"href":"https:\/\/www.claret.cat\/es\/wp-json\/wp\/v2\/types\/product"}],"wp:featuredmedia":[{"embeddable":true,"href":"https:\/\/www.claret.cat\/es\/wp-json\/wp\/v2\/media\/320245"}],"wp:attachment":[{"href":"https:\/\/www.claret.cat\/es\/wp-json\/wp\/v2\/media?parent=217586"}],"wp:term":[{"taxonomy":"product_brand","embeddable":true,"href":"https:\/\/www.claret.cat\/es\/wp-json\/wp\/v2\/product_brand?post=217586"},{"taxonomy":"product_cat","embeddable":true,"href":"https:\/\/www.claret.cat\/es\/wp-json\/wp\/v2\/product_cat?post=217586"},{"taxonomy":"product_tag","embeddable":true,"href":"https:\/\/www.claret.cat\/es\/wp-json\/wp\/v2\/product_tag?post=217586"}],"curies":[{"name":"wp","href":"https:\/\/api.w.org\/{rel}","templated":true}]}}