{"id":217815,"date":"2022-10-20T14:35:05","date_gmt":"2022-10-20T12:35:05","guid":{"rendered":"http:\/\/dev.claret.cat\/producte\/mozart-2\/"},"modified":"2023-01-28T11:47:28","modified_gmt":"2023-01-28T10:47:28","slug":"mozart-9788490345740","status":"publish","type":"product","link":"https:\/\/www.claret.cat\/es\/libro\/mozart-9788490345740\/","title":{"rendered":"MOZART"},"content":{"rendered":"<p>Nom\u00e9s \u00e9s un nen quan, amb l&#8217;ajuda d&#8217;un coix\u00ed per arribar al teclat, conquereix les principals corts de tot Europa. I, malgrat aix\u00f2, tindr\u00e0 una vida pl\u00e0cida. Fidel nom\u00e9s al seu talent, desafiar\u00e0 tant les autoritats com els prejudicis del seu temps. Aquesta actitud li portar\u00e0 problemes, per\u00f2 els seus esfor\u00e7os es veuran recompensats. Obtindr\u00e0 la llibertat que necessita per crear i compondr\u00e0 m\u00fasica que encara avui escoltem. El seu nom \u00e9s Wolfgang Amadeus Mozart, i en aquest llibre us expliquem la seva vida.<\/p>\n","protected":false},"excerpt":{"rendered":"<p>VELOY PLANAS, MARI\u00c0 \/ MAYNAR G\u00c1LVEZ, DAVID<\/p>\n","protected":false},"featured_media":320255,"template":"","meta":{"_acf_changed":false,"om_disable_all_campaigns":false,"rs_blank_template":"","rs_page_bg_color":"","slide_template_v7":"","inline_featured_image":false,"_monsterinsights_skip_tracking":false,"_monsterinsights_sitenote_active":false,"_monsterinsights_sitenote_note":"","_monsterinsights_sitenote_category":0},"product_brand":[],"product_cat":[86,352],"product_tag":[],"class_list":{"0":"post-217815","1":"product","2":"type-product","3":"status-publish","4":"has-post-thumbnail","6":"product_cat-infantil","7":"product_cat-infantil-3_infantil-juvenil-spa","9":"first","10":"instock","11":"taxable","12":"shipping-taxable","13":"purchasable","14":"product-type-simple"},"acf":{"autor":"VELOY PLANAS, MARI\u00c0 \/ MAYNAR G\u00c1LVEZ, DAVID","codart":"849034574","libros-coleccion":"SUSHI BOOKS","ediciones":"1","encuadernacion":"R\u00fastica","fecha_de_publicacion":"01\/02\/2017","novedad":"1","paginas":"31","subtitulo":"","orden":"0","portada":"0","idioma":"cat","editorial":[{"ID":6171,"post_author":"3","post_date":"2022-07-28 17:46:25","post_date_gmt":"2022-07-28 15:46:25","post_content":"","post_title":"COSSETANIA EDICIONS","post_excerpt":"","post_status":"publish","comment_status":"closed","ping_status":"closed","post_password":"","post_name":"cossetania-edicions","to_ping":"","pinged":"","post_modified":"2022-07-28 17:46:25","post_modified_gmt":"2022-07-28 15:46:25","post_content_filtered":"","post_parent":0,"guid":"http:\/\/dev.claret.cat\/editorial\/cossetania-edicions\/","menu_order":0,"post_type":"editorial","post_mime_type":"","comment_count":"0","filter":"raw"}],"autores-libros":[{"ID":163799,"post_author":"3","post_date":"2022-10-14 17:41:57","post_date_gmt":"2022-10-14 15:41:57","post_content":"","post_title":"MARI\u00c0 VELOY PLANAS","post_excerpt":"","post_status":"publish","comment_status":"closed","ping_status":"closed","post_password":"","post_name":"maria-veloy-planas","to_ping":"","pinged":"","post_modified":"2022-10-14 17:41:57","post_modified_gmt":"2022-10-14 15:41:57","post_content_filtered":"","post_parent":0,"guid":"http:\/\/dev.claret.cat\/autor\/maria-veloy-planas\/","menu_order":0,"post_type":"autor","post_mime_type":"","comment_count":"0","filter":"raw"},{"ID":153888,"post_author":"3","post_date":"2022-10-14 15:00:21","post_date_gmt":"2022-10-14 13:00:21","post_content":"","post_title":"DAVID MAYNAR G\u00c1LVEZ","post_excerpt":"","post_status":"publish","comment_status":"closed","ping_status":"closed","post_password":"","post_name":"david-maynar-galvez","to_ping":"","pinged":"","post_modified":"2022-10-14 15:00:21","post_modified_gmt":"2022-10-14 13:00:21","post_content_filtered":"","post_parent":0,"guid":"http:\/\/dev.claret.cat\/autor\/david-maynar-galvez\/","menu_order":0,"post_type":"autor","post_mime_type":"","comment_count":"0","filter":"raw"}]},"aioseo_notices":[],"_links":{"self":[{"href":"https:\/\/www.claret.cat\/es\/wp-json\/wp\/v2\/product\/217815","targetHints":{"allow":["GET"]}}],"collection":[{"href":"https:\/\/www.claret.cat\/es\/wp-json\/wp\/v2\/product"}],"about":[{"href":"https:\/\/www.claret.cat\/es\/wp-json\/wp\/v2\/types\/product"}],"wp:featuredmedia":[{"embeddable":true,"href":"https:\/\/www.claret.cat\/es\/wp-json\/wp\/v2\/media\/320255"}],"wp:attachment":[{"href":"https:\/\/www.claret.cat\/es\/wp-json\/wp\/v2\/media?parent=217815"}],"wp:term":[{"taxonomy":"product_brand","embeddable":true,"href":"https:\/\/www.claret.cat\/es\/wp-json\/wp\/v2\/product_brand?post=217815"},{"taxonomy":"product_cat","embeddable":true,"href":"https:\/\/www.claret.cat\/es\/wp-json\/wp\/v2\/product_cat?post=217815"},{"taxonomy":"product_tag","embeddable":true,"href":"https:\/\/www.claret.cat\/es\/wp-json\/wp\/v2\/product_tag?post=217815"}],"curies":[{"name":"wp","href":"https:\/\/api.w.org\/{rel}","templated":true}]}}