{"id":217968,"date":"2022-10-20T14:38:38","date_gmt":"2022-10-20T12:38:38","guid":{"rendered":"http:\/\/dev.claret.cat\/producte\/yo-kai-watch-la-guia-oficial\/"},"modified":"2025-03-12T10:10:17","modified_gmt":"2025-03-12T09:10:17","slug":"yokai-watch-la-guia-oficial-9788408166085","status":"publish","type":"product","link":"https:\/\/www.claret.cat\/es\/libro\/yokai-watch-la-guia-oficial-9788408166085\/","title":{"rendered":"YO-KAI WATCH. LA GU\u00cdA OFICIAL"},"content":{"rendered":"<p>Aprender\u00e1s sobre las diferentes tribus, los poderes de cada Yo-Kai, las medallas, los Yo-Kai legendarios y mucho m\u00e1s. \u00a1Una gu\u00eda imprescindible para convertirse en un experto en Yo-Kai Watch!<\/p>\n","protected":false},"excerpt":{"rendered":"<p>YO-KAI WATCH<\/p>\n","protected":false},"featured_media":1010781,"template":"","meta":{"_acf_changed":false,"om_disable_all_campaigns":false,"rs_blank_template":"","rs_page_bg_color":"","slide_template_v7":"","inline_featured_image":false,"_monsterinsights_skip_tracking":false,"_monsterinsights_sitenote_active":false,"_monsterinsights_sitenote_note":"","_monsterinsights_sitenote_category":0},"product_brand":[],"product_cat":[86,352],"product_tag":[],"class_list":{"0":"post-217968","1":"product","2":"type-product","3":"status-publish","4":"has-post-thumbnail","6":"product_cat-infantil","7":"product_cat-infantil-3_infantil-juvenil-spa","9":"first","10":"outofstock","11":"taxable","12":"shipping-taxable","13":"purchasable","14":"product-type-simple"},"acf":{"autor":"YO-KAI WATCH","codart":"840816608","libros-coleccion":"SUSHI BOOKS","ediciones":"1","encuadernacion":"Carton\u00e9","fecha_de_publicacion":"01\/02\/2017","novedad":"0","paginas":"144","subtitulo":"","orden":"0","portada":"0","idioma":"spa","editorial":[{"ID":148678,"post_author":"3","post_date":"2022-10-14 12:00:08","post_date_gmt":"2022-10-14 10:00:08","post_content":"","post_title":"PLANETA JUNIOR","post_excerpt":"","post_status":"publish","comment_status":"closed","ping_status":"closed","post_password":"","post_name":"planeta-junior","to_ping":"","pinged":"","post_modified":"2022-10-14 12:00:08","post_modified_gmt":"2022-10-14 10:00:08","post_content_filtered":"","post_parent":0,"guid":"http:\/\/dev.claret.cat\/editorial\/planeta-junior\/","menu_order":0,"post_type":"editorial","post_mime_type":"","comment_count":"0","filter":"raw"}],"autores-libros":[{"ID":171583,"post_author":"3","post_date":"2022-10-14 22:44:34","post_date_gmt":"2022-10-14 20:44:34","post_content":"","post_title":"YO-KAI WATCH","post_excerpt":"","post_status":"publish","comment_status":"closed","ping_status":"closed","post_password":"","post_name":"yo-kai-watch","to_ping":"","pinged":"","post_modified":"2022-10-14 22:44:34","post_modified_gmt":"2022-10-14 20:44:34","post_content_filtered":"","post_parent":0,"guid":"http:\/\/dev.claret.cat\/autor\/yo-kai-watch\/","menu_order":0,"post_type":"autor","post_mime_type":"","comment_count":"0","filter":"raw"}]},"aioseo_notices":[],"_links":{"self":[{"href":"https:\/\/www.claret.cat\/es\/wp-json\/wp\/v2\/product\/217968","targetHints":{"allow":["GET"]}}],"collection":[{"href":"https:\/\/www.claret.cat\/es\/wp-json\/wp\/v2\/product"}],"about":[{"href":"https:\/\/www.claret.cat\/es\/wp-json\/wp\/v2\/types\/product"}],"wp:featuredmedia":[{"embeddable":true,"href":"https:\/\/www.claret.cat\/es\/wp-json\/wp\/v2\/media\/1010781"}],"wp:attachment":[{"href":"https:\/\/www.claret.cat\/es\/wp-json\/wp\/v2\/media?parent=217968"}],"wp:term":[{"taxonomy":"product_brand","embeddable":true,"href":"https:\/\/www.claret.cat\/es\/wp-json\/wp\/v2\/product_brand?post=217968"},{"taxonomy":"product_cat","embeddable":true,"href":"https:\/\/www.claret.cat\/es\/wp-json\/wp\/v2\/product_cat?post=217968"},{"taxonomy":"product_tag","embeddable":true,"href":"https:\/\/www.claret.cat\/es\/wp-json\/wp\/v2\/product_tag?post=217968"}],"curies":[{"name":"wp","href":"https:\/\/api.w.org\/{rel}","templated":true}]}}