{"id":217971,"date":"2022-10-20T14:38:42","date_gmt":"2022-10-20T12:38:42","guid":{"rendered":"http:\/\/dev.claret.cat\/producte\/recetas-sencillas-para-novatos-y-cocinillas\/"},"modified":"2023-01-28T17:01:11","modified_gmt":"2023-01-28T16:01:11","slug":"recetas-sencillas-para-novatos-y-cocinillas-9788408166122","status":"publish","type":"product","link":"https:\/\/www.claret.cat\/es\/libro\/recetas-sencillas-para-novatos-y-cocinillas-9788408166122\/","title":{"rendered":"RECETAS SENCILLAS PARA NOVATOS Y COCINILLAS"},"content":{"rendered":"<p>Un libro con m\u00e1s de 1.000 recetas para todos los que quieran animarse a cocinar, desde los que empiezan de cero hasta los que hacen ya sus pinitos; para los que no han frito nunca un huevo y para los que quieran preparar una mayonesa perfecta; para los que solo saben hacer un bocadillo de chorizo y para los que quieran hacer un bacalao al pilpil. Un manual, en definitiva, sencillo y muy bien explicado que no debe faltar en ninguna cocina, con resultados m\u00e1s que garantizados.<\/p>\n","protected":false},"excerpt":{"rendered":"<p>GUTI\u00c9RREZ, XABIER<\/p>\n","protected":false},"featured_media":217972,"template":"","meta":{"_acf_changed":false,"om_disable_all_campaigns":false,"rs_blank_template":"","rs_page_bg_color":"","slide_template_v7":"","inline_featured_image":false,"_monsterinsights_skip_tracking":false,"_monsterinsights_sitenote_active":false,"_monsterinsights_sitenote_note":"","_monsterinsights_sitenote_category":0},"product_brand":[],"product_cat":[103],"product_tag":[],"class_list":{"0":"post-217971","1":"product","2":"type-product","3":"status-publish","4":"has-post-thumbnail","6":"product_cat-cuina","8":"first","9":"instock","10":"taxable","11":"shipping-taxable","12":"purchasable","13":"product-type-simple"},"acf":{"autor":"GUTI\u00c9RREZ, XABIER","codart":"840816612","libros-coleccion":"T\u00e9cnicas culinarias","ediciones":"1","encuadernacion":"R\u00fastica","fecha_de_publicacion":"01\/02\/2017","novedad":"1","paginas":"542","subtitulo":"JEFE DEL LABORATORIO DEL RESTAURANTE ARZAK","orden":"0","portada":"0","idioma":"spa","editorial":[{"ID":148676,"post_author":"3","post_date":"2022-10-14 12:00:07","post_date_gmt":"2022-10-14 10:00:07","post_content":"","post_title":"Planeta Gastro","post_excerpt":"","post_status":"publish","comment_status":"closed","ping_status":"closed","post_password":"","post_name":"planeta-gastro","to_ping":"","pinged":"","post_modified":"2022-10-14 12:00:07","post_modified_gmt":"2022-10-14 10:00:07","post_content_filtered":"","post_parent":0,"guid":"http:\/\/dev.claret.cat\/editorial\/planeta-gastro\/","menu_order":0,"post_type":"editorial","post_mime_type":"","comment_count":"0","filter":"raw"}],"autores-libros":[{"ID":171374,"post_author":"3","post_date":"2022-10-14 22:42:53","post_date_gmt":"2022-10-14 20:42:53","post_content":"","post_title":"XABIER GUTIERREZ","post_excerpt":"","post_status":"publish","comment_status":"closed","ping_status":"closed","post_password":"","post_name":"xabier-gutierrez","to_ping":"","pinged":"","post_modified":"2022-10-14 22:42:53","post_modified_gmt":"2022-10-14 20:42:53","post_content_filtered":"","post_parent":0,"guid":"http:\/\/dev.claret.cat\/autor\/xabier-gutierrez\/","menu_order":0,"post_type":"autor","post_mime_type":"","comment_count":"0","filter":"raw"}]},"aioseo_notices":[],"_links":{"self":[{"href":"https:\/\/www.claret.cat\/es\/wp-json\/wp\/v2\/product\/217971","targetHints":{"allow":["GET"]}}],"collection":[{"href":"https:\/\/www.claret.cat\/es\/wp-json\/wp\/v2\/product"}],"about":[{"href":"https:\/\/www.claret.cat\/es\/wp-json\/wp\/v2\/types\/product"}],"wp:featuredmedia":[{"embeddable":true,"href":"https:\/\/www.claret.cat\/es\/wp-json\/wp\/v2\/media\/217972"}],"wp:attachment":[{"href":"https:\/\/www.claret.cat\/es\/wp-json\/wp\/v2\/media?parent=217971"}],"wp:term":[{"taxonomy":"product_brand","embeddable":true,"href":"https:\/\/www.claret.cat\/es\/wp-json\/wp\/v2\/product_brand?post=217971"},{"taxonomy":"product_cat","embeddable":true,"href":"https:\/\/www.claret.cat\/es\/wp-json\/wp\/v2\/product_cat?post=217971"},{"taxonomy":"product_tag","embeddable":true,"href":"https:\/\/www.claret.cat\/es\/wp-json\/wp\/v2\/product_tag?post=217971"}],"curies":[{"name":"wp","href":"https:\/\/api.w.org\/{rel}","templated":true}]}}