{"id":218187,"date":"2022-10-20T14:43:43","date_gmt":"2022-10-20T12:43:43","guid":{"rendered":"http:\/\/dev.claret.cat\/producte\/el-lunatico\/"},"modified":"2023-01-28T22:05:36","modified_gmt":"2023-01-28T21:05:36","slug":"el-lunatico-9788416193486","status":"publish","type":"product","link":"https:\/\/www.claret.cat\/es\/libro\/el-lunatico-9788416193486\/","title":{"rendered":"EL LUN\u00c1TICO"},"content":{"rendered":"<p>El lun\u00e1tico es la obra m\u00e1s novedosa de Charles Simic, uno de los poetas m\u00e1s estimados y admirados de nuestra \u00e9poca, autor de culto que ha sabido crear una conexi\u00f3n con los lectores m\u00e1s diversos sin dejar de lado las exigencias y el horizonte de la mejor poes\u00eda. Como cuenta Jordi Doce, traductor de este volumen, \u00abse dir\u00eda que todos los poemas de Simic son el iguales, la celebraci\u00f3n de un mundo oscuro que sobrevive en una balanza inestable, una fantasmagor\u00eda repleta de claves pict\u00f3ricas y cinematogr\u00e1ficas sobre la que revolotea el p\u00e1jaro del humor negro, esa iron\u00eda fascinante que deja narrar los asuntos m\u00e1s extrafalarios como si nada\u00bb.<\/p>\n","protected":false},"excerpt":{"rendered":"<p>CHARLES SIMIC<\/p>\n","protected":false},"featured_media":218188,"template":"","meta":{"_acf_changed":false,"om_disable_all_campaigns":false,"rs_blank_template":"","rs_page_bg_color":"","slide_template_v7":"","inline_featured_image":false,"_monsterinsights_skip_tracking":false,"_monsterinsights_sitenote_active":false,"_monsterinsights_sitenote_note":"","_monsterinsights_sitenote_category":0},"product_brand":[],"product_cat":[87],"product_tag":[],"class_list":{"0":"post-218187","1":"product","2":"type-product","3":"status-publish","4":"has-post-thumbnail","6":"product_cat-literatura","8":"first","9":"instock","10":"taxable","11":"shipping-taxable","12":"purchasable","13":"product-type-simple"},"acf":{"autor":"CHARLES SIMIC","codart":"841619348","libros-coleccion":"Poes\u00eda","ediciones":"1","encuadernacion":"R\u00fastica","fecha_de_publicacion":"01\/02\/2017","novedad":"1","paginas":"168","subtitulo":"","orden":"0","portada":"0","idioma":"spa","editorial":[{"ID":148952,"post_author":"3","post_date":"2022-10-14 12:02:17","post_date_gmt":"2022-10-14 10:02:17","post_content":"","post_title":"VASO ROTO EDICIONES","post_excerpt":"","post_status":"publish","comment_status":"closed","ping_status":"closed","post_password":"","post_name":"vaso-roto-ediciones","to_ping":"","pinged":"","post_modified":"2022-10-14 12:02:17","post_modified_gmt":"2022-10-14 10:02:17","post_content_filtered":"","post_parent":0,"guid":"http:\/\/dev.claret.cat\/editorial\/vaso-roto-ediciones\/","menu_order":0,"post_type":"editorial","post_mime_type":"","comment_count":"0","filter":"raw"}]},"aioseo_notices":[],"_links":{"self":[{"href":"https:\/\/www.claret.cat\/es\/wp-json\/wp\/v2\/product\/218187","targetHints":{"allow":["GET"]}}],"collection":[{"href":"https:\/\/www.claret.cat\/es\/wp-json\/wp\/v2\/product"}],"about":[{"href":"https:\/\/www.claret.cat\/es\/wp-json\/wp\/v2\/types\/product"}],"wp:featuredmedia":[{"embeddable":true,"href":"https:\/\/www.claret.cat\/es\/wp-json\/wp\/v2\/media\/218188"}],"wp:attachment":[{"href":"https:\/\/www.claret.cat\/es\/wp-json\/wp\/v2\/media?parent=218187"}],"wp:term":[{"taxonomy":"product_brand","embeddable":true,"href":"https:\/\/www.claret.cat\/es\/wp-json\/wp\/v2\/product_brand?post=218187"},{"taxonomy":"product_cat","embeddable":true,"href":"https:\/\/www.claret.cat\/es\/wp-json\/wp\/v2\/product_cat?post=218187"},{"taxonomy":"product_tag","embeddable":true,"href":"https:\/\/www.claret.cat\/es\/wp-json\/wp\/v2\/product_tag?post=218187"}],"curies":[{"name":"wp","href":"https:\/\/api.w.org\/{rel}","templated":true}]}}