{"id":218196,"date":"2022-10-20T14:43:55","date_gmt":"2022-10-20T12:43:55","guid":{"rendered":"http:\/\/dev.claret.cat\/producte\/todos-los-animales-creeeecen\/"},"modified":"2023-01-28T02:22:52","modified_gmt":"2023-01-28T01:22:52","slug":"todos-los-animales-creeeecen-9788416773046","status":"publish","type":"product","link":"https:\/\/www.claret.cat\/es\/libro\/todos-los-animales-creeeecen-9788416773046\/","title":{"rendered":"\u00a1TODOS LOS ANIMALES CREEEECEN!"},"content":{"rendered":"<p>Algo est\u00e1 pasando en el mundo animal, \u00a1todos los animales creeeecen! Y este libro desplegable acompa\u00f1a a los ni\u00f1os a un viaje por el bosque, la jungla, el prado y el oc\u00e9ano. All\u00ed se encontrar\u00e1n a una cebra, un caracol, varios peces y un mono beb\u00e9. Al desplegar las p\u00e1ginas, descubrir\u00e1n d\u00f3nde viven los animales, qu\u00e9 les sucede y qui\u00e9n se esconde en los diferentes h\u00e1bitats.<\/p>\n<p> ? El libro contiene diez resistentes p\u00e1ginas desplegables<br \/> ? Elementos desplegables para jugar y explorar<br \/> ? Ilustraciones alegres y coloridas<\/p>\n","protected":false},"excerpt":{"rendered":"<p>SCHOENE, KERSTIN<\/p>\n","protected":false},"featured_media":218197,"template":"","meta":{"_acf_changed":false,"om_disable_all_campaigns":false,"rs_blank_template":"","rs_page_bg_color":"","slide_template_v7":"","inline_featured_image":false,"_monsterinsights_skip_tracking":false,"_monsterinsights_sitenote_active":false,"_monsterinsights_sitenote_note":"","_monsterinsights_sitenote_category":0},"product_brand":[],"product_cat":[86],"product_tag":[],"class_list":{"0":"post-218196","1":"product","2":"type-product","3":"status-publish","4":"has-post-thumbnail","6":"product_cat-infantil","8":"first","9":"instock","10":"taxable","11":"shipping-taxable","12":"purchasable","13":"product-type-simple"},"acf":{"autor":"SCHOENE, KERSTIN","codart":"841677304","libros-coleccion":"SUSHI BOOKS","ediciones":"1","encuadernacion":"Carpeta","fecha_de_publicacion":"01\/02\/2017","novedad":"1","paginas":"12","subtitulo":"","orden":"0","portada":"0","idioma":"spa","autores-libros":[{"ID":161648,"post_author":"3","post_date":"2022-10-14 17:19:55","post_date_gmt":"2022-10-14 15:19:55","post_content":"","post_title":"KERSTIN SCHOENE","post_excerpt":"","post_status":"publish","comment_status":"closed","ping_status":"closed","post_password":"","post_name":"kerstin-schoene","to_ping":"","pinged":"","post_modified":"2022-10-14 17:19:55","post_modified_gmt":"2022-10-14 15:19:55","post_content_filtered":"","post_parent":0,"guid":"http:\/\/dev.claret.cat\/autor\/kerstin-schoene\/","menu_order":0,"post_type":"autor","post_mime_type":"","comment_count":"0","filter":"raw"}]},"aioseo_notices":[],"_links":{"self":[{"href":"https:\/\/www.claret.cat\/es\/wp-json\/wp\/v2\/product\/218196","targetHints":{"allow":["GET"]}}],"collection":[{"href":"https:\/\/www.claret.cat\/es\/wp-json\/wp\/v2\/product"}],"about":[{"href":"https:\/\/www.claret.cat\/es\/wp-json\/wp\/v2\/types\/product"}],"wp:featuredmedia":[{"embeddable":true,"href":"https:\/\/www.claret.cat\/es\/wp-json\/wp\/v2\/media\/218197"}],"wp:attachment":[{"href":"https:\/\/www.claret.cat\/es\/wp-json\/wp\/v2\/media?parent=218196"}],"wp:term":[{"taxonomy":"product_brand","embeddable":true,"href":"https:\/\/www.claret.cat\/es\/wp-json\/wp\/v2\/product_brand?post=218196"},{"taxonomy":"product_cat","embeddable":true,"href":"https:\/\/www.claret.cat\/es\/wp-json\/wp\/v2\/product_cat?post=218196"},{"taxonomy":"product_tag","embeddable":true,"href":"https:\/\/www.claret.cat\/es\/wp-json\/wp\/v2\/product_tag?post=218196"}],"curies":[{"name":"wp","href":"https:\/\/api.w.org\/{rel}","templated":true}]}}