{"id":218220,"date":"2022-10-20T14:44:27","date_gmt":"2022-10-20T12:44:27","guid":{"rendered":"http:\/\/dev.claret.cat\/producte\/florencia-y-toscana-2\/"},"modified":"2023-01-28T15:46:55","modified_gmt":"2023-01-28T14:46:55","slug":"florencia-y-toscana-9788499358826","status":"publish","type":"product","link":"https:\/\/www.claret.cat\/es\/libro\/florencia-y-toscana-9788499358826\/","title":{"rendered":"FLORENCIA Y TOSCANA"},"content":{"rendered":"<p>&quot; Esta gu\u00eda pr\u00e1ctica y actualizada, es ideal para realizar un corto recorrido que abarque desde la innovadora y tradicional Florencia, a la regi\u00f3n de Toscana, crisol del Renacimiento y cuna del italiano m\u00e1s moderno.<br \/> Esta Guiarama se divide en cinco secciones que abarcan los aspectos m\u00e1s importantes de este bella ciudad y su regi\u00f3n.<br \/> En el apartado Una mirada a Florencia y Toscana, se hace un breve recorrido por la historia com\u00fan a ambas, su poblaci\u00f3n, naturaleza, paisaje, as\u00ed como la inclusi\u00f3n de algunos de los personajes italianos m\u00e1s famosos que han pasado a la historia.<br \/> En la secci\u00f3n Diez lugares inolvidables, el autor propone como atractivos los siguientes lugares de Florencia y Toscana: Piazza della Dignoria, Galleria degli Uffizi, Santa Croce, Museo del Bargello, Tumbas mediceas, Ponte Vecchio, Conjunto mediedal de Lucca, Piazza de Campo en Siena, Campo dei Miracoli en Pisa y Collegiata San Gimignano.<br \/> La parte central del libro se divide en dos grandes bloques: por un lado est\u00e1 la ciudad de Florencia, dividida a su vez en siete cap\u00edtulos y por otro, la provincia de Toscana, estructurado en tres cap\u00edtulos (norte, centro y este y sur de Toscana). Cada una de estas secciones incluyen breves descripciones de los principales puntos de inter\u00e9s, as\u00ed como  detalles de su gastronom\u00eda y costumbres.<br \/> En el apartado titulado D\u00f3nde, se incluye una amplia selecci\u00f3n por localidades de restaurantes, alojamientos, direcciones de museos y monumentos, etc. <br \/> Por \u00faltimo, en la secci\u00f3n Informaciones pr\u00e1cticas se ofrece una exhaustiva informaci\u00f3n para moverse por Florencia y Toscana.<br \/> Con la gu\u00eda se regala un plano desplegable de Florencia que incluye \u00edndice de calles y mapa de la Toscana. &quot;<\/p>\n","protected":false},"excerpt":{"rendered":"<p>MERINO, IGNACIO<\/p>\n","protected":false},"featured_media":218221,"template":"","meta":{"_acf_changed":false,"om_disable_all_campaigns":false,"rs_blank_template":"","rs_page_bg_color":"","slide_template_v7":"","inline_featured_image":false,"_monsterinsights_skip_tracking":false,"_monsterinsights_sitenote_active":false,"_monsterinsights_sitenote_note":"","_monsterinsights_sitenote_category":0},"product_brand":[],"product_cat":[107],"product_tag":[],"class_list":{"0":"post-218220","1":"product","2":"type-product","3":"status-publish","4":"has-post-thumbnail","6":"product_cat-guies-de-viatge","8":"first","9":"instock","10":"taxable","11":"shipping-taxable","12":"purchasable","13":"product-type-simple"},"acf":{"autor":"MERINO, IGNACIO","codart":"849935882","libros-coleccion":"FORA DE COL.LECCI\u00d3","ediciones":"1","encuadernacion":"R\u00fastica","fecha_de_publicacion":"01\/02\/2017","novedad":"1","paginas":"141","subtitulo":"","orden":"0","portada":"0","idioma":"spa","editorial":[{"ID":147435,"post_author":"3","post_date":"2022-10-14 11:50:33","post_date_gmt":"2022-10-14 09:50:33","post_content":"","post_title":"Anaya Touring","post_excerpt":"","post_status":"publish","comment_status":"closed","ping_status":"closed","post_password":"","post_name":"anaya-touring","to_ping":"","pinged":"","post_modified":"2022-10-14 11:50:33","post_modified_gmt":"2022-10-14 09:50:33","post_content_filtered":"","post_parent":0,"guid":"http:\/\/dev.claret.cat\/editorial\/anaya-touring\/","menu_order":0,"post_type":"editorial","post_mime_type":"","comment_count":"0","filter":"raw"}]},"aioseo_notices":[],"_links":{"self":[{"href":"https:\/\/www.claret.cat\/es\/wp-json\/wp\/v2\/product\/218220","targetHints":{"allow":["GET"]}}],"collection":[{"href":"https:\/\/www.claret.cat\/es\/wp-json\/wp\/v2\/product"}],"about":[{"href":"https:\/\/www.claret.cat\/es\/wp-json\/wp\/v2\/types\/product"}],"wp:featuredmedia":[{"embeddable":true,"href":"https:\/\/www.claret.cat\/es\/wp-json\/wp\/v2\/media\/218221"}],"wp:attachment":[{"href":"https:\/\/www.claret.cat\/es\/wp-json\/wp\/v2\/media?parent=218220"}],"wp:term":[{"taxonomy":"product_brand","embeddable":true,"href":"https:\/\/www.claret.cat\/es\/wp-json\/wp\/v2\/product_brand?post=218220"},{"taxonomy":"product_cat","embeddable":true,"href":"https:\/\/www.claret.cat\/es\/wp-json\/wp\/v2\/product_cat?post=218220"},{"taxonomy":"product_tag","embeddable":true,"href":"https:\/\/www.claret.cat\/es\/wp-json\/wp\/v2\/product_tag?post=218220"}],"curies":[{"name":"wp","href":"https:\/\/api.w.org\/{rel}","templated":true}]}}