{"id":218229,"date":"2022-10-20T14:44:39","date_gmt":"2022-10-20T12:44:39","guid":{"rendered":"http:\/\/dev.claret.cat\/producte\/sevilla-urban\/"},"modified":"2026-02-26T14:49:52","modified_gmt":"2026-02-26T13:49:52","slug":"sevilla-urban-9788499358857","status":"publish","type":"product","link":"https:\/\/www.claret.cat\/es\/libro\/sevilla-urban-9788499358857\/","title":{"rendered":"SEVILLA (URBAN)"},"content":{"rendered":"<p>&quot; Sevilla, ba\u00f1ada por el Guadalquivir, es la capital de Andaluc\u00eda y, al mismo tiempo, ciudad universal. Esta gu\u00eda de Sevilla, dedicada a la ciudad y su provincia, es un eficaz instrumento para descubrir todos sus secretos y tesoros. La informaci\u00f3n, completamente actualizada, se divide en cuatro apartados.<br \/> En el primero, Itinerarios por Sevilla, se describen 6 recorridos por la capital andaluza. El plano que se incluye facilitar\u00e1 el desplazamiento por la ciudad y ayudar\u00e1 a localizar los monumentos m\u00e1s destacados. <br \/> En la secci\u00f3n titulada Provincia de Sevilla se describen las localidades y lugares m\u00e1s significativos de la provincia. <br \/> El contexto, su tercer apartado, supone un buen modo de aproximarse a la historia y el arte, la gastronom\u00eda y otros aspectos, como la arquitectura popular y la oferta cultural, de Sevilla y su provincia. <br \/> En el cap\u00edtulo Informaciones pr\u00e1cticas se pueden obtener las direcciones y los tel\u00e9fonos de hoteles, restaurantes y otros servicios tur\u00edsticos seleccionados.<br \/> El car\u00e1cter pr\u00e1ctico de la gu\u00eda se completa con un mapa de carreteras, escala 1:400.000. De forma complementaria, se ofrece, adherido a la guarda posterior, un completo plano desplegable de Sevilla, escala 1:10.000, con \u00edndice de calles, mapa de accesos y plano del Metro. &quot;<\/p>\n","protected":false},"excerpt":{"rendered":"<p>ARJONA MOLINA, RAFAEL \/ WALS, LOLA<\/p>\n","protected":false},"featured_media":218230,"template":"","meta":{"_acf_changed":false,"om_disable_all_campaigns":false,"rs_blank_template":"","rs_page_bg_color":"","slide_template_v7":"","inline_featured_image":false,"_monsterinsights_skip_tracking":false,"_monsterinsights_sitenote_active":false,"_monsterinsights_sitenote_note":"","_monsterinsights_sitenote_category":0},"product_brand":[],"product_cat":[557,107],"product_tag":[],"class_list":{"0":"post-218229","1":"product","2":"type-product","3":"status-publish","4":"has-post-thumbnail","6":"product_cat-guias-de-viaje","7":"product_cat-guies-de-viatge","9":"first","10":"instock","11":"taxable","12":"shipping-taxable","13":"purchasable","14":"product-type-simple"},"acf":{"autor":"ARJONA MOLINA, RAFAEL \/ WALS, LOLA","codart":"849935885","libros-coleccion":"SUSHI BOOKS","ediciones":"1","encuadernacion":"R\u00fastica","fecha_de_publicacion":"01\/02\/2017","novedad":"1","paginas":"247","subtitulo":"","orden":"0","portada":"0","idioma":"spa","editorial":[{"ID":147435,"post_author":"3","post_date":"2022-10-14 11:50:33","post_date_gmt":"2022-10-14 09:50:33","post_content":"","post_title":"Anaya Touring","post_excerpt":"","post_status":"publish","comment_status":"closed","ping_status":"closed","post_password":"","post_name":"anaya-touring","to_ping":"","pinged":"","post_modified":"2022-10-14 11:50:33","post_modified_gmt":"2022-10-14 09:50:33","post_content_filtered":"","post_parent":0,"guid":"http:\/\/dev.claret.cat\/editorial\/anaya-touring\/","menu_order":0,"post_type":"editorial","post_mime_type":"","comment_count":"0","filter":"raw"}],"autores-libros":[{"ID":167561,"post_author":"3","post_date":"2022-10-14 18:12:11","post_date_gmt":"2022-10-14 16:12:11","post_content":"","post_title":"RAFAEL ARJONA MOLINA","post_excerpt":"","post_status":"publish","comment_status":"closed","ping_status":"closed","post_password":"","post_name":"rafael-arjona-molina","to_ping":"","pinged":"","post_modified":"2022-10-14 18:12:11","post_modified_gmt":"2022-10-14 16:12:11","post_content_filtered":"","post_parent":0,"guid":"http:\/\/dev.claret.cat\/autor\/rafael-arjona-molina\/","menu_order":0,"post_type":"autor","post_mime_type":"","comment_count":"0","filter":"raw"},{"ID":425557,"post_author":"3","post_date":"2023-05-16 08:24:11","post_date_gmt":"2023-05-16 06:24:11","post_content":"","post_title":"LOLA WALS","post_excerpt":"","post_status":"publish","comment_status":"closed","ping_status":"closed","post_password":"","post_name":"lola-wals","to_ping":"","pinged":"","post_modified":"2023-05-16 08:24:11","post_modified_gmt":"2023-05-16 06:24:11","post_content_filtered":"","post_parent":0,"guid":"https:\/\/www.claret.cat\/autor\/lola-wals\/","menu_order":0,"post_type":"autor","post_mime_type":"","comment_count":"0","filter":"raw"}],"booktrailer":"","resenas":""},"aioseo_notices":[],"_links":{"self":[{"href":"https:\/\/www.claret.cat\/es\/wp-json\/wp\/v2\/product\/218229","targetHints":{"allow":["GET"]}}],"collection":[{"href":"https:\/\/www.claret.cat\/es\/wp-json\/wp\/v2\/product"}],"about":[{"href":"https:\/\/www.claret.cat\/es\/wp-json\/wp\/v2\/types\/product"}],"wp:featuredmedia":[{"embeddable":true,"href":"https:\/\/www.claret.cat\/es\/wp-json\/wp\/v2\/media\/218230"}],"wp:attachment":[{"href":"https:\/\/www.claret.cat\/es\/wp-json\/wp\/v2\/media?parent=218229"}],"wp:term":[{"taxonomy":"product_brand","embeddable":true,"href":"https:\/\/www.claret.cat\/es\/wp-json\/wp\/v2\/product_brand?post=218229"},{"taxonomy":"product_cat","embeddable":true,"href":"https:\/\/www.claret.cat\/es\/wp-json\/wp\/v2\/product_cat?post=218229"},{"taxonomy":"product_tag","embeddable":true,"href":"https:\/\/www.claret.cat\/es\/wp-json\/wp\/v2\/product_tag?post=218229"}],"curies":[{"name":"wp","href":"https:\/\/api.w.org\/{rel}","templated":true}]}}