{"id":218295,"date":"2022-10-20T14:46:08","date_gmt":"2022-10-20T12:46:08","guid":{"rendered":"http:\/\/dev.claret.cat\/producte\/el-boligraf-de-higgs\/"},"modified":"2023-05-15T13:15:26","modified_gmt":"2023-05-15T11:15:26","slug":"el-boligraf-de-higgs-9788416844227","status":"publish","type":"product","link":"https:\/\/www.claret.cat\/es\/libro\/el-boligraf-de-higgs-9788416844227\/","title":{"rendered":"EL BOL\u00cdGRAF DE HIGGS"},"content":{"rendered":"<p>Tot all\u00f2 que un pot imaginar \u00e9s possible. Jules Verne i H. G. Wells van descriure aven\u00e7os cient\u00edfics i tecnol\u00f2gics que s\u2019han acabat produint, en bona mesura, tal com els van imaginar. I ara, jo, acabo de trobar un bol\u00edgraf d\u2019una marca que es diu HIGGS tot just quan estic a punt de comen\u00e7ar una novel\u00b7la sobre un bol\u00edgraf que es diu HIGGS. De segur que \u00e9s un senyal per descobrir el sentit de la vida. O no?<\/p>\n","protected":false},"excerpt":{"rendered":"<p>MONTA\u00d1\u00c1 ROS, RUB\u00c8N<\/p>\n","protected":false},"featured_media":317225,"template":"","meta":{"_acf_changed":false,"om_disable_all_campaigns":false,"rs_blank_template":"","rs_page_bg_color":"","slide_template_v7":"","inline_featured_image":false,"_monsterinsights_skip_tracking":false,"_monsterinsights_sitenote_active":false,"_monsterinsights_sitenote_note":"","_monsterinsights_sitenote_category":0},"product_brand":[],"product_cat":[90,540],"product_tag":[],"class_list":{"0":"post-218295","1":"product","2":"type-product","3":"status-publish","4":"has-post-thumbnail","6":"product_cat-altres","7":"product_cat-otros","9":"first","10":"instock","11":"taxable","12":"shipping-taxable","13":"purchasable","14":"product-type-simple"},"acf":{"autor":"MONTA\u00d1\u00c1 ROS, RUB\u00c8N","codart":"841684422","libros-coleccion":"SUSHI BOOKS","ediciones":"1","encuadernacion":"R\u00fastica","fecha_de_publicacion":"01\/02\/2017","novedad":"1","paginas":"172","subtitulo":"","orden":"0","portada":"0","idioma":"cat","editorial":[{"ID":6123,"post_author":"3","post_date":"2022-07-28 17:45:23","post_date_gmt":"2022-07-28 15:45:23","post_content":"","post_title":"ANIMALLIBRES","post_excerpt":"","post_status":"publish","comment_status":"closed","ping_status":"closed","post_password":"","post_name":"animallibres","to_ping":"","pinged":"","post_modified":"2022-07-28 17:45:23","post_modified_gmt":"2022-07-28 15:45:23","post_content_filtered":"","post_parent":0,"guid":"http:\/\/dev.claret.cat\/editorial\/animallibres\/","menu_order":0,"post_type":"editorial","post_mime_type":"","comment_count":"0","filter":"raw"}],"autores-libros":[{"ID":168646,"post_author":"3","post_date":"2022-10-14 22:20:47","post_date_gmt":"2022-10-14 20:20:47","post_content":"","post_title":"RUB\u00c8N MONTA\u00d1\u00c1 ROS","post_excerpt":"","post_status":"publish","comment_status":"closed","ping_status":"closed","post_password":"","post_name":"ruben-montana-ros","to_ping":"","pinged":"","post_modified":"2022-10-14 22:20:47","post_modified_gmt":"2022-10-14 20:20:47","post_content_filtered":"","post_parent":0,"guid":"http:\/\/dev.claret.cat\/autor\/ruben-montana-ros\/","menu_order":0,"post_type":"autor","post_mime_type":"","comment_count":"0","filter":"raw"}]},"aioseo_notices":[],"_links":{"self":[{"href":"https:\/\/www.claret.cat\/es\/wp-json\/wp\/v2\/product\/218295","targetHints":{"allow":["GET"]}}],"collection":[{"href":"https:\/\/www.claret.cat\/es\/wp-json\/wp\/v2\/product"}],"about":[{"href":"https:\/\/www.claret.cat\/es\/wp-json\/wp\/v2\/types\/product"}],"wp:featuredmedia":[{"embeddable":true,"href":"https:\/\/www.claret.cat\/es\/wp-json\/wp\/v2\/media\/317225"}],"wp:attachment":[{"href":"https:\/\/www.claret.cat\/es\/wp-json\/wp\/v2\/media?parent=218295"}],"wp:term":[{"taxonomy":"product_brand","embeddable":true,"href":"https:\/\/www.claret.cat\/es\/wp-json\/wp\/v2\/product_brand?post=218295"},{"taxonomy":"product_cat","embeddable":true,"href":"https:\/\/www.claret.cat\/es\/wp-json\/wp\/v2\/product_cat?post=218295"},{"taxonomy":"product_tag","embeddable":true,"href":"https:\/\/www.claret.cat\/es\/wp-json\/wp\/v2\/product_tag?post=218295"}],"curies":[{"name":"wp","href":"https:\/\/api.w.org\/{rel}","templated":true}]}}