{"id":218496,"date":"2022-10-20T14:51:00","date_gmt":"2022-10-20T12:51:00","guid":{"rendered":"http:\/\/dev.claret.cat\/producte\/diario-de-nikki-1-nueva-edicion\/"},"modified":"2025-04-07T12:49:58","modified_gmt":"2025-04-07T10:49:58","slug":"diario-de-nikki-1-nueva-edicion-9788427211636","status":"publish","type":"product","link":"https:\/\/www.claret.cat\/es\/libro\/diario-de-nikki-1-nueva-edicion-9788427211636\/","title":{"rendered":"DIARIO DE NIKKI 1- NUEVA EDICI\u00d3N"},"content":{"rendered":"<p>Nuevo instituto. T\u00edpica chica odiosa. Flechazo a la vista. Nuevo diario en el que Nikki le da vueltas y m\u00e1s<br \/> vueltas a todo&#8230;<\/p>\n","protected":false},"excerpt":{"rendered":"<p>RUSSELL , RACHEL RENEE<\/p>\n","protected":false},"featured_media":218497,"template":"","meta":{"_acf_changed":false,"om_disable_all_campaigns":false,"rs_blank_template":"","rs_page_bg_color":"","slide_template_v7":"","inline_featured_image":false,"_monsterinsights_skip_tracking":false,"_monsterinsights_sitenote_active":false,"_monsterinsights_sitenote_note":"","_monsterinsights_sitenote_category":0},"product_brand":[],"product_cat":[86,352],"product_tag":[],"class_list":{"0":"post-218496","1":"product","2":"type-product","3":"status-publish","4":"has-post-thumbnail","6":"product_cat-infantil","7":"product_cat-infantil-3_infantil-juvenil-spa","9":"first","10":"instock","11":"taxable","12":"shipping-taxable","13":"purchasable","14":"product-type-simple"},"acf":{"autor":"RUSSELL , RACHEL RENEE","codart":"842721163","libros-coleccion":"SUSHI BOOKS","ediciones":"1","encuadernacion":"Carton\u00e9","fecha_de_publicacion":"01\/02\/2017","novedad":"1","paginas":"330","subtitulo":"CR\u00d3NICAS DE UNA VIDA MUY POCO GLAMUROSA","orden":"0","portada":"0","idioma":"spa","editorial":[{"ID":6346,"post_author":"3","post_date":"2022-07-28 17:50:13","post_date_gmt":"2022-07-28 15:50:13","post_content":"","post_title":"RBA Molino","post_excerpt":"","post_status":"publish","comment_status":"closed","ping_status":"closed","post_password":"","post_name":"rba-molino","to_ping":"","pinged":"","post_modified":"2022-07-28 17:50:13","post_modified_gmt":"2022-07-28 15:50:13","post_content_filtered":"","post_parent":0,"guid":"http:\/\/dev.claret.cat\/editorial\/rba-molino\/","menu_order":0,"post_type":"editorial","post_mime_type":"","comment_count":"0","filter":"raw"}],"autores-libros":[{"ID":167528,"post_author":"3","post_date":"2022-10-14 18:11:55","post_date_gmt":"2022-10-14 16:11:55","post_content":"","post_title":"RACHEL REN\u00c9E RUSSELL","post_excerpt":"","post_status":"publish","comment_status":"closed","ping_status":"closed","post_password":"","post_name":"rachel-renee-russell","to_ping":"","pinged":"","post_modified":"2022-10-14 18:11:55","post_modified_gmt":"2022-10-14 16:11:55","post_content_filtered":"","post_parent":0,"guid":"http:\/\/dev.claret.cat\/autor\/rachel-renee-russell\/","menu_order":0,"post_type":"autor","post_mime_type":"","comment_count":"0","filter":"raw"}]},"aioseo_notices":[],"_links":{"self":[{"href":"https:\/\/www.claret.cat\/es\/wp-json\/wp\/v2\/product\/218496","targetHints":{"allow":["GET"]}}],"collection":[{"href":"https:\/\/www.claret.cat\/es\/wp-json\/wp\/v2\/product"}],"about":[{"href":"https:\/\/www.claret.cat\/es\/wp-json\/wp\/v2\/types\/product"}],"wp:featuredmedia":[{"embeddable":true,"href":"https:\/\/www.claret.cat\/es\/wp-json\/wp\/v2\/media\/218497"}],"wp:attachment":[{"href":"https:\/\/www.claret.cat\/es\/wp-json\/wp\/v2\/media?parent=218496"}],"wp:term":[{"taxonomy":"product_brand","embeddable":true,"href":"https:\/\/www.claret.cat\/es\/wp-json\/wp\/v2\/product_brand?post=218496"},{"taxonomy":"product_cat","embeddable":true,"href":"https:\/\/www.claret.cat\/es\/wp-json\/wp\/v2\/product_cat?post=218496"},{"taxonomy":"product_tag","embeddable":true,"href":"https:\/\/www.claret.cat\/es\/wp-json\/wp\/v2\/product_tag?post=218496"}],"curies":[{"name":"wp","href":"https:\/\/api.w.org\/{rel}","templated":true}]}}