{"id":218523,"date":"2022-10-20T14:51:37","date_gmt":"2022-10-20T12:51:37","guid":{"rendered":"http:\/\/dev.claret.cat\/producte\/mozart-3\/"},"modified":"2023-01-28T14:24:41","modified_gmt":"2023-01-28T13:24:41","slug":"mozart-9788416918010","status":"publish","type":"product","link":"https:\/\/www.claret.cat\/es\/libro\/mozart-9788416918010\/","title":{"rendered":"MOZART"},"content":{"rendered":"<p>Solo es un ni\u00f1o cuando, con la ayuda de un coj\u00edn para llegar al teclado, conquista las principales cortes de toda Europa. Y, sin embargo, la suya no ser\u00e1 una vida pl\u00e1cida. Fiel solo a su talento, desafiar\u00e1 tanto a las autoridades como a los prejuicios de su tiempo. Esta actitud le traer\u00e1 problemas, pero sus esfuerzos se ver\u00e1n compensados. Obtendr\u00e1 la libertad que necesita para crear y compondr\u00e1 m\u00fasica que todav\u00eda hoy escuchamos. Su nombre es Wolfgang Amadeus Mozart, y en este libro os contamos su vida.<\/p>\n","protected":false},"excerpt":{"rendered":"<p>VELOY PLANAS, MARIANO \/ MAYNAR G\u00c1LVEZ, DAVID<\/p>\n","protected":false},"featured_media":317391,"template":"","meta":{"_acf_changed":false,"om_disable_all_campaigns":false,"rs_blank_template":"","rs_page_bg_color":"","slide_template_v7":"","inline_featured_image":false,"_monsterinsights_skip_tracking":false,"_monsterinsights_sitenote_active":false,"_monsterinsights_sitenote_note":"","_monsterinsights_sitenote_category":0},"product_brand":[],"product_cat":[86,352],"product_tag":[],"class_list":{"0":"post-218523","1":"product","2":"type-product","3":"status-publish","4":"has-post-thumbnail","6":"product_cat-infantil","7":"product_cat-infantil-3_infantil-juvenil-spa","9":"first","10":"instock","11":"taxable","12":"shipping-taxable","13":"purchasable","14":"product-type-simple"},"acf":{"autor":"VELOY PLANAS, MARIANO \/ MAYNAR G\u00c1LVEZ, DAVID","codart":"841691801","libros-coleccion":"SUSHI BOOKS","ediciones":"1","encuadernacion":"R\u00fastica","fecha_de_publicacion":"01\/02\/2017","novedad":"1","paginas":"31","subtitulo":"","orden":"0","portada":"0","idioma":"cat","editorial":[{"ID":148408,"post_author":"3","post_date":"2022-10-14 11:58:01","post_date_gmt":"2022-10-14 09:58:01","post_content":"","post_title":"Lectio Ediciones","post_excerpt":"","post_status":"publish","comment_status":"closed","ping_status":"closed","post_password":"","post_name":"lectio-ediciones","to_ping":"","pinged":"","post_modified":"2022-10-14 11:58:01","post_modified_gmt":"2022-10-14 09:58:01","post_content_filtered":"","post_parent":0,"guid":"http:\/\/dev.claret.cat\/editorial\/lectio-ediciones\/","menu_order":0,"post_type":"editorial","post_mime_type":"","comment_count":"0","filter":"raw"}],"autores-libros":[{"ID":153888,"post_author":"3","post_date":"2022-10-14 15:00:21","post_date_gmt":"2022-10-14 13:00:21","post_content":"","post_title":"DAVID MAYNAR G\u00c1LVEZ","post_excerpt":"","post_status":"publish","comment_status":"closed","ping_status":"closed","post_password":"","post_name":"david-maynar-galvez","to_ping":"","pinged":"","post_modified":"2022-10-14 15:00:21","post_modified_gmt":"2022-10-14 13:00:21","post_content_filtered":"","post_parent":0,"guid":"http:\/\/dev.claret.cat\/autor\/david-maynar-galvez\/","menu_order":0,"post_type":"autor","post_mime_type":"","comment_count":"0","filter":"raw"},{"ID":163861,"post_author":"3","post_date":"2022-10-14 17:42:26","post_date_gmt":"2022-10-14 15:42:26","post_content":"","post_title":"MARIANO VELOY PLANAS","post_excerpt":"","post_status":"publish","comment_status":"closed","ping_status":"closed","post_password":"","post_name":"mariano-veloy-planas","to_ping":"","pinged":"","post_modified":"2022-10-14 17:42:26","post_modified_gmt":"2022-10-14 15:42:26","post_content_filtered":"","post_parent":0,"guid":"http:\/\/dev.claret.cat\/autor\/mariano-veloy-planas\/","menu_order":0,"post_type":"autor","post_mime_type":"","comment_count":"0","filter":"raw"}]},"aioseo_notices":[],"_links":{"self":[{"href":"https:\/\/www.claret.cat\/es\/wp-json\/wp\/v2\/product\/218523","targetHints":{"allow":["GET"]}}],"collection":[{"href":"https:\/\/www.claret.cat\/es\/wp-json\/wp\/v2\/product"}],"about":[{"href":"https:\/\/www.claret.cat\/es\/wp-json\/wp\/v2\/types\/product"}],"wp:featuredmedia":[{"embeddable":true,"href":"https:\/\/www.claret.cat\/es\/wp-json\/wp\/v2\/media\/317391"}],"wp:attachment":[{"href":"https:\/\/www.claret.cat\/es\/wp-json\/wp\/v2\/media?parent=218523"}],"wp:term":[{"taxonomy":"product_brand","embeddable":true,"href":"https:\/\/www.claret.cat\/es\/wp-json\/wp\/v2\/product_brand?post=218523"},{"taxonomy":"product_cat","embeddable":true,"href":"https:\/\/www.claret.cat\/es\/wp-json\/wp\/v2\/product_cat?post=218523"},{"taxonomy":"product_tag","embeddable":true,"href":"https:\/\/www.claret.cat\/es\/wp-json\/wp\/v2\/product_tag?post=218523"}],"curies":[{"name":"wp","href":"https:\/\/api.w.org\/{rel}","templated":true}]}}