{"id":218775,"date":"2022-10-20T14:57:21","date_gmt":"2022-10-20T12:57:21","guid":{"rendered":"http:\/\/dev.claret.cat\/producte\/filologia-historia-i-societat\/"},"modified":"2024-05-22T16:04:45","modified_gmt":"2024-05-22T14:04:45","slug":"filologia-historia-i-societat-9788498838763","status":"publish","type":"product","link":"https:\/\/www.claret.cat\/es\/libro\/filologia-historia-i-societat-9788498838763\/","title":{"rendered":"FILOLOGIA, HIST\u00d2RIA I SOCIETAT"},"content":{"rendered":"<p>Filologia, hist\u00f2ria i societat \u00e9s una nova recopilaci\u00f3 d&#8217;articles que segueix la que publicaren tamb\u00e9 la Diputaci\u00f3 de Tarragona i Publicacions de l&#8217;Abadia de Montserrat, Aportacions a l&#8217;estudi de la filologia i la ling\u00fc\u00edstica catalanes, del mateix autor. S&#8217;ocupa d&#8217;aspectes diversos sobre els quals Joan Mart\u00ed i Castell ha investigat i investiga. Els treballs recollits, que abracen un per\u00edode que va de 1977 a 2014, majorit\u00e0riament s&#8217;emmarquen en la teoria per a l&#8217;edici\u00f3 i caracteritzaci\u00f3 de textos antics, per a la concreci\u00f3 del concepte &#8221;hist\u00f2ria&#8221; aplicat a les lleng\u00fces, per a la valoraci\u00f3 dels idiomes com a reflex d&#8217;idiosincr\u00e0sies espec\u00edfiques, per a la relaci\u00f3 entre l&#8217;oralitat i l&#8217;escriptura. D&#8217;altres estudien q\u00fcestions de l&#8217;an\u00e0lisi de la hist\u00f2ria social del catal\u00e0 o estrictament de socioling\u00fc\u00edstica i pol\u00edtica i planificaci\u00f3 ling\u00fc\u00edstiques; i dos s\u00f3n d&#8217;homenatge a dues figures rellevants en l&#8217;estudi de la llengua: Artur Blad\u00e9 i Desumvila i Ramon Aramon i Serra. Un ventall, doncs, de temes que s\u00f3n d&#8217;un inter\u00e8s particular per a entendre la realitat del catal\u00e0 actual.<\/p>\n","protected":false},"excerpt":{"rendered":"<p>MART\u00cd I CASTELL, JOAN<\/p>\n","protected":false},"featured_media":368957,"template":"","meta":{"_acf_changed":false,"om_disable_all_campaigns":false,"rs_blank_template":"","rs_page_bg_color":"","slide_template_v7":"","inline_featured_image":false,"_monsterinsights_skip_tracking":false,"_monsterinsights_sitenote_active":false,"_monsterinsights_sitenote_note":"","_monsterinsights_sitenote_category":0},"product_brand":[],"product_cat":[351,85,353,87],"product_tag":[],"class_list":{"0":"post-218775","1":"product","2":"type-product","3":"status-publish","4":"has-post-thumbnail","6":"product_cat-historia-2_humanidades","7":"product_cat-historia","8":"product_cat-literatura-2_humanidades","9":"product_cat-literatura","11":"first","12":"instock","13":"taxable","14":"shipping-taxable","15":"purchasable","16":"product-type-simple"},"acf":{"autor":"MART\u00cd I CASTELL, JOAN","codart":"849883876","libros-coleccion":"Textos i Estudis de Cultura Catalana","ediciones":"1","encuadernacion":"R\u00fastica","fecha_de_publicacion":"19\/01\/2017","novedad":"1","paginas":"264","subtitulo":"","orden":"0","portada":"0","idioma":"cat","editorial":[{"ID":8266,"post_author":"3","post_date":"2022-09-30 09:21:36","post_date_gmt":"2022-09-30 07:21:36","post_content":"","post_title":"PUBLICACIONS DE L'ABADIA DE MONTSERRAT","post_excerpt":"","post_status":"publish","comment_status":"closed","ping_status":"closed","post_password":"","post_name":"publicacions-de-labadia-de-montserrat-5","to_ping":"","pinged":"","post_modified":"2022-09-30 09:21:36","post_modified_gmt":"2022-09-30 07:21:36","post_content_filtered":"","post_parent":0,"guid":"http:\/\/dev.claret.cat\/editorial\/publicacions-de-labadia-de-montserrat-5\/","menu_order":0,"post_type":"editorial","post_mime_type":"","comment_count":"0","filter":"raw"}],"autores-libros":[{"ID":323507,"post_author":"3","post_date":"2023-01-03 05:39:00","post_date_gmt":"2023-01-03 04:39:00","post_content":"","post_title":"JOAN MARTI I CASTELL","post_excerpt":"","post_status":"publish","comment_status":"closed","ping_status":"closed","post_password":"","post_name":"joan-marti-i-castell","to_ping":"","pinged":"","post_modified":"2023-01-03 05:39:00","post_modified_gmt":"2023-01-03 04:39:00","post_content_filtered":"","post_parent":0,"guid":"https:\/\/www.claret.cat\/autor\/joan-marti-i-castell\/","menu_order":0,"post_type":"autor","post_mime_type":"","comment_count":"0","filter":"raw"}]},"aioseo_notices":[],"_links":{"self":[{"href":"https:\/\/www.claret.cat\/es\/wp-json\/wp\/v2\/product\/218775","targetHints":{"allow":["GET"]}}],"collection":[{"href":"https:\/\/www.claret.cat\/es\/wp-json\/wp\/v2\/product"}],"about":[{"href":"https:\/\/www.claret.cat\/es\/wp-json\/wp\/v2\/types\/product"}],"wp:featuredmedia":[{"embeddable":true,"href":"https:\/\/www.claret.cat\/es\/wp-json\/wp\/v2\/media\/368957"}],"wp:attachment":[{"href":"https:\/\/www.claret.cat\/es\/wp-json\/wp\/v2\/media?parent=218775"}],"wp:term":[{"taxonomy":"product_brand","embeddable":true,"href":"https:\/\/www.claret.cat\/es\/wp-json\/wp\/v2\/product_brand?post=218775"},{"taxonomy":"product_cat","embeddable":true,"href":"https:\/\/www.claret.cat\/es\/wp-json\/wp\/v2\/product_cat?post=218775"},{"taxonomy":"product_tag","embeddable":true,"href":"https:\/\/www.claret.cat\/es\/wp-json\/wp\/v2\/product_tag?post=218775"}],"curies":[{"name":"wp","href":"https:\/\/api.w.org\/{rel}","templated":true}]}}