{"id":218790,"date":"2022-10-20T14:57:42","date_gmt":"2022-10-20T12:57:42","guid":{"rendered":"http:\/\/dev.claret.cat\/producte\/acompanar-discernir-integrar\/"},"modified":"2024-05-23T08:57:03","modified_gmt":"2024-05-23T06:57:03","slug":"acompanar-discernir-integrar-9788483538135","status":"publish","type":"product","link":"https:\/\/www.claret.cat\/es\/libro\/acompanar-discernir-integrar-9788483538135\/","title":{"rendered":"ACOMPA\u00d1AR, DISCERNIR, INTEGRAR"},"content":{"rendered":"<p>La exhortaci\u00f3n Amoris laetitia ha generarado diversas interpretaciones. Ahondar en sus afirmaciones teol\u00f3gicas requerir\u00e1 tiempo y tranquilidad. Lo que no debe esperar, porque de la acci\u00f3n nadie puede abstenerse, son las cuestiones pr\u00e1cticas que genera: las de los pastores que realizan confesiones, las de los obispos que proponen l\u00edneas de actuaci\u00f3n a sus sacerdotes, las de cada matrimonio y cada familia en su vocaci\u00f3n\u2026 A todos va dirigido este vadem\u00e9cum, que ofrece pautas fecundas de actuaci\u00f3n en tan transcendente asunto, donde se pone en juego el bien com\u00fan de la Iglesia y su capacidad de anunciar el Evangelio.<\/p>\n","protected":false},"excerpt":{"rendered":"<p>VARIOS AUTORES<\/p>\n","protected":false},"featured_media":357688,"template":"","meta":{"_acf_changed":false,"om_disable_all_campaigns":false,"rs_blank_template":"","rs_page_bg_color":"","slide_template_v7":"","inline_featured_image":false,"_monsterinsights_skip_tracking":false,"_monsterinsights_sitenote_active":false,"_monsterinsights_sitenote_note":"","_monsterinsights_sitenote_category":0},"product_brand":[],"product_cat":[93,543,345,79],"product_tag":[],"class_list":{"0":"post-218790","1":"product","2":"type-product","3":"status-publish","4":"has-post-thumbnail","6":"product_cat-eclesiologia","7":"product_cat-eclesiologia-es","8":"product_cat-espiritualidad","9":"product_cat-espiritualitat","11":"first","12":"outofstock","13":"taxable","14":"shipping-taxable","15":"purchasable","16":"product-type-simple"},"acf":{"autor":"VARIOS AUTORES","codart":"848353813","libros-coleccion":"SUSHI BOOKS","ediciones":"1","encuadernacion":"R\u00fastica","fecha_de_publicacion":"18\/01\/2017","novedad":"1","paginas":"160","subtitulo":"Vadem\u00e9cum para una nueva pastoral familiar a partir de la exhortaci\u00f3n Amoris Laetitia","orden":"0","portada":"0","idioma":"spa","editorial":[{"ID":6309,"post_author":"3","post_date":"2022-07-28 17:49:25","post_date_gmt":"2022-07-28 15:49:25","post_content":"","post_title":"Monte Carmelo","post_excerpt":"","post_status":"publish","comment_status":"closed","ping_status":"closed","post_password":"","post_name":"monte-carmelo","to_ping":"","pinged":"","post_modified":"2022-07-28 17:49:25","post_modified_gmt":"2022-07-28 15:49:25","post_content_filtered":"","post_parent":0,"guid":"http:\/\/dev.claret.cat\/editorial\/monte-carmelo\/","menu_order":0,"post_type":"editorial","post_mime_type":"","comment_count":"0","filter":"raw"}],"autores-libros":[{"ID":6072,"post_author":"3","post_date":"2022-07-28 17:37:32","post_date_gmt":"2022-07-28 15:37:32","post_content":"","post_title":"VARIOS AUTORES","post_excerpt":"","post_status":"publish","comment_status":"closed","ping_status":"closed","post_password":"","post_name":"varios-autores","to_ping":"","pinged":"","post_modified":"2022-07-28 17:37:32","post_modified_gmt":"2022-07-28 15:37:32","post_content_filtered":"","post_parent":0,"guid":"http:\/\/dev.claret.cat\/autor\/varios-autores\/","menu_order":0,"post_type":"autor","post_mime_type":"","comment_count":"0","filter":"raw"}]},"aioseo_notices":[],"_links":{"self":[{"href":"https:\/\/www.claret.cat\/es\/wp-json\/wp\/v2\/product\/218790","targetHints":{"allow":["GET"]}}],"collection":[{"href":"https:\/\/www.claret.cat\/es\/wp-json\/wp\/v2\/product"}],"about":[{"href":"https:\/\/www.claret.cat\/es\/wp-json\/wp\/v2\/types\/product"}],"wp:featuredmedia":[{"embeddable":true,"href":"https:\/\/www.claret.cat\/es\/wp-json\/wp\/v2\/media\/357688"}],"wp:attachment":[{"href":"https:\/\/www.claret.cat\/es\/wp-json\/wp\/v2\/media?parent=218790"}],"wp:term":[{"taxonomy":"product_brand","embeddable":true,"href":"https:\/\/www.claret.cat\/es\/wp-json\/wp\/v2\/product_brand?post=218790"},{"taxonomy":"product_cat","embeddable":true,"href":"https:\/\/www.claret.cat\/es\/wp-json\/wp\/v2\/product_cat?post=218790"},{"taxonomy":"product_tag","embeddable":true,"href":"https:\/\/www.claret.cat\/es\/wp-json\/wp\/v2\/product_tag?post=218790"}],"curies":[{"name":"wp","href":"https:\/\/api.w.org\/{rel}","templated":true}]}}