{"id":218916,"date":"2022-10-20T15:00:30","date_gmt":"2022-10-20T13:00:30","guid":{"rendered":"http:\/\/dev.claret.cat\/producte\/venjanca\/"},"modified":"2024-01-31T17:17:22","modified_gmt":"2024-01-31T16:17:22","slug":"venjanca-9788466421959","status":"publish","type":"product","link":"https:\/\/www.claret.cat\/es\/libro\/venjanca-9788466421959\/","title":{"rendered":"VENJAN\u00c7A"},"content":{"rendered":"<p>\u00abS\u00f3c l&#8217;Aileen O&#8217;Neill, tinc trenta-tres anys i en fa poc m\u00e9s d&#8217;un que visc a Alexandria, a Egipte. M&#8217;hi trobo b\u00e9 aqu\u00ed, lluny de Milwaukee, a Wisconsin, capbussada en la novel\u00b7la que m&#8217;he proposat escriure. Hi tinc pocs amics, per\u00f2 tampoc els busco. Em sento assossegada pel sabah el kheir amb qu\u00e8 el bauab em saluda cada mat\u00ed, en sortir de casa, i el massaa el kheir amb qu\u00e8 em rep quan torno. Detalls quotidians que curen les pitjors ferides i que m&#8217;han perm\u00e8s comen\u00e7ar de nou. Avui, per\u00f2, m&#8217;he vist embrollada en uns fets que mai no hauria imaginat i que poden canviar la meva vida. Uns fets que podrien modificar la manera com les dones i els homes es relacionen amb el seu D\u00e9u\u00bb. Aileen O&#8217;Neill, jove, atractiva, intel\u00b7ligent, advocada, \u00e9s una dona que fuig del seu passat fosc a Milwaukee i es refugia a Alexandria per escriure una novel\u00b7la, per\u00f2 l&#8217;assassinat del seu amic antiquari ho canviar\u00e0 tot. Amb el rerefons del conflicte al Pr\u00f2xim Orient i de la crisi de valors de l&#8217;Esgl\u00e9sia cat\u00f2lica, l&#8217;Aileen intentar\u00e0 recuperar el manuscrit que li havia estat robat al seu amic, posant en risc la seva vida. Un text presumptament d&#8217;Hip\u00e0tia que podria provar l&#8217;exist\u00e8ncia d&#8217;una conxorxa destinada a q\u00fcestionar la hist\u00f2ria del cristianisme. La policia eg\u00edpcia, el Mossad, la CIA i un grup ultracat\u00f2lic extremista s&#8217;involucraran en un thriller trepidant que des d&#8217;Alexandria i l&#8217;oasi de Siwa, fins a N\u00e0pols, Flor\u00e8ncia i Crac\u00f2via, arribar\u00e0 fins a les mateixes portes del Vatic\u00e0.<\/p>\n","protected":false},"excerpt":{"rendered":"<p>CLARET SERRA, ANDREU<\/p>\n","protected":false},"featured_media":218917,"template":"","meta":{"_acf_changed":false,"om_disable_all_campaigns":false,"rs_blank_template":"","rs_page_bg_color":"","slide_template_v7":"","inline_featured_image":false,"_monsterinsights_skip_tracking":false,"_monsterinsights_sitenote_active":false,"_monsterinsights_sitenote_note":"","_monsterinsights_sitenote_category":0},"product_brand":[],"product_cat":[87,353],"product_tag":[],"class_list":{"0":"post-218916","1":"product","2":"type-product","3":"status-publish","4":"has-post-thumbnail","6":"product_cat-literatura","7":"product_cat-literatura-2_humanidades","9":"first","10":"instock","11":"taxable","12":"shipping-taxable","13":"purchasable","14":"product-type-simple"},"acf":{"autor":"CLARET SERRA, ANDREU","codart":"846642195","libros-coleccion":"Cl\u00e0ssica","ediciones":"1","encuadernacion":"R\u00fastica","fecha_de_publicacion":"01\/01\/2017","novedad":"1","paginas":"451","subtitulo":"LA DONA QUE BUSCAVA LA VERITAT A ALEXANDRIA","orden":"0","portada":"0","idioma":"cat","editorial":[{"ID":6166,"post_author":"3","post_date":"2022-07-28 17:46:19","post_date_gmt":"2022-07-28 15:46:19","post_content":"","post_title":"Columna CAT","post_excerpt":"","post_status":"publish","comment_status":"closed","ping_status":"closed","post_password":"","post_name":"columna-cat","to_ping":"","pinged":"","post_modified":"2022-07-28 17:46:19","post_modified_gmt":"2022-07-28 15:46:19","post_content_filtered":"","post_parent":0,"guid":"http:\/\/dev.claret.cat\/editorial\/columna-cat\/","menu_order":0,"post_type":"editorial","post_mime_type":"","comment_count":"0","filter":"raw"}],"autores-libros":[{"ID":150288,"post_author":"3","post_date":"2022-10-14 14:31:45","post_date_gmt":"2022-10-14 12:31:45","post_content":"","post_title":"ANDREU CLARET SERRA","post_excerpt":"","post_status":"publish","comment_status":"closed","ping_status":"closed","post_password":"","post_name":"andreu-claret-serra","to_ping":"","pinged":"","post_modified":"2022-10-14 14:31:45","post_modified_gmt":"2022-10-14 12:31:45","post_content_filtered":"","post_parent":0,"guid":"http:\/\/dev.claret.cat\/autor\/andreu-claret-serra\/","menu_order":0,"post_type":"autor","post_mime_type":"","comment_count":"0","filter":"raw"}]},"aioseo_notices":[],"_links":{"self":[{"href":"https:\/\/www.claret.cat\/es\/wp-json\/wp\/v2\/product\/218916","targetHints":{"allow":["GET"]}}],"collection":[{"href":"https:\/\/www.claret.cat\/es\/wp-json\/wp\/v2\/product"}],"about":[{"href":"https:\/\/www.claret.cat\/es\/wp-json\/wp\/v2\/types\/product"}],"wp:featuredmedia":[{"embeddable":true,"href":"https:\/\/www.claret.cat\/es\/wp-json\/wp\/v2\/media\/218917"}],"wp:attachment":[{"href":"https:\/\/www.claret.cat\/es\/wp-json\/wp\/v2\/media?parent=218916"}],"wp:term":[{"taxonomy":"product_brand","embeddable":true,"href":"https:\/\/www.claret.cat\/es\/wp-json\/wp\/v2\/product_brand?post=218916"},{"taxonomy":"product_cat","embeddable":true,"href":"https:\/\/www.claret.cat\/es\/wp-json\/wp\/v2\/product_cat?post=218916"},{"taxonomy":"product_tag","embeddable":true,"href":"https:\/\/www.claret.cat\/es\/wp-json\/wp\/v2\/product_tag?post=218916"}],"curies":[{"name":"wp","href":"https:\/\/api.w.org\/{rel}","templated":true}]}}