{"id":218928,"date":"2022-10-20T15:00:45","date_gmt":"2022-10-20T13:00:45","guid":{"rendered":"http:\/\/dev.claret.cat\/producte\/selfis\/"},"modified":"2024-01-31T17:16:10","modified_gmt":"2024-01-31T16:16:10","slug":"selfis-9788466422048","status":"publish","type":"product","link":"https:\/\/www.claret.cat\/es\/libro\/selfis-9788466422048\/","title":{"rendered":"SELFIS"},"content":{"rendered":"<p>\u00abEm ratllo perqu\u00e8 la Llum no hi \u00e9s, a veure si ho pilleu!!! Que amb la Llum al Torri no es lo mismo, \u00a1\u00a1\u00a1joder!!! Que no va fer res, nom\u00e9s an\u00e0vem passats i cecs i moraos i va passar el que va passar, un puto accident. \u00c9s que ning\u00fa pensa creure-se-la? Seguirem per aqu\u00ed, parlant gavatxo i prenent batuts a la Disneylandia mora, i ning\u00fa no pensar\u00e0 en la pobra Llum?\u00bb.El sexe, les drogues, la immigraci\u00f3, la m\u00fasica, l&#8217;amistat, l&#8217;amor i la llengua s\u00f3n els fils que formen Selfis, una novel\u00b7la diferent, transgressora, vertebrada per missatges de m\u00f2bil, v\u00eddeos, correus, xarxes&#8230; amb un llenguatge propi, que autoretrata tota una generaci\u00f3.Apropeu-vos, la pol\u00e8mica est\u00e0 servida.<\/p>\n","protected":false},"excerpt":{"rendered":"<p>RUIZ GARZ\u00d3N, RICARD \/ EL KADAOUI MOUSSAOUI, SA\u00cfD<\/p>\n","protected":false},"featured_media":218929,"template":"","meta":{"_acf_changed":false,"om_disable_all_campaigns":false,"rs_blank_template":"","rs_page_bg_color":"","slide_template_v7":"","inline_featured_image":false,"_monsterinsights_skip_tracking":false,"_monsterinsights_sitenote_active":false,"_monsterinsights_sitenote_note":"","_monsterinsights_sitenote_category":0},"product_brand":[],"product_cat":[87,353],"product_tag":[],"class_list":{"0":"post-218928","1":"product","2":"type-product","3":"status-publish","4":"has-post-thumbnail","6":"product_cat-literatura","7":"product_cat-literatura-2_humanidades","9":"first","10":"instock","11":"taxable","12":"shipping-taxable","13":"purchasable","14":"product-type-simple"},"acf":{"autor":"RUIZ GARZ\u00d3N, RICARD \/ EL KADAOUI MOUSSAOUI, SA\u00cfD","codart":"846642204","libros-coleccion":"Cl\u00e0ssica","ediciones":"1","encuadernacion":"R\u00fastica","fecha_de_publicacion":"01\/01\/2017","novedad":"1","paginas":"219","subtitulo":"","orden":"0","portada":"0","idioma":"cat","editorial":[{"ID":6166,"post_author":"3","post_date":"2022-07-28 17:46:19","post_date_gmt":"2022-07-28 15:46:19","post_content":"","post_title":"Columna CAT","post_excerpt":"","post_status":"publish","comment_status":"closed","ping_status":"closed","post_password":"","post_name":"columna-cat","to_ping":"","pinged":"","post_modified":"2022-07-28 17:46:19","post_modified_gmt":"2022-07-28 15:46:19","post_content_filtered":"","post_parent":0,"guid":"http:\/\/dev.claret.cat\/editorial\/columna-cat\/","menu_order":0,"post_type":"editorial","post_mime_type":"","comment_count":"0","filter":"raw"}],"autores-libros":[{"ID":168032,"post_author":"3","post_date":"2022-10-14 18:15:58","post_date_gmt":"2022-10-14 16:15:58","post_content":"","post_title":"RICARD RUIZ GARZON","post_excerpt":"","post_status":"publish","comment_status":"closed","ping_status":"closed","post_password":"","post_name":"ricard-ruiz-garzon","to_ping":"","pinged":"","post_modified":"2022-10-14 18:15:58","post_modified_gmt":"2022-10-14 16:15:58","post_content_filtered":"","post_parent":0,"guid":"http:\/\/dev.claret.cat\/autor\/ricard-ruiz-garzon\/","menu_order":0,"post_type":"autor","post_mime_type":"","comment_count":"0","filter":"raw"},{"ID":428384,"post_author":"3","post_date":"2023-05-16 09:25:56","post_date_gmt":"2023-05-16 07:25:56","post_content":"","post_title":"SA\u00cfD EL KADAOUI MOUSSAOUI","post_excerpt":"","post_status":"publish","comment_status":"closed","ping_status":"closed","post_password":"","post_name":"said-el-kadaoui-moussaoui-2","to_ping":"","pinged":"","post_modified":"2023-05-16 09:25:56","post_modified_gmt":"2023-05-16 07:25:56","post_content_filtered":"","post_parent":0,"guid":"https:\/\/www.claret.cat\/autor\/said-el-kadaoui-moussaoui-2\/","menu_order":0,"post_type":"autor","post_mime_type":"","comment_count":"0","filter":"raw"}]},"aioseo_notices":[],"_links":{"self":[{"href":"https:\/\/www.claret.cat\/es\/wp-json\/wp\/v2\/product\/218928","targetHints":{"allow":["GET"]}}],"collection":[{"href":"https:\/\/www.claret.cat\/es\/wp-json\/wp\/v2\/product"}],"about":[{"href":"https:\/\/www.claret.cat\/es\/wp-json\/wp\/v2\/types\/product"}],"wp:featuredmedia":[{"embeddable":true,"href":"https:\/\/www.claret.cat\/es\/wp-json\/wp\/v2\/media\/218929"}],"wp:attachment":[{"href":"https:\/\/www.claret.cat\/es\/wp-json\/wp\/v2\/media?parent=218928"}],"wp:term":[{"taxonomy":"product_brand","embeddable":true,"href":"https:\/\/www.claret.cat\/es\/wp-json\/wp\/v2\/product_brand?post=218928"},{"taxonomy":"product_cat","embeddable":true,"href":"https:\/\/www.claret.cat\/es\/wp-json\/wp\/v2\/product_cat?post=218928"},{"taxonomy":"product_tag","embeddable":true,"href":"https:\/\/www.claret.cat\/es\/wp-json\/wp\/v2\/product_tag?post=218928"}],"curies":[{"name":"wp","href":"https:\/\/api.w.org\/{rel}","templated":true}]}}